{"id":9960,"date":"2023-11-06T16:59:27","date_gmt":"2023-11-06T15:59:27","guid":{"rendered":"https:\/\/handbag-sense.com\/product\/birkin-30-vencejo-negro\/"},"modified":"2025-06-20T15:57:21","modified_gmt":"2025-06-20T13:57:21","slug":"birkin-30-vencejo-negro","status":"publish","type":"product","link":"https:\/\/handbag-sense.com\/es\/producto\/birkin-30-vencejo-negro\/","title":{"rendered":"Birkin 30 Vencejo Negro"},"content":{"rendered":"<div class=\"c-columns-m-1 c-columns-2 c-columns-gap-s\">\n<div><strong>Material:<\/strong> Cuero Swift<br \/>\n<strong>Color:<\/strong> Negro<br \/>\n<strong>Elementos met\u00e1licos:<\/strong> Herrajes de oro<br \/>\n<strong>Material interior:<\/strong> Cuero<\/div>\n<div><strong>Grado: <\/strong> 3  <img decoding=\"async\" class=\"info_box alignnone size-medium wp-image-885\" title=\"Informaci\u00f3n\" role=\"img\" src=\"https:\/\/handbag-sense.com\/wp-content\/uploads\/2023\/05\/info_icon.svg\" alt=\"Cuadro de informaci\u00f3n\" width=\"15\" height=\"15\"><br \/>\n<strong>A\u00f1o de producci\u00f3n\/Sello:<\/strong> 2007\/K<br \/>\n<strong>Tama\u00f1o:<\/strong> 30 x 22 x 16 cm<br \/>\n<strong>Naviero:<\/strong> Mundial<\/div>\n<\/div>\n<p><strong>Incluye:<\/strong> Caja, bolsa para el polvo, clochette, cerradura, llaves<\/p>\n","protected":false},"excerpt":{"rendered":"<p><strong>Herm\u00e8s Birkin 30 Herrajes de Oro Negro<\/strong>. Este lujoso bolso Birkin 30 Black, confeccionado en cuero Swift de primera calidad en un elegante color negro, se complementa con impresionantes herrajes dorados. Icono atemporal en el mundo de los bolsos, el Birkin de Herm\u00e8s es sin\u00f3nimo de elegancia y sofisticaci\u00f3n desde hace d\u00e9cadas. Este <strong>Herm\u00e8s Birkin<\/strong> negro en particular solo ha tenido un uso m\u00ednimo y se mantiene en excelentes condiciones, con sellos protectores a\u00fan intactos en partes del hardware, un testimonio de su cuidadoso manejo. <span style=\"color: black;\"> Se incluye la bolsa para el polvo de Herm\u00e8s, un juego de llaves y la caja naranja<\/span><strong><br \/>\n  <span style=\"color: black;\">.<\/span><br \/>\n<\/strong><\/p>\n","protected":false},"featured_media":9964,"template":"","meta":[],"product_brand":[2433],"product_cat":[1813],"product_tag":[1899,1895,1897],"class_list":{"0":"post-9960","1":"product","2":"type-product","3":"status-publish","4":"has-post-thumbnail","6":"product_brand-hermes-es","7":"product_cat-bolso","8":"product_tag-birkin-30-negro","9":"product_tag-bolso-birkin-hermes","10":"product_tag-hermes-birkin-30-es","11":"pa_brand-hermes-es","12":"pa_color-negro","13":"pa_grade-grado-3","14":"pa_hermes-models-birkin-es","15":"pa_material-cuero","17":"first","18":"outofstock","19":"sold-individually","20":"product-type-simple"},"_links":{"self":[{"href":"https:\/\/handbag-sense.com\/es\/wp-json\/wp\/v2\/product\/9960","targetHints":{"allow":["GET"]}}],"collection":[{"href":"https:\/\/handbag-sense.com\/es\/wp-json\/wp\/v2\/product"}],"about":[{"href":"https:\/\/handbag-sense.com\/es\/wp-json\/wp\/v2\/types\/product"}],"wp:featuredmedia":[{"embeddable":true,"href":"https:\/\/handbag-sense.com\/es\/wp-json\/wp\/v2\/media\/9964"}],"wp:attachment":[{"href":"https:\/\/handbag-sense.com\/es\/wp-json\/wp\/v2\/media?parent=9960"}],"wp:term":[{"taxonomy":"product_brand","embeddable":true,"href":"https:\/\/handbag-sense.com\/es\/wp-json\/wp\/v2\/product_brand?post=9960"},{"taxonomy":"product_cat","embeddable":true,"href":"https:\/\/handbag-sense.com\/es\/wp-json\/wp\/v2\/product_cat?post=9960"},{"taxonomy":"product_tag","embeddable":true,"href":"https:\/\/handbag-sense.com\/es\/wp-json\/wp\/v2\/product_tag?post=9960"}],"curies":[{"name":"wp","href":"https:\/\/api.w.org\/{rel}","templated":true}]}}