{"id":9957,"date":"2023-10-08T14:50:46","date_gmt":"2023-10-08T12:50:46","guid":{"rendered":"https:\/\/handbag-sense.com\/product\/jypsiere-28-taurillon-clemence-beton\/"},"modified":"2025-06-20T16:03:39","modified_gmt":"2025-06-20T14:03:39","slug":"jypsiere-28-taurillon-clemence-beton","status":"publish","type":"product","link":"https:\/\/handbag-sense.com\/es\/producto\/jypsiere-28-taurillon-clemence-beton\/","title":{"rendered":"Jypsiere 28 Taurillon Clemence Beton"},"content":{"rendered":"<div class=\"c-columns-m-1 c-columns-2 c-columns-gap-s\">\n<div><strong>Material:<\/strong> Clemencia de Taurillon<br \/>\n<strong>Color:<\/strong> Beton<br \/>\n<strong>Elementos met\u00e1licos:<\/strong> Herrajes de paladio<br \/>\n<strong>Material interior:<\/strong> Cuero<\/div>\n<div><strong>Grado:<\/strong> 1  <img decoding=\"async\" class=\"info_box alignnone size-medium wp-image-885\" title=\"Informaci\u00f3n\" role=\"img\" src=\"https:\/\/handbag-sense.com\/wp-content\/uploads\/2023\/05\/info_icon.svg\" alt=\"Cuadro de informaci\u00f3n\" width=\"15\" height=\"15\"><br \/>\n<strong>A\u00f1o de producci\u00f3n\/Sello:<\/strong> 2022 \/ U<br \/>\n<strong>Medidas:<\/strong> 28 x 23,5 x 12,5 cm<br \/>\n<strong>Naviero:<\/strong> Mundial<\/div>\n<div><strong>Condici\u00f3n:<\/strong> Usado<\/div>\n<\/div>\n<p><strong>Incluye:<\/strong> Recibo original, bolsa guardapolvo, correa, fieltro, folleto, caja<\/p>\n","protected":false},"excerpt":{"rendered":"<p><strong>Herm\u00e8s Jypsiere 28 Taurillon Clemence Beton Palladium Herrajes<\/strong>. El Herm\u00e8s Jypsiere tiene costuras tonales, un cierre giratorio en el centro de la parte delantera y una correa ajustable para el hombro. El bolso tiene un gran compartimento principal, dos bolsillos abiertos y un bolsillo con cremallera. Se trata de un pr\u00e1ctico bolso de mano de Herm\u00e8s, ideal para los recados diarios. El <strong>Herm\u00e8s Jypsiere Beton<\/strong> es absolutamente nuevo, viene con una bolsa para el polvo, una caja Herm\u00e8s y la factura original de 2022.<\/p>\n","protected":false},"featured_media":9961,"template":"","meta":[],"product_brand":[2433],"product_cat":[1813],"product_tag":[],"class_list":{"0":"post-9957","1":"product","2":"type-product","3":"status-publish","4":"has-post-thumbnail","6":"product_brand-hermes-es","7":"product_cat-bolso","8":"pa_brand-hermes-es","9":"pa_color-gris","10":"pa_grade-grado-1","11":"pa_hermes-models-jypsiere-es","12":"pa_material-cuero","14":"first","15":"outofstock","16":"shipping-taxable","17":"product-type-simple"},"_links":{"self":[{"href":"https:\/\/handbag-sense.com\/es\/wp-json\/wp\/v2\/product\/9957","targetHints":{"allow":["GET"]}}],"collection":[{"href":"https:\/\/handbag-sense.com\/es\/wp-json\/wp\/v2\/product"}],"about":[{"href":"https:\/\/handbag-sense.com\/es\/wp-json\/wp\/v2\/types\/product"}],"wp:featuredmedia":[{"embeddable":true,"href":"https:\/\/handbag-sense.com\/es\/wp-json\/wp\/v2\/media\/9961"}],"wp:attachment":[{"href":"https:\/\/handbag-sense.com\/es\/wp-json\/wp\/v2\/media?parent=9957"}],"wp:term":[{"taxonomy":"product_brand","embeddable":true,"href":"https:\/\/handbag-sense.com\/es\/wp-json\/wp\/v2\/product_brand?post=9957"},{"taxonomy":"product_cat","embeddable":true,"href":"https:\/\/handbag-sense.com\/es\/wp-json\/wp\/v2\/product_cat?post=9957"},{"taxonomy":"product_tag","embeddable":true,"href":"https:\/\/handbag-sense.com\/es\/wp-json\/wp\/v2\/product_tag?post=9957"}],"curies":[{"name":"wp","href":"https:\/\/api.w.org\/{rel}","templated":true}]}}