{"id":9956,"date":"2023-10-09T15:36:37","date_gmt":"2023-10-09T13:36:37","guid":{"rendered":"https:\/\/handbag-sense.com\/product\/birkin-30-togo-gris-meyer\/"},"modified":"2025-06-20T16:02:58","modified_gmt":"2025-06-20T14:02:58","slug":"birkin-30-togo-gris-meyer","status":"publish","type":"product","link":"https:\/\/handbag-sense.com\/es\/producto\/birkin-30-togo-gris-meyer\/","title":{"rendered":"Birkin 30 Togo Gris Meyer"},"content":{"rendered":"<div class=\"c-columns-m-1 c-columns-2 c-columns-gap-s\">\n<div><strong>Material:<\/strong> Cuero Togo<br \/>\n<strong>Color:<\/strong> Gris Meyer<br \/>\n<strong>Elementos met\u00e1licos:<\/strong> Herrajes de oro<br \/>\n<strong>Material interior:<\/strong> Cuero<\/div>\n<div><strong>Grado: <\/strong> 1  <img decoding=\"async\" class=\"info_box alignnone size-medium wp-image-885\" title=\"Informaci\u00f3n\" role=\"img\" src=\"https:\/\/handbag-sense.com\/wp-content\/uploads\/2023\/05\/info_icon.svg\" alt=\"Cuadro de informaci\u00f3n\" width=\"15\" height=\"15\"><br \/>\n<strong>A\u00f1o de producci\u00f3n\/Sello:<\/strong> 2023 \/ B<br \/>\n<strong>Tama\u00f1o:<\/strong> 30 x 22 x 16 cm<br \/>\n<strong>Naviero:<\/strong> Mundial<\/div>\n<\/div>\n<p><strong>Incluye:<\/strong> Recibo original, bolsa guardapolvo, clochette, cerradura, llaves, impermeable, fieltro, folleto, caja<\/p>\n","protected":false},"excerpt":{"rendered":"<p><strong>Herm\u00e8s Birkin 30 Gris Meyer Herrajes Oro<\/strong>. Este bolso Birkin 30 est\u00e1 confeccionado en piel Togo en color Gris Meyer con herrajes dorados. El hermoso bolso Birkin de Herm\u00e8s es un icono absoluto entre los bolsos y ha sido sin\u00f3nimo de elegancia y clase durante d\u00e9cadas. El bolso <strong>Herm\u00e8s Birkin Gris Meyer <\/strong>es nuevo y nunca se ha usado, se incluye la factura original con fecha de 2023, un juego de llaves, una bolsa para el polvo y una caja Herm\u00e8s.<\/p>\n","protected":false},"featured_media":9970,"template":"","meta":[],"product_brand":[2433],"product_cat":[1813],"product_tag":[1905,1901,1895,1897],"class_list":{"0":"post-9956","1":"product","2":"type-product","3":"status-publish","4":"has-post-thumbnail","6":"product_brand-hermes-es","7":"product_cat-bolso","8":"product_tag-birkin-30-togo-es","9":"product_tag-birkin-gris-meyer-es","10":"product_tag-bolso-birkin-hermes","11":"product_tag-hermes-birkin-30-es","12":"pa_brand-hermes-es","13":"pa_color-gris","14":"pa_grade-grado-1","15":"pa_hermes-models-birkin-es","16":"pa_material-cuero","18":"first","19":"outofstock","20":"sold-individually","21":"product-type-simple"},"_links":{"self":[{"href":"https:\/\/handbag-sense.com\/es\/wp-json\/wp\/v2\/product\/9956","targetHints":{"allow":["GET"]}}],"collection":[{"href":"https:\/\/handbag-sense.com\/es\/wp-json\/wp\/v2\/product"}],"about":[{"href":"https:\/\/handbag-sense.com\/es\/wp-json\/wp\/v2\/types\/product"}],"wp:featuredmedia":[{"embeddable":true,"href":"https:\/\/handbag-sense.com\/es\/wp-json\/wp\/v2\/media\/9970"}],"wp:attachment":[{"href":"https:\/\/handbag-sense.com\/es\/wp-json\/wp\/v2\/media?parent=9956"}],"wp:term":[{"taxonomy":"product_brand","embeddable":true,"href":"https:\/\/handbag-sense.com\/es\/wp-json\/wp\/v2\/product_brand?post=9956"},{"taxonomy":"product_cat","embeddable":true,"href":"https:\/\/handbag-sense.com\/es\/wp-json\/wp\/v2\/product_cat?post=9956"},{"taxonomy":"product_tag","embeddable":true,"href":"https:\/\/handbag-sense.com\/es\/wp-json\/wp\/v2\/product_tag?post=9956"}],"curies":[{"name":"wp","href":"https:\/\/api.w.org\/{rel}","templated":true}]}}