{"id":9905,"date":"2023-10-07T13:39:02","date_gmt":"2023-10-07T11:39:02","guid":{"rendered":"https:\/\/handbag-sense.com\/product\/birkin-35-togo-azul-indigo\/"},"modified":"2025-06-20T16:05:26","modified_gmt":"2025-06-20T14:05:26","slug":"birkin-35-togo-azul-indigo","status":"publish","type":"product","link":"https:\/\/handbag-sense.com\/es\/producto\/birkin-35-togo-azul-indigo\/","title":{"rendered":"Birkin 35 Togo Azul \u00cdndigo"},"content":{"rendered":"<div class=\"c-columns-m-1 c-columns-2 c-columns-gap-s\">\n<div><strong>Material:<\/strong> Cuero Togo<br \/>\n<strong>Color:<\/strong> Azul \u00cdndigo<br \/>\n<strong>Elementos met\u00e1licos:<\/strong> Herrajes de paladio<br \/>\n<strong>Material interior:<\/strong> Cuero<\/div>\n<div><strong>Calificaci\u00f3n: <\/strong> 4  <img decoding=\"async\" class=\"info_box alignnone size-medium wp-image-885\" title=\"Informaci\u00f3n\" role=\"img\" src=\"https:\/\/handbag-sense.com\/wp-content\/uploads\/2023\/05\/info_icon.svg\" alt=\"Cuadro de informaci\u00f3n\" width=\"15\" height=\"15\"><br \/>\n<strong>A\u00f1o de producci\u00f3n\/Sello:<\/strong> 2001\/E<br \/>\n<strong>Tama\u00f1o:<\/strong> 35 x 25 x 18 cm<br \/>\n<strong>Naviero:<\/strong> Mundial<\/div>\n<\/div>\n<p><strong>Incluye:<\/strong> Bolsa guardapolvo, clochette, cerradura, llaves<\/p>\n","protected":false},"excerpt":{"rendered":"<p><strong>Herm\u00e8s Birkin 35 Togo Azul \u00cdndigo Palladium Herrajes<\/strong>. Eleva tu estilo con este ic\u00f3nico Birkin 35, hecho a mano con cuero Togo en el impresionante tono Blue Indigo, perfectamente complementado con elegantes herrajes Palladium. Este bolso cuenta con asas de cuero enrollado, una parte superior segura y un cierre de correa coronado con un refinado cierre giratorio de paladio. Reconocido por su versatilidad y amplitud, este bolso tan codiciado es ideal para diversas ocasiones, ya que se adapta sin esfuerzo a elementos esenciales como su computadora port\u00e1til, agenda y tel\u00e9fono, lo que lo convierte en el mejor compa\u00f1ero para entornos profesionales. En muy buenas condiciones, este Birkin presenta ara\u00f1azos m\u00ednimos en los herrajes, lo que indica un uso suave. Viene con la bolsa para el polvo de Herm\u00e8s. Este Birkin 35 Blue Indigo es m\u00e1s que un bolso de mano; Es una declaraci\u00f3n de gusto exquisito y lujo funcional.<\/p>\n","protected":false},"featured_media":9932,"template":"","meta":[],"product_brand":[2433],"product_cat":[1813],"product_tag":[1892,1893],"class_list":{"0":"post-9905","1":"product","2":"type-product","3":"status-publish","4":"has-post-thumbnail","6":"product_brand-hermes-es","7":"product_cat-bolso","8":"product_tag-birkin-35-togo-es","9":"product_tag-hermes-birkin-35-es","10":"pa_brand-hermes-es","11":"pa_color-negro","12":"pa_color-azul","13":"pa_grade-grado-4","14":"pa_hermes-models-birkin-es","15":"pa_material-cuero","17":"first","18":"outofstock","19":"shipping-taxable","20":"product-type-simple"},"_links":{"self":[{"href":"https:\/\/handbag-sense.com\/es\/wp-json\/wp\/v2\/product\/9905","targetHints":{"allow":["GET"]}}],"collection":[{"href":"https:\/\/handbag-sense.com\/es\/wp-json\/wp\/v2\/product"}],"about":[{"href":"https:\/\/handbag-sense.com\/es\/wp-json\/wp\/v2\/types\/product"}],"wp:featuredmedia":[{"embeddable":true,"href":"https:\/\/handbag-sense.com\/es\/wp-json\/wp\/v2\/media\/9932"}],"wp:attachment":[{"href":"https:\/\/handbag-sense.com\/es\/wp-json\/wp\/v2\/media?parent=9905"}],"wp:term":[{"taxonomy":"product_brand","embeddable":true,"href":"https:\/\/handbag-sense.com\/es\/wp-json\/wp\/v2\/product_brand?post=9905"},{"taxonomy":"product_cat","embeddable":true,"href":"https:\/\/handbag-sense.com\/es\/wp-json\/wp\/v2\/product_cat?post=9905"},{"taxonomy":"product_tag","embeddable":true,"href":"https:\/\/handbag-sense.com\/es\/wp-json\/wp\/v2\/product_tag?post=9905"}],"curies":[{"name":"wp","href":"https:\/\/api.w.org\/{rel}","templated":true}]}}