{"id":9904,"date":"2023-10-07T18:23:18","date_gmt":"2023-10-07T16:23:18","guid":{"rendered":"https:\/\/handbag-sense.com\/product\/rojo-dioniso\/"},"modified":"2025-06-20T16:05:06","modified_gmt":"2025-06-20T14:05:06","slug":"rojo-dioniso","status":"publish","type":"product","link":"https:\/\/handbag-sense.com\/es\/producto\/rojo-dioniso\/","title":{"rendered":"Rojo Dioniso"},"content":{"rendered":"<div class=\"c-columns-m-1 c-columns-2 c-columns-gap-s\">\n<div><strong>Material:<\/strong> Terciopelo \/ Cuero<br \/>\n<strong>Color:<\/strong> Rojo \/ Negro<br \/>\n<strong>Elementos met\u00e1licos:<\/strong> Herrajes plateados<\/div>\n<div><strong>Material interior:<\/strong> <strong>Piel<br \/>\nde ante Tama\u00f1o:<\/strong> 25 x 15 x 7 cm<br \/>\n<strong>Condici\u00f3n:<\/strong> Usado<\/div>\n<\/div>\n","protected":false},"excerpt":{"rendered":"<p><strong>GUCCI Dionisio rojo.<\/strong>  Bolso bandolera de terciopelo rojo Gucci Dionysus GG Monogram 100% aut\u00e9ntico. Este precioso bolso est\u00e1 confeccionado en terciopelo rojo GG Monogram con adornos de charol negro y herrajes met\u00e1licos plateados. El bolso presenta un exterior de terciopelo rojo con estampado GG en relieve beige, herrajes y correa de cadena en tono plateado, y cierre de cabeza de tigre en tono plateado con piedras. El interior est\u00e1 hecho de gamuza beige y una solapa de charol negro con un bolsillo abierto debajo. Este hermoso y elegante bolso de Gucci est\u00e1 en buenas condiciones usadas. Algunas manchas en el forro, ligeros signos de desgaste en las esquinas.<\/p>\n","protected":false},"featured_media":9922,"template":"","meta":[],"product_brand":[2430],"product_cat":[1838],"product_tag":[],"class_list":{"0":"post-9904","1":"product","2":"type-product","3":"status-publish","4":"has-post-thumbnail","6":"product_brand-gucci-es","7":"product_cat-bolso-de-noche","8":"pa_brand-gucci-es","9":"pa_color-negro","10":"pa_color-rojo","11":"pa_material-cuero","12":"pa_material-piel-de-ante","13":"pa_material-tejido","14":"pa_material-terciopelo","16":"first","17":"outofstock","18":"taxable","19":"shipping-taxable","20":"product-type-simple"},"_links":{"self":[{"href":"https:\/\/handbag-sense.com\/es\/wp-json\/wp\/v2\/product\/9904","targetHints":{"allow":["GET"]}}],"collection":[{"href":"https:\/\/handbag-sense.com\/es\/wp-json\/wp\/v2\/product"}],"about":[{"href":"https:\/\/handbag-sense.com\/es\/wp-json\/wp\/v2\/types\/product"}],"wp:featuredmedia":[{"embeddable":true,"href":"https:\/\/handbag-sense.com\/es\/wp-json\/wp\/v2\/media\/9922"}],"wp:attachment":[{"href":"https:\/\/handbag-sense.com\/es\/wp-json\/wp\/v2\/media?parent=9904"}],"wp:term":[{"taxonomy":"product_brand","embeddable":true,"href":"https:\/\/handbag-sense.com\/es\/wp-json\/wp\/v2\/product_brand?post=9904"},{"taxonomy":"product_cat","embeddable":true,"href":"https:\/\/handbag-sense.com\/es\/wp-json\/wp\/v2\/product_cat?post=9904"},{"taxonomy":"product_tag","embeddable":true,"href":"https:\/\/handbag-sense.com\/es\/wp-json\/wp\/v2\/product_tag?post=9904"}],"curies":[{"name":"wp","href":"https:\/\/api.w.org\/{rel}","templated":true}]}}