{"id":9903,"date":"2023-10-07T10:25:38","date_gmt":"2023-10-07T08:25:38","guid":{"rendered":"https:\/\/handbag-sense.com\/product\/jypsiere-34-togo-negro\/"},"modified":"2025-06-20T16:05:48","modified_gmt":"2025-06-20T14:05:48","slug":"jypsiere-34-togo-negro","status":"publish","type":"product","link":"https:\/\/handbag-sense.com\/es\/producto\/jypsiere-34-togo-negro\/","title":{"rendered":"Jypsiere 34 Togo Negro"},"content":{"rendered":"<div class=\"c-columns-m-1 c-columns-2 c-columns-gap-s\">\n<div><strong>Material:<\/strong> Cuero Togo<br \/>\n<strong>Color:<\/strong> Negro<br \/>\n<strong>Elementos met\u00e1licos:<\/strong> Herrajes de paladio<br \/>\n<strong>Material interior:<\/strong> Cuero<\/div>\n<div><strong>Calificaci\u00f3n:<\/strong> 4  <img decoding=\"async\" class=\"info_box alignnone size-medium wp-image-885\" title=\"Informaci\u00f3n\" role=\"img\" src=\"https:\/\/handbag-sense.com\/wp-content\/uploads\/2023\/05\/info_icon.svg\" alt=\"Cuadro de informaci\u00f3n\" width=\"15\" height=\"15\"><br \/>\n<strong>A\u00f1o de producci\u00f3n\/Sello:<\/strong> 2009 \/ M<br \/>\n<strong>Tama\u00f1o:<\/strong> 34 x 28 x 14 cm<br \/>\n<strong>Naviero:<\/strong> Mundial<\/div>\n<\/div>\n","protected":false},"excerpt":{"rendered":"<p><strong>Herm\u00e8s Jypsiere 34 Togo negro Palladium Herrajes.<\/strong>  Esta alforja Herm\u00e8s en color negro est\u00e1 fabricada en piel Togo con herrajes de paladio. El Jypsiere tiene costuras tonales, un cierre giratorio en el centro de la parte delantera y una c\u00f3moda correa ajustable para el hombro. El bolso tiene un gran compartimento principal, dos bolsillos abiertos y un bolsillo con cremallera. Se trata de un pr\u00e1ctico bolso de mano de Herm\u00e8s, \u00a1ideal para el d\u00eda a d\u00eda! Est\u00e1 en muy buen estado de uso con ligeros signos de desgaste en los herrajes, viene con bolsa para el polvo y caja Herm\u00e8s.<\/p>\n","protected":false},"featured_media":9923,"template":"","meta":[],"product_brand":[2433],"product_cat":[1813],"product_tag":[],"class_list":{"0":"post-9903","1":"product","2":"type-product","3":"status-publish","4":"has-post-thumbnail","6":"product_brand-hermes-es","7":"product_cat-bolso","8":"pa_brand-hermes-es","9":"pa_color-negro","10":"pa_grade-grado-4","11":"pa_hermes-models-jypsiere-es","12":"pa_material-cuero","14":"first","15":"outofstock","16":"shipping-taxable","17":"product-type-simple"},"_links":{"self":[{"href":"https:\/\/handbag-sense.com\/es\/wp-json\/wp\/v2\/product\/9903","targetHints":{"allow":["GET"]}}],"collection":[{"href":"https:\/\/handbag-sense.com\/es\/wp-json\/wp\/v2\/product"}],"about":[{"href":"https:\/\/handbag-sense.com\/es\/wp-json\/wp\/v2\/types\/product"}],"wp:featuredmedia":[{"embeddable":true,"href":"https:\/\/handbag-sense.com\/es\/wp-json\/wp\/v2\/media\/9923"}],"wp:attachment":[{"href":"https:\/\/handbag-sense.com\/es\/wp-json\/wp\/v2\/media?parent=9903"}],"wp:term":[{"taxonomy":"product_brand","embeddable":true,"href":"https:\/\/handbag-sense.com\/es\/wp-json\/wp\/v2\/product_brand?post=9903"},{"taxonomy":"product_cat","embeddable":true,"href":"https:\/\/handbag-sense.com\/es\/wp-json\/wp\/v2\/product_cat?post=9903"},{"taxonomy":"product_tag","embeddable":true,"href":"https:\/\/handbag-sense.com\/es\/wp-json\/wp\/v2\/product_tag?post=9903"}],"curies":[{"name":"wp","href":"https:\/\/api.w.org\/{rel}","templated":true}]}}