{"id":9902,"date":"2023-10-04T17:13:02","date_gmt":"2023-10-04T15:13:02","guid":{"rendered":"https:\/\/handbag-sense.com\/product\/constanza-18-epsom-rouge-h\/"},"modified":"2025-06-20T16:08:22","modified_gmt":"2025-06-20T14:08:22","slug":"hermes-constance-18-epsom-rouge-h","status":"publish","type":"product","link":"https:\/\/handbag-sense.com\/es\/producto\/hermes-constance-18-epsom-rouge-h\/","title":{"rendered":"Constance 18 Epsom Rouge H"},"content":{"rendered":"<div class=\"c-columns-m-1 c-columns-2 c-columns-gap-s\">\n<div><strong>Material:<\/strong> Cuero Epsom<br \/>\n<strong>Color:<\/strong> Rouge H<br \/>\n<strong>Elementos met\u00e1licos:<\/strong> Herrajes de oro<br \/>\n<strong>Material interior:<\/strong> Cuero<\/div>\n<div><strong>Grado: <\/strong>2 <img decoding=\"async\" class=\"info_box alignnone size-medium wp-image-885\" title=\"Informaci\u00f3n\" role=\"img\" src=\"https:\/\/handbag-sense.com\/wp-content\/uploads\/2023\/05\/info_icon.svg\" alt=\"Cuadro de informaci\u00f3n\" width=\"15\" height=\"15\" \/><br \/>\n<strong>A\u00f1o de producci\u00f3n\/Stzamp:<\/strong> 2015 \/ T<br \/>\n<strong>Tama\u00f1o:<\/strong> 18 x 15 x 4 cm<br \/>\n<strong>Naviero:<\/strong> Mundial<\/div>\n<\/div>\n<p><strong>Incluye:<\/strong> Bolsa para el polvo, fieltro, folleto, caja<\/p>\n","protected":false},"excerpt":{"rendered":"<p>El <strong>Herm\u00e8s Constance 18 Epsom Rouge H<\/strong> es un tesoro sin usar de la legendaria maison francesa. Este codiciado bolso muestra el rico color Rouge H \u2014un borgo\u00f1a profundo de Herm\u00e8s\u2014 elaborado en cuero Epsom resistente que mantiene estructura y resiste ara\u00f1azos. Los herrajes dorados, con el ic\u00f3nico cierre H, crean un elegante contraste con el tono profundo. Este Constance 18 Rouge H incluye bolsa guardapolvo original, fieltro protector y la caracter\u00edstica caja naranja de Herm\u00e8s.<\/p>\n<p>M\u00e1s all\u00e1 de su atractivo est\u00e9tico, este <strong>mini Constance<\/strong> ejemplifica la incomparable artesan\u00eda que define a Herm\u00e8s como una marca de lujo de primer nivel. Cada bolso requiere m\u00e1s de 14 horas de experto trabajo artesanal, con el ic\u00f3nico cierre H exigiendo por s\u00ed solo una precisi\u00f3n meticulosa. El cierre dorado <strong>H del Constance<\/strong> no es simplemente un mecanismo de cierre\u2014es un s\u00edmbolo de estatus reconocido mundialmente. Los 18cm de ancho del bolso proporcionan un equilibrio perfecto entre presencia distintiva y funcionalidad pr\u00e1ctica, mientras que la correa ajustable de cuero ofrece vers\u00e1tiles opciones de uso, desde el hombro hasta cruzado.<\/p>\n<p>El interior revela el compromiso de Herm\u00e8s con el dise\u00f1o reflexivo, con dos compartimentos y un bolsillo lateral que mejoran la organizaci\u00f3n sin comprometer la elegancia. Como una de las piezas de inversi\u00f3n de Herm\u00e8s, el Constance mantiene una retenci\u00f3n de valor excepcional y a menudo se aprecia con el tiempo. El Herm\u00e8s Constance 18 Epsom Rouge H representa no solo un impresionante accesorio sino una inversi\u00f3n patrimonial\u2014una obra maestra port\u00e1til que combina sofisticaci\u00f3n con innegable importancia hist\u00f3rica.<\/p>\n","protected":false},"featured_media":9916,"template":"","meta":[],"product_brand":[2433],"product_cat":[1813,1860,1838],"product_tag":[],"class_list":{"0":"post-9902","1":"product","2":"type-product","3":"status-publish","4":"has-post-thumbnail","6":"product_brand-hermes-es","7":"product_cat-bolso","8":"product_cat-bandolera","9":"product_cat-bolso-de-noche","10":"pa_brand-hermes-es","11":"pa_color-burdeos","12":"pa_color-rojo","13":"pa_grade-grado-2","14":"pa_hermes-models-constance-es","15":"pa_material-cuero","17":"first","18":"outofstock","19":"shipping-taxable","20":"product-type-simple"},"_links":{"self":[{"href":"https:\/\/handbag-sense.com\/es\/wp-json\/wp\/v2\/product\/9902","targetHints":{"allow":["GET"]}}],"collection":[{"href":"https:\/\/handbag-sense.com\/es\/wp-json\/wp\/v2\/product"}],"about":[{"href":"https:\/\/handbag-sense.com\/es\/wp-json\/wp\/v2\/types\/product"}],"wp:featuredmedia":[{"embeddable":true,"href":"https:\/\/handbag-sense.com\/es\/wp-json\/wp\/v2\/media\/9916"}],"wp:attachment":[{"href":"https:\/\/handbag-sense.com\/es\/wp-json\/wp\/v2\/media?parent=9902"}],"wp:term":[{"taxonomy":"product_brand","embeddable":true,"href":"https:\/\/handbag-sense.com\/es\/wp-json\/wp\/v2\/product_brand?post=9902"},{"taxonomy":"product_cat","embeddable":true,"href":"https:\/\/handbag-sense.com\/es\/wp-json\/wp\/v2\/product_cat?post=9902"},{"taxonomy":"product_tag","embeddable":true,"href":"https:\/\/handbag-sense.com\/es\/wp-json\/wp\/v2\/product_tag?post=9902"}],"curies":[{"name":"wp","href":"https:\/\/api.w.org\/{rel}","templated":true}]}}