{"id":9901,"date":"2023-10-06T17:06:30","date_gmt":"2023-10-06T15:06:30","guid":{"rendered":"https:\/\/handbag-sense.com\/product\/cartera-bearn-epsom-amarillo\/"},"modified":"2025-06-20T16:07:28","modified_gmt":"2025-06-20T14:07:28","slug":"cartera-bearn-epsom-amarillo","status":"publish","type":"product","link":"https:\/\/handbag-sense.com\/es\/producto\/cartera-bearn-epsom-amarillo\/","title":{"rendered":"Cartera Bearn Epsom Amarillo"},"content":{"rendered":"<div class=\"c-columns-m-1 c-columns-2 c-columns-gap-s\">\n<div><strong>Material:<\/strong> Cuero Epsom<br \/>\n<strong>Color:<\/strong> Amarillo<br \/>\n<strong>Elementos met\u00e1licos:<\/strong> Herrajes plateados<br \/>\n<strong>Material interior:<\/strong> Cuero<\/div>\n<div><strong>Grado: <\/strong> 5  <img decoding=\"async\" class=\"info_box alignnone size-medium wp-image-885\" title=\"Informaci\u00f3n\" role=\"img\" src=\"https:\/\/handbag-sense.com\/wp-content\/uploads\/2023\/05\/info_icon.svg\" alt=\"Cuadro de informaci\u00f3n\" width=\"15\" height=\"15\"><br \/>\n<strong>A\u00f1o de producci\u00f3n\/Sello:<\/strong> 2009 \/ M<br \/>\n<strong>Tama\u00f1o:<\/strong> 17,5 x 9 cm<br \/>\n<strong>Naviero:<\/strong> Mundial<\/div>\n<\/div>\n","protected":false},"excerpt":{"rendered":"<p><strong>Cartera Herm\u00e8s Bearn Epsom amarillo.<\/strong>  La cartera con bolsillo insertado en piel Epsom, cierre con cierre de paladio en \"H\". En el interior: un compartimento con cremallera para monedas peque\u00f1as, cinco ranuras para tarjetas de cr\u00e9dito y dos bolsillos planos. La cartera est\u00e1 en buen estado de uso, el cuero est\u00e1 ligeramente rayado. Sello M.<\/p>\n","protected":false},"featured_media":9914,"template":"","meta":[],"product_brand":[2433],"product_cat":[1888],"product_tag":[],"class_list":{"0":"post-9901","1":"product","2":"type-product","3":"status-publish","4":"has-post-thumbnail","6":"product_brand-hermes-es","7":"product_cat-maletin","9":"first","10":"instock","11":"shipping-taxable","12":"purchasable","13":"product-type-simple"},"_links":{"self":[{"href":"https:\/\/handbag-sense.com\/es\/wp-json\/wp\/v2\/product\/9901","targetHints":{"allow":["GET"]}}],"collection":[{"href":"https:\/\/handbag-sense.com\/es\/wp-json\/wp\/v2\/product"}],"about":[{"href":"https:\/\/handbag-sense.com\/es\/wp-json\/wp\/v2\/types\/product"}],"wp:featuredmedia":[{"embeddable":true,"href":"https:\/\/handbag-sense.com\/es\/wp-json\/wp\/v2\/media\/9914"}],"wp:attachment":[{"href":"https:\/\/handbag-sense.com\/es\/wp-json\/wp\/v2\/media?parent=9901"}],"wp:term":[{"taxonomy":"product_brand","embeddable":true,"href":"https:\/\/handbag-sense.com\/es\/wp-json\/wp\/v2\/product_brand?post=9901"},{"taxonomy":"product_cat","embeddable":true,"href":"https:\/\/handbag-sense.com\/es\/wp-json\/wp\/v2\/product_cat?post=9901"},{"taxonomy":"product_tag","embeddable":true,"href":"https:\/\/handbag-sense.com\/es\/wp-json\/wp\/v2\/product_tag?post=9901"}],"curies":[{"name":"wp","href":"https:\/\/api.w.org\/{rel}","templated":true}]}}