{"id":9839,"date":"2023-10-06T11:08:12","date_gmt":"2023-10-06T09:08:12","guid":{"rendered":"https:\/\/handbag-sense.com\/product\/19-bolso-grande-con-solapa-negro\/"},"modified":"2025-06-20T16:07:51","modified_gmt":"2025-06-20T14:07:51","slug":"19-bolso-grande-con-solapa-negro","status":"publish","type":"product","link":"https:\/\/handbag-sense.com\/es\/producto\/19-bolso-grande-con-solapa-negro\/","title":{"rendered":"19 Bolso Grande con Solapa Negro"},"content":{"rendered":"<div class=\"c-columns-m-1 c-columns-2 c-columns-gap-s\">\n<div><strong>Material:<\/strong> Cordero<br \/>\n<strong>Color:<\/strong> Negro<br \/>\n<strong>Elementos met\u00e1licos:<\/strong> Herrajes de 3 colores<br \/>\n<strong>Material interior:<\/strong> Forro textil rojo<\/div>\n<div><strong>Calificaci\u00f3n: <\/strong> 3\/4  <img decoding=\"async\" class=\"info_box alignnone size-medium wp-image-885\" title=\"Informaci\u00f3n\" role=\"img\" src=\"https:\/\/handbag-sense.com\/wp-content\/uploads\/2023\/05\/info_icon.svg\" alt=\"Cuadro de informaci\u00f3n\" width=\"15\" height=\"15\"><br \/>\n<strong>A\u00f1o de producci\u00f3n\/carta:<\/strong> 2020, a partir de 305...<br \/>\n<strong>Tama\u00f1o:<\/strong> 30 x 20 x 10 cm<\/div>\n<div><strong>Condici\u00f3n:<\/strong> Usado<\/div>\n<\/div>\n<p><strong>Incluye:<\/strong> Bolsa para el polvo, caja<\/p>\n","protected":false},"excerpt":{"rendered":"<p><strong>Bolso Chanel 19 grande con solapa negro.<\/strong>  El Chanel 19 es un Chanel cl\u00e1sico y atemporal. Este bolso es ideal para cualquier ocasi\u00f3n y tiene espacio suficiente para todo, es perfecto para los d\u00edas de compras o para la noche. El bolso con solapa Chanel 19 est\u00e1 hecho de piel de cordero en color negro, cuenta con correas de cadena en metal de color dorado, plateado y rutenio, cierre CC en metal de color dorado. La bolsa se divide en un compartimento principal y un compartimento con cremallera. Hay otro bolsillo de parche en la parte posterior de la bolsa. El forro interior es de tela en color rojo. El bolso se puede llevar colgado del hombro, as\u00ed como cruzado. Un bolso c\u00f3modo y elegante que es uno de los cl\u00e1sicos populares de Chanel. El bolso rara vez se us\u00f3, por lo tanto est\u00e1 en muy buenas condiciones, viene con la bolsa para el polvo y la caja Chanel.<\/p>\n","protected":false},"featured_media":9878,"template":"","meta":[],"product_brand":[2418],"product_cat":[1813],"product_tag":[],"class_list":{"0":"post-9839","1":"product","2":"type-product","3":"status-publish","4":"has-post-thumbnail","6":"product_brand-chanel-es","7":"product_cat-bolso","8":"pa_brand-chanel-es","9":"pa_chanel-models-chanel-19-es","10":"pa_color-negro","11":"pa_grade-grado-4","12":"pa_material-cuero","14":"first","15":"outofstock","16":"shipping-taxable","17":"product-type-simple"},"_links":{"self":[{"href":"https:\/\/handbag-sense.com\/es\/wp-json\/wp\/v2\/product\/9839","targetHints":{"allow":["GET"]}}],"collection":[{"href":"https:\/\/handbag-sense.com\/es\/wp-json\/wp\/v2\/product"}],"about":[{"href":"https:\/\/handbag-sense.com\/es\/wp-json\/wp\/v2\/types\/product"}],"wp:featuredmedia":[{"embeddable":true,"href":"https:\/\/handbag-sense.com\/es\/wp-json\/wp\/v2\/media\/9878"}],"wp:attachment":[{"href":"https:\/\/handbag-sense.com\/es\/wp-json\/wp\/v2\/media?parent=9839"}],"wp:term":[{"taxonomy":"product_brand","embeddable":true,"href":"https:\/\/handbag-sense.com\/es\/wp-json\/wp\/v2\/product_brand?post=9839"},{"taxonomy":"product_cat","embeddable":true,"href":"https:\/\/handbag-sense.com\/es\/wp-json\/wp\/v2\/product_cat?post=9839"},{"taxonomy":"product_tag","embeddable":true,"href":"https:\/\/handbag-sense.com\/es\/wp-json\/wp\/v2\/product_tag?post=9839"}],"curies":[{"name":"wp","href":"https:\/\/api.w.org\/{rel}","templated":true}]}}