{"id":9837,"date":"2023-10-06T19:40:18","date_gmt":"2023-10-06T17:40:18","guid":{"rendered":"https:\/\/handbag-sense.com\/product\/kelly-mini-alligator-matte-vert-deau-gris-perle\/"},"modified":"2025-06-20T16:07:16","modified_gmt":"2025-06-20T14:07:16","slug":"kelly-mini-alligator-matte-vert-deau-gris-perle","status":"publish","type":"product","link":"https:\/\/handbag-sense.com\/es\/producto\/kelly-mini-alligator-matte-vert-deau-gris-perle\/","title":{"rendered":"Kelly Mini Alligator Matte Vert d'Eau \/ Gris Perle"},"content":{"rendered":"<div class=\"c-columns-m-1 c-columns-2 c-columns-gap-s\">\n<div><strong>Material:<\/strong> Cocodrilo mate<br \/>\n<strong>Color:<\/strong> Vert d'Eau \/ Gris Perle<br \/>\n<strong>Elementos met\u00e1licos:<\/strong> Herrajes de oro<br \/>\n<strong>Material interior:<\/strong> Cuero<\/div>\n<div><strong>Grado:<\/strong> 1  <img decoding=\"async\" class=\"info_box alignnone size-medium wp-image-885\" title=\"Informaci\u00f3n\" role=\"img\" src=\"https:\/\/handbag-sense.com\/wp-content\/uploads\/2023\/05\/info_icon.svg\" alt=\"Cuadro de informaci\u00f3n\" width=\"15\" height=\"15\"><br \/>\n<strong>A\u00f1o de producci\u00f3n\/Sello:<\/strong> 2023 \/ B<br \/>\n<strong>Tama\u00f1o:<\/strong> 20 x 12 x 6 cm<br \/>\n<strong>Naviero:<\/strong> Mundial<\/div>\n<\/div>\n<p><strong>Incluye:<\/strong> Recibo original, citas, bolsa guardapolvo, correa, fieltro, cuadernillo, caja<\/p>\n","protected":false},"excerpt":{"rendered":"<p><strong>Herm\u00e8s Kelly Mini Alligator Matte Vert d'Eau \/ Gris Perle Gold Hardware.<\/strong> Descubre el m\u00e1ximo lujo con el <strong>sello de herradura Mini Kelly <\/strong>, elaborado artesanalmente con una exquisita piel de cocodrilo en los colores Vert d'Eau y Gris Perle. La combinaci\u00f3n de Vert d'Eau y Gris Perle le da a este <strong>bolso Herm\u00e8s Mini Kelly<\/strong> un toque moderno, mientras que la forma ic\u00f3nica y el cierre dorado conservan un encanto atemporal. Conquista el mundo de la moda con el <strong>Herm\u00e8s Mini Kelly<\/strong>, el ep\u00edtome del estilo y la clase. Ya sea para ocasiones especiales o como compa\u00f1ero diario, este bolso hace una declaraci\u00f3n que no se puede pasar por alto. Un <strong>Herm\u00e8s Kelly <\/strong><strong>de colecci\u00f3n de 20 cm<\/strong> verdaderamente especial, disponible solo por pedido especial, un privilegio reservado a los clientes VIP. \u00a1Hazte con tu <strong>Herm\u00e8s 20 Kelly<\/strong> y sum\u00e9rgete en el mundo del lujo y la elegancia!<\/p>\n","protected":false},"featured_media":9879,"template":"","meta":[],"product_brand":[2433],"product_cat":[1813,1818,1840,1838],"product_tag":[1870,1884,1882,1881],"class_list":{"0":"post-9837","1":"product","2":"type-product","3":"status-publish","4":"has-post-thumbnail","6":"product_brand-hermes-es","7":"product_cat-bolso","8":"product_cat-bolso-pequeno","9":"product_cat-clutch-pochette","10":"product_cat-bolso-de-noche","11":"product_tag-hermes-kelly-mini-es","12":"product_tag-kelly-mini-bicolor","13":"product_tag-kelly-mini-caiman","14":"product_tag-kelly-mini-hss-es","15":"pa_brand-hermes-es","16":"pa_color-verde","17":"pa_color-gris","18":"pa_grade-grado-1","19":"pa_hermes-models-kelly-es","20":"pa_material-cuero","21":"pa_material-cuero-exotico","23":"first","24":"outofstock","25":"shipping-taxable","26":"product-type-simple"},"_links":{"self":[{"href":"https:\/\/handbag-sense.com\/es\/wp-json\/wp\/v2\/product\/9837","targetHints":{"allow":["GET"]}}],"collection":[{"href":"https:\/\/handbag-sense.com\/es\/wp-json\/wp\/v2\/product"}],"about":[{"href":"https:\/\/handbag-sense.com\/es\/wp-json\/wp\/v2\/types\/product"}],"wp:featuredmedia":[{"embeddable":true,"href":"https:\/\/handbag-sense.com\/es\/wp-json\/wp\/v2\/media\/9879"}],"wp:attachment":[{"href":"https:\/\/handbag-sense.com\/es\/wp-json\/wp\/v2\/media?parent=9837"}],"wp:term":[{"taxonomy":"product_brand","embeddable":true,"href":"https:\/\/handbag-sense.com\/es\/wp-json\/wp\/v2\/product_brand?post=9837"},{"taxonomy":"product_cat","embeddable":true,"href":"https:\/\/handbag-sense.com\/es\/wp-json\/wp\/v2\/product_cat?post=9837"},{"taxonomy":"product_tag","embeddable":true,"href":"https:\/\/handbag-sense.com\/es\/wp-json\/wp\/v2\/product_tag?post=9837"}],"curies":[{"name":"wp","href":"https:\/\/api.w.org\/{rel}","templated":true}]}}