{"id":9835,"date":"2023-10-04T16:56:40","date_gmt":"2023-10-04T14:56:40","guid":{"rendered":"https:\/\/handbag-sense.com\/product\/constanza-18-anemona-veloz\/"},"modified":"2026-03-24T17:48:46","modified_gmt":"2026-03-24T16:48:46","slug":"hermes-constance-18-anemona-swift","status":"publish","type":"product","link":"https:\/\/handbag-sense.com\/es\/producto\/hermes-constance-18-anemona-swift\/","title":{"rendered":"Constance 18 An\u00e9mona Swift"},"content":{"rendered":"<div class=\"c-columns-m-1 c-columns-2 c-columns-gap-s\">\n<div><strong>Material:<\/strong> Cuero Swift<br \/>\n<strong>Color:<\/strong> An\u00e9mona<br \/>\n<strong>Elementos met\u00e1licos:<\/strong> Herrajes de paladio<br \/>\n<strong>Material interior:<\/strong> Cuero<\/div>\n<div><strong>Grado: <\/strong>2 <img decoding=\"async\" class=\"info_box alignnone size-medium wp-image-885\" title=\"Informaci\u00f3n\" role=\"img\" src=\"https:\/\/handbag-sense.com\/wp-content\/uploads\/2023\/05\/info_icon.svg\" alt=\"Cuadro de informaci\u00f3n\" width=\"15\" height=\"15\" \/><br \/>\n<strong>A\u00f1o de producci\u00f3n\/Sello:<\/strong> 2015 \/ R<br \/>\n<strong>Tama\u00f1o:<\/strong> 18 x 15 x 4 cm<br \/>\n<strong>Naviero:<\/strong> Mundial<\/div>\n<\/div>\n<p><strong>Incluye:<\/strong> Recibo original, bolsa guardapolvo, cuadernillo, caja<\/p>\n","protected":false},"excerpt":{"rendered":"<p><strong>Herm\u00e8s Constance 18 An\u00e9mona Swift con Herrajes de Paladio - Como Nueva<\/strong><\/p>\n<p>Este mini Constance est\u00e1 confeccionado en piel Swift de color an\u00e9mona y cuenta con herrajes de paladio. El bolso tiene un cierre met\u00e1lico en forma de \"H\" y una correa para el hombro. El interior est\u00e1 forrado en cuero y dividido en dos compartimentos, con un bolsillo lateral en la pared trasera. La bolsa est\u00e1 en un estado sin usar. La bolsa viene con la bolsa guardapolvo, la caja Herm\u00e8s y el recibo original de Herm\u00e8s de 2015.<\/p>\n","protected":false},"featured_media":9846,"template":"","meta":[],"product_brand":[2433],"product_cat":[1813,1838],"product_tag":[],"class_list":{"0":"post-9835","1":"product","2":"type-product","3":"status-publish","4":"has-post-thumbnail","6":"product_brand-hermes-es","7":"product_cat-bolso","8":"product_cat-bolso-de-noche","9":"pa_brand-hermes-es","10":"pa_color-violeta","11":"pa_grade-grado-1","12":"pa_hermes-models-constance-es","13":"pa_material-cuero","15":"first","16":"instock","17":"shipping-taxable","18":"purchasable","19":"product-type-simple"},"_links":{"self":[{"href":"https:\/\/handbag-sense.com\/es\/wp-json\/wp\/v2\/product\/9835","targetHints":{"allow":["GET"]}}],"collection":[{"href":"https:\/\/handbag-sense.com\/es\/wp-json\/wp\/v2\/product"}],"about":[{"href":"https:\/\/handbag-sense.com\/es\/wp-json\/wp\/v2\/types\/product"}],"wp:featuredmedia":[{"embeddable":true,"href":"https:\/\/handbag-sense.com\/es\/wp-json\/wp\/v2\/media\/9846"}],"wp:attachment":[{"href":"https:\/\/handbag-sense.com\/es\/wp-json\/wp\/v2\/media?parent=9835"}],"wp:term":[{"taxonomy":"product_brand","embeddable":true,"href":"https:\/\/handbag-sense.com\/es\/wp-json\/wp\/v2\/product_brand?post=9835"},{"taxonomy":"product_cat","embeddable":true,"href":"https:\/\/handbag-sense.com\/es\/wp-json\/wp\/v2\/product_cat?post=9835"},{"taxonomy":"product_tag","embeddable":true,"href":"https:\/\/handbag-sense.com\/es\/wp-json\/wp\/v2\/product_tag?post=9835"}],"curies":[{"name":"wp","href":"https:\/\/api.w.org\/{rel}","templated":true}]}}