{"id":9833,"date":"2023-10-06T23:54:21","date_gmt":"2023-10-06T21:54:21","guid":{"rendered":"https:\/\/handbag-sense.com\/product\/kelly-28-epsom-sellier-oro\/"},"modified":"2025-06-20T16:05:55","modified_gmt":"2025-06-20T14:05:55","slug":"kelly-28-epsom-sellier-oro","status":"publish","type":"product","link":"https:\/\/handbag-sense.com\/es\/producto\/kelly-28-epsom-sellier-oro\/","title":{"rendered":"Kelly 28 Epsom Sellier Oro"},"content":{"rendered":"<div class=\"c-columns-m-1 c-columns-2 c-columns-gap-s\">\n<div><strong>Material:<\/strong> Cuero Epsom<br \/>\n<strong>Color:<\/strong> Oro<br \/>\n<strong>Elementos met\u00e1licos:<\/strong> Herrajes de oro<br \/>\n<strong>Material interior:<\/strong> Cuero<\/div>\n<div><strong>Grado: <\/strong> 3  <img decoding=\"async\" class=\"info_box alignnone size-medium wp-image-885\" title=\"Informaci\u00f3n\" role=\"img\" src=\"https:\/\/handbag-sense.com\/wp-content\/uploads\/2023\/05\/info_icon.svg\" alt=\"Cuadro de informaci\u00f3n\" width=\"15\" height=\"15\"><br \/>\n<strong>A\u00f1o de producci\u00f3n\/Sello:<\/strong> 2021 \/ Z<br \/>\n<strong>Tama\u00f1o:<\/strong> 28 x 20 x 10 cm<br \/>\n<strong>Naviero:<\/strong> Mundial<\/div>\n<\/div>\n<p><strong>Incluye:<\/strong> Recibo original, bolsa guardapolvo, correa, clochette, cerradura, llaves, impermeable, fieltro, folleto, caja<\/p>\n","protected":false},"excerpt":{"rendered":"<p><strong>Herm\u00e8s Kelly 28 Epsom Sellier Gold Herrajes<\/strong>. Este bolso Kelly Sellier en color dorado est\u00e1 hecho de cuero Epsom duradero con herrajes dorados. Se incluye una cerradura, dos llaves, la correa original, la bolsa guardapolvo original, la caja Herm\u00e8s y la factura original de 2021. Tambi\u00e9n se puede llevar maravillosamente como bandolera. El bolso Kelly de Herm\u00e8s es un icono absoluto entre los bolsos y ha sido sin\u00f3nimo de elegancia y clase durante d\u00e9cadas. El bolso Kelly se us\u00f3 rara vez y con cuidado y est\u00e1 en muy buenas condiciones.<\/p>\n","protected":false},"featured_media":9849,"template":"","meta":[],"product_brand":[2433],"product_cat":[1813],"product_tag":[],"class_list":{"0":"post-9833","1":"product","2":"type-product","3":"status-publish","4":"has-post-thumbnail","6":"product_brand-hermes-es","7":"product_cat-bolso","8":"pa_brand-hermes-es","9":"pa_color-oro","10":"pa_grade-grado-3","11":"pa_hermes-models-kelly-es","12":"pa_material-cuero","14":"first","15":"outofstock","16":"shipping-taxable","17":"product-type-simple"},"_links":{"self":[{"href":"https:\/\/handbag-sense.com\/es\/wp-json\/wp\/v2\/product\/9833","targetHints":{"allow":["GET"]}}],"collection":[{"href":"https:\/\/handbag-sense.com\/es\/wp-json\/wp\/v2\/product"}],"about":[{"href":"https:\/\/handbag-sense.com\/es\/wp-json\/wp\/v2\/types\/product"}],"wp:featuredmedia":[{"embeddable":true,"href":"https:\/\/handbag-sense.com\/es\/wp-json\/wp\/v2\/media\/9849"}],"wp:attachment":[{"href":"https:\/\/handbag-sense.com\/es\/wp-json\/wp\/v2\/media?parent=9833"}],"wp:term":[{"taxonomy":"product_brand","embeddable":true,"href":"https:\/\/handbag-sense.com\/es\/wp-json\/wp\/v2\/product_brand?post=9833"},{"taxonomy":"product_cat","embeddable":true,"href":"https:\/\/handbag-sense.com\/es\/wp-json\/wp\/v2\/product_cat?post=9833"},{"taxonomy":"product_tag","embeddable":true,"href":"https:\/\/handbag-sense.com\/es\/wp-json\/wp\/v2\/product_tag?post=9833"}],"curies":[{"name":"wp","href":"https:\/\/api.w.org\/{rel}","templated":true}]}}