{"id":9832,"date":"2023-10-05T00:00:58","date_gmt":"2023-10-04T22:00:58","guid":{"rendered":"https:\/\/handbag-sense.com\/product\/bolso-nino-pequeno-multicolor\/"},"modified":"2025-06-20T16:08:06","modified_gmt":"2025-06-20T14:08:06","slug":"bolso-nino-pequeno-multicolor","status":"publish","type":"product","link":"https:\/\/handbag-sense.com\/es\/producto\/bolso-nino-pequeno-multicolor\/","title":{"rendered":"Bolso Ni\u00f1o Peque\u00f1o Multicolor"},"content":{"rendered":"<div class=\"c-columns-m-1 c-columns-2 c-columns-gap-s\">\n<div><strong>Material:<\/strong> Tweed \/ L<label class=\"selectit\">eather<\/label><br \/>\n<strong>Color:<\/strong> Multicolor \/ Negro<br \/>\n<strong>Elementos met\u00e1licos:<\/strong> Herrajes de rutenio<br \/>\n<strong>Material interior:<\/strong> Forro textil<\/div>\n<div><strong>Calificaci\u00f3n: <\/strong> 4  <img decoding=\"async\" class=\"info_box alignnone size-medium wp-image-885\" title=\"Informaci\u00f3n\" role=\"img\" src=\"https:\/\/handbag-sense.com\/wp-content\/uploads\/2023\/05\/info_icon.svg\" alt=\"Cuadro de informaci\u00f3n\" width=\"15\" height=\"15\"><br \/>\n<strong>A\u00f1o de producci\u00f3n\/carta:<\/strong> 2015, comienza con 204...<br \/>\n<strong>Tama\u00f1o:<\/strong> 20 x 12 x 6 cm<\/div>\n<div><strong>Condici\u00f3n:<\/strong> Usado<\/div>\n<\/div>\n<p><strong>Incluye:<\/strong> Tarjeta de autenticidad, bolsa para el polvo<\/p>\n","protected":false},"excerpt":{"rendered":"<p><strong>Chanel Boy Bag peque\u00f1o multicolor.<\/strong>  Este bolso de ensue\u00f1o es uno de los cl\u00e1sicos de CHANEL, lo que lo convierte en un compa\u00f1ero atemporal y siempre buscado para el d\u00eda a d\u00eda. Chanel Boy Bag Small est\u00e1 confeccionado en tweed multicolor y piel en color negro, combinado con una cadena con acabado en rutenio y ajustable en longitud para que el bolso se pueda llevar largo o corto al hombro. El interior del bolso est\u00e1 dividido en un gran compartimento principal y un bolsillo. La bolsa se cierra con el t\u00edpico CC-Boy Push Lock. El bolso <strong>Chanel Boy Small <\/strong>est\u00e1 en muy buen estado. El bolso viene con la tarjeta de autenticidad y la bolsa guardapolvo de Chanel.<\/p>\n","protected":false},"featured_media":9840,"template":"","meta":[],"product_brand":[2418],"product_cat":[1813,1818,1840],"product_tag":[],"class_list":{"0":"post-9832","1":"product","2":"type-product","3":"status-publish","4":"has-post-thumbnail","6":"product_brand-chanel-es","7":"product_cat-bolso","8":"product_cat-bolso-pequeno","9":"product_cat-clutch-pochette","10":"pa_brand-chanel-es","11":"pa_chanel-models-boy-bag-es","12":"pa_color-negro","13":"pa_color-multicolor","14":"pa_grade-grado-4","15":"pa_material-cuero","16":"pa_material-tweed-es","17":"pa_material-seda","19":"first","20":"outofstock","21":"taxable","22":"shipping-taxable","23":"product-type-simple"},"_links":{"self":[{"href":"https:\/\/handbag-sense.com\/es\/wp-json\/wp\/v2\/product\/9832","targetHints":{"allow":["GET"]}}],"collection":[{"href":"https:\/\/handbag-sense.com\/es\/wp-json\/wp\/v2\/product"}],"about":[{"href":"https:\/\/handbag-sense.com\/es\/wp-json\/wp\/v2\/types\/product"}],"wp:featuredmedia":[{"embeddable":true,"href":"https:\/\/handbag-sense.com\/es\/wp-json\/wp\/v2\/media\/9840"}],"wp:attachment":[{"href":"https:\/\/handbag-sense.com\/es\/wp-json\/wp\/v2\/media?parent=9832"}],"wp:term":[{"taxonomy":"product_brand","embeddable":true,"href":"https:\/\/handbag-sense.com\/es\/wp-json\/wp\/v2\/product_brand?post=9832"},{"taxonomy":"product_cat","embeddable":true,"href":"https:\/\/handbag-sense.com\/es\/wp-json\/wp\/v2\/product_cat?post=9832"},{"taxonomy":"product_tag","embeddable":true,"href":"https:\/\/handbag-sense.com\/es\/wp-json\/wp\/v2\/product_tag?post=9832"}],"curies":[{"name":"wp","href":"https:\/\/api.w.org\/{rel}","templated":true}]}}