{"id":9785,"date":"2023-10-04T14:32:02","date_gmt":"2023-10-04T12:32:02","guid":{"rendered":"https:\/\/handbag-sense.com\/product\/kelly-25-cocodrilo-mimosa-brillante\/"},"modified":"2025-06-20T16:08:31","modified_gmt":"2025-06-20T14:08:31","slug":"kelly-25-cocodrilo-mimosa-brillante","status":"publish","type":"product","link":"https:\/\/handbag-sense.com\/es\/producto\/kelly-25-cocodrilo-mimosa-brillante\/","title":{"rendered":"Kelly 25 Cocodrilo Mimosa Brillante"},"content":{"rendered":"<div class=\"c-columns-m-1 c-columns-2 c-columns-gap-s\">\n<div><strong>Material:<\/strong> Piel de cocodrilo<br \/>\n<strong>Color:<\/strong> Mimosa<br \/>\n<strong>Elementos met\u00e1licos:<\/strong> Herrajes de paladio<br \/>\n<strong>Material interior:<\/strong> Cuero<\/div>\n<div><strong>Grado:<\/strong> 1  <img decoding=\"async\" class=\"info_box alignnone size-medium wp-image-885\" title=\"Informaci\u00f3n\" role=\"img\" src=\"https:\/\/handbag-sense.com\/wp-content\/uploads\/2023\/05\/info_icon.svg\" alt=\"Cuadro de informaci\u00f3n\" width=\"15\" height=\"15\"><br \/>\n<strong>A\u00f1o de producci\u00f3n\/Sello:<\/strong> 2022 \/ U<br \/>\n<strong>Tama\u00f1o:<\/strong> 25 x 19 x 9 cm<br \/>\n<strong>Naviero:<\/strong> Mundial<\/div>\n<div><strong>Condici\u00f3n:<\/strong> Usado<\/div>\n<\/div>\n<p><strong>Incluye:<\/strong> Recibo original, certificado Cites, bolsa guardapolvo, correa, clochette, cerradura, llaves, impermeable, fieltro, folleto, caja<\/p>\n","protected":false},"excerpt":{"rendered":"<p><strong>Kelly 25 Alligator Shiny Mimosa Palladium Herrajes.<\/strong> Sum\u00e9rgete en el mundo de la exclusividad con el raro <strong>Herm\u00e8s Alligator Kelly 25<\/strong> en el encantador color Mimosa, h\u00e1bilmente hecho a mano con piel de cocodrilo brillante y adornado con herrajes de paladio, \u00a1una verdadera joya para los coleccionistas! Esta <strong>exclusiva Mimosa de cocodrilo Kelly de Herm\u00e8s<\/strong> establece nuevos est\u00e1ndares de lujo. Los herrajes plateados complementan la elegancia del color Mimosa, y cada detalle de este <strong>bolso Kelly 25<\/strong> da fe de la m\u00e1s alta artesan\u00eda.<\/p>\n<p>Asegure el <strong>Herm\u00e8s Kelly 25 Alligator<\/strong> en Mimosa ahora y experimente el lujo y la singularidad de este cl\u00e1sico atemporal. Ya sea como inversi\u00f3n o como una pieza llamativa, este <strong>Alligator Kelly 25<\/strong> enriquecer\u00e1 significativamente no solo su guardarropa, sino tambi\u00e9n su pasi\u00f3n por la moda exclusiva. \u00a1Aprovecha esta rareza y haz una declaraci\u00f3n con una verdadera obra maestra de Herm\u00e8s!<\/p>\n","protected":false},"featured_media":9812,"template":"","meta":[],"product_brand":[2433],"product_cat":[1813],"product_tag":[],"class_list":{"0":"post-9785","1":"product","2":"type-product","3":"status-publish","4":"has-post-thumbnail","6":"product_brand-hermes-es","7":"product_cat-bolso","9":"first","10":"instock","11":"shipping-taxable","12":"purchasable","13":"product-type-simple"},"_links":{"self":[{"href":"https:\/\/handbag-sense.com\/es\/wp-json\/wp\/v2\/product\/9785","targetHints":{"allow":["GET"]}}],"collection":[{"href":"https:\/\/handbag-sense.com\/es\/wp-json\/wp\/v2\/product"}],"about":[{"href":"https:\/\/handbag-sense.com\/es\/wp-json\/wp\/v2\/types\/product"}],"wp:featuredmedia":[{"embeddable":true,"href":"https:\/\/handbag-sense.com\/es\/wp-json\/wp\/v2\/media\/9812"}],"wp:attachment":[{"href":"https:\/\/handbag-sense.com\/es\/wp-json\/wp\/v2\/media?parent=9785"}],"wp:term":[{"taxonomy":"product_brand","embeddable":true,"href":"https:\/\/handbag-sense.com\/es\/wp-json\/wp\/v2\/product_brand?post=9785"},{"taxonomy":"product_cat","embeddable":true,"href":"https:\/\/handbag-sense.com\/es\/wp-json\/wp\/v2\/product_cat?post=9785"},{"taxonomy":"product_tag","embeddable":true,"href":"https:\/\/handbag-sense.com\/es\/wp-json\/wp\/v2\/product_tag?post=9785"}],"curies":[{"name":"wp","href":"https:\/\/api.w.org\/{rel}","templated":true}]}}