{"id":9783,"date":"2023-10-06T23:30:51","date_gmt":"2023-10-06T21:30:51","guid":{"rendered":"https:\/\/handbag-sense.com\/product\/solapa-clasica-mini-cuadrada-rosa\/"},"modified":"2025-06-20T16:06:00","modified_gmt":"2025-06-20T14:06:00","slug":"solapa-clasica-mini-cuadrada-rosa","status":"publish","type":"product","link":"https:\/\/handbag-sense.com\/es\/producto\/solapa-clasica-mini-cuadrada-rosa\/","title":{"rendered":"Solapa Cl\u00e1sica Mini Cuadrada Rosa"},"content":{"rendered":"<div class=\"c-columns-m-1 c-columns-2 c-columns-gap-s\">\n<div><strong>Material:<\/strong> Cordero<br \/>\n<strong>Color:<\/strong> Rosado<br \/>\n<strong>Elementos met\u00e1licos:<\/strong> Herrajes plateados<br \/>\n<strong>Material interior:<\/strong> Cuero<\/div>\n<div><strong>Calificaci\u00f3n: <\/strong> 3\/4  <img decoding=\"async\" class=\"info_box alignnone size-medium wp-image-885\" title=\"Informaci\u00f3n\" role=\"img\" src=\"https:\/\/handbag-sense.com\/wp-content\/uploads\/2023\/05\/info_icon.svg\" alt=\"Cuadro de informaci\u00f3n\" width=\"15\" height=\"15\"><br \/>\n<strong>A\u00f1o de producci\u00f3n\/n\u00famero de serie:<\/strong> 1993-1994, comienza con 126...<br \/>\n<strong>Tama\u00f1o:<\/strong> 17 x 13 x 7 cm<\/div>\n<div><strong>Condici\u00f3n:<\/strong> Usado<\/div>\n<\/div>\n<p><strong>Incluye:<\/strong> Tarjeta de autenticidad, bolsa para el polvo, caja<\/p>\n","protected":false},"excerpt":{"rendered":"<p><strong>CHANEL Solapa Cl\u00e1sica Mini Cuadrada Rosa<\/strong>. Este bolso Chanel Classic Mini es un accesorio atemporal en el estilo cl\u00e1sico de Chanel. En su peque\u00f1o tama\u00f1o, es perfectamente adecuado como bolso de noche, pero a\u00fan ofrece suficiente espacio para el uso diario. El Mini-Square est\u00e1 hecho de piel de cordero, tiene una correa de cadena tejida y un CC-lock en acabado plateado. El interior del bolso est\u00e1 hecho de cuero y est\u00e1 dividido en un compartimento principal con un bolsillo y un compartimento con cremallera. Hay otro bolsillo de parche en la parte posterior de la bolsa. El bolso de mano Flap Mini se puede llevar colgado del hombro y cruzado. Un bolso c\u00f3modo y compacto que refleja el dise\u00f1o cl\u00e1sico de Chanel. El <strong>bolso de Chanel<\/strong> rara vez se us\u00f3, por lo tanto est\u00e1 en muy buenas condiciones, viene con la bolsa para el polvo y la tarjeta de autenticidad.<\/p>\n","protected":false},"featured_media":9801,"template":"","meta":[],"product_brand":[2418],"product_cat":[1818,1840],"product_tag":[],"class_list":{"0":"post-9783","1":"product","2":"type-product","3":"status-publish","4":"has-post-thumbnail","6":"product_brand-chanel-es","7":"product_cat-bolso-pequeno","8":"product_cat-clutch-pochette","9":"pa_brand-chanel-es","10":"pa_chanel-models-timeless-classique-es","11":"pa_color-rosado","12":"pa_color-rosa-es","13":"pa_grade-grado-4","14":"pa_material-cuero","16":"first","17":"instock","18":"shipping-taxable","19":"purchasable","20":"product-type-simple"},"_links":{"self":[{"href":"https:\/\/handbag-sense.com\/es\/wp-json\/wp\/v2\/product\/9783","targetHints":{"allow":["GET"]}}],"collection":[{"href":"https:\/\/handbag-sense.com\/es\/wp-json\/wp\/v2\/product"}],"about":[{"href":"https:\/\/handbag-sense.com\/es\/wp-json\/wp\/v2\/types\/product"}],"wp:featuredmedia":[{"embeddable":true,"href":"https:\/\/handbag-sense.com\/es\/wp-json\/wp\/v2\/media\/9801"}],"wp:attachment":[{"href":"https:\/\/handbag-sense.com\/es\/wp-json\/wp\/v2\/media?parent=9783"}],"wp:term":[{"taxonomy":"product_brand","embeddable":true,"href":"https:\/\/handbag-sense.com\/es\/wp-json\/wp\/v2\/product_brand?post=9783"},{"taxonomy":"product_cat","embeddable":true,"href":"https:\/\/handbag-sense.com\/es\/wp-json\/wp\/v2\/product_cat?post=9783"},{"taxonomy":"product_tag","embeddable":true,"href":"https:\/\/handbag-sense.com\/es\/wp-json\/wp\/v2\/product_tag?post=9783"}],"curies":[{"name":"wp","href":"https:\/\/api.w.org\/{rel}","templated":true}]}}