{"id":9779,"date":"2023-10-08T09:38:55","date_gmt":"2023-10-08T07:38:55","guid":{"rendered":"https:\/\/handbag-sense.com\/product\/kelly-35-blanco-mate\/"},"modified":"2025-06-20T16:05:00","modified_gmt":"2025-06-20T14:05:00","slug":"kelly-35-blanco-mate","status":"publish","type":"product","link":"https:\/\/handbag-sense.com\/es\/producto\/kelly-35-blanco-mate\/","title":{"rendered":"Kelly 35 Blanco mate"},"content":{"rendered":"<div class=\"c-columns-m-1 c-columns-2 c-columns-gap-s\">\n<div><strong>Material:<\/strong> Cuero Swift<br \/>\n<strong>Color:<\/strong> Blanco<br \/>\n<strong>Elementos met\u00e1licos:<\/strong> Herrajes de paladio<br \/>\n<strong>Material interior:<\/strong> Cuero<\/div>\n<div><strong>Grado:<\/strong> 3  <img decoding=\"async\" class=\"info_box alignnone size-medium wp-image-885\" title=\"Informaci\u00f3n\" role=\"img\" src=\"https:\/\/handbag-sense.com\/wp-content\/uploads\/2023\/05\/info_icon.svg\" alt=\"Cuadro de informaci\u00f3n\" width=\"15\" height=\"15\"><br \/>\n<strong>A\u00f1o de producci\u00f3n\/Sello:<\/strong> 2007 \/ K<br \/>\n<strong>Medidas:<\/strong> 35,5 x 24 x 13 cm<br \/>\n<strong>Naviero:<\/strong> Mundial<\/div>\n<\/div>\n","protected":false},"excerpt":{"rendered":"<p><strong>Herm\u00e8s Kelly 35 Blanco mate.<\/strong>  Este bolso de mano Kelly Flat en color blanco est\u00e1 confeccionado en piel Swift con herrajes de paladio. El Kelly Flat se mostr\u00f3 por primera vez en la primavera de 2007. Fue dise\u00f1ado para ser completamente plegable, plegable y f\u00e1cil de transportar: una bolsa de viaje genial de Herm\u00e8s. Se diferencia de otros bolsos Kelly en que tiene una hebilla y una correa para garantizar su plegado. El Kelly Flat ya no est\u00e1 en producci\u00f3n, lo que lo convierte en un bolso raro e inusual para el mercado de coleccionistas. El <strong>bolso Kelly Flat<\/strong> fue fabricado en el a\u00f1o 2007, tiene sello K, est\u00e1 en muy buen estado.<\/p>\n","protected":false},"featured_media":9797,"template":"","meta":[],"product_brand":[2433],"product_cat":[1813],"product_tag":[],"class_list":{"0":"post-9779","1":"product","2":"type-product","3":"status-publish","4":"has-post-thumbnail","6":"product_brand-hermes-es","7":"product_cat-bolso","8":"pa_brand-hermes-es","9":"pa_color-blanco","10":"pa_grade-grado-3","11":"pa_hermes-models-kelly-es","12":"pa_material-cuero","14":"first","15":"outofstock","16":"shipping-taxable","17":"product-type-simple"},"_links":{"self":[{"href":"https:\/\/handbag-sense.com\/es\/wp-json\/wp\/v2\/product\/9779","targetHints":{"allow":["GET"]}}],"collection":[{"href":"https:\/\/handbag-sense.com\/es\/wp-json\/wp\/v2\/product"}],"about":[{"href":"https:\/\/handbag-sense.com\/es\/wp-json\/wp\/v2\/types\/product"}],"wp:featuredmedia":[{"embeddable":true,"href":"https:\/\/handbag-sense.com\/es\/wp-json\/wp\/v2\/media\/9797"}],"wp:attachment":[{"href":"https:\/\/handbag-sense.com\/es\/wp-json\/wp\/v2\/media?parent=9779"}],"wp:term":[{"taxonomy":"product_brand","embeddable":true,"href":"https:\/\/handbag-sense.com\/es\/wp-json\/wp\/v2\/product_brand?post=9779"},{"taxonomy":"product_cat","embeddable":true,"href":"https:\/\/handbag-sense.com\/es\/wp-json\/wp\/v2\/product_cat?post=9779"},{"taxonomy":"product_tag","embeddable":true,"href":"https:\/\/handbag-sense.com\/es\/wp-json\/wp\/v2\/product_tag?post=9779"}],"curies":[{"name":"wp","href":"https:\/\/api.w.org\/{rel}","templated":true}]}}