{"id":9756,"date":"2023-10-05T14:16:02","date_gmt":"2023-10-05T12:16:02","guid":{"rendered":"https:\/\/handbag-sense.com\/product\/gabrielle-bolso-hobo-mediano-tweed-piel-de-becerro\/"},"modified":"2025-06-20T16:07:57","modified_gmt":"2025-06-20T14:07:57","slug":"chanel-gabrielle-bolso-hobo-mediano","status":"publish","type":"product","link":"https:\/\/handbag-sense.com\/es\/producto\/chanel-gabrielle-bolso-hobo-mediano\/","title":{"rendered":"Gabrielle Bolso Hobo Mediano"},"content":{"rendered":"<div class=\"c-columns-m-1 c-columns-2 c-columns-gap-s\">\n<div><strong>Material:<\/strong> Becerro<br \/>\n<strong>Color:<\/strong> Beige<br \/>\n<strong>Elementos met\u00e1licos:<\/strong> Herrajes de oro<br \/>\n<strong>Material interior:<\/strong> Forro textil<\/div>\n<div><strong>Calificaci\u00f3n: <\/strong> 3\/4  <img decoding=\"async\" class=\"info_box alignnone size-medium wp-image-885\" title=\"Informaci\u00f3n\" role=\"img\" src=\"https:\/\/handbag-sense.com\/wp-content\/uploads\/2023\/05\/info_icon.svg\" alt=\"Cuadro de informaci\u00f3n\" width=\"15\" height=\"15\"><br \/>\n<strong>A\u00f1o de producci\u00f3n\/carta:<\/strong> 2017-2018, comienza con 249...<br \/>\n<strong>Tama\u00f1o:<\/strong> 28 x 23 x 10 cm<\/div>\n<\/div>\n<p>\n<strong>Incluye:<\/strong> Tarjeta de autenticidad, bolsa para el polvo, caja<\/p>\n","protected":false},"excerpt":{"rendered":"<p>Este precioso <strong>Chanel Gabrielle Bolso Hobo Mediano <\/strong>en color beige est\u00e1 confeccionado en fina piel de becerro y tiene herrajes dorados. El bolso llama la atenci\u00f3n, sobre todo por la combinaci\u00f3n de tweed con piel de becerro fina. <strong>El bolso Gabrielle Medium Hobo de Chanel<\/strong> hizo su primera gran aparici\u00f3n en el desfile Primavera\/Verano 2017 de Chanel en Par\u00eds. El dise\u00f1o se remonta a los bolsos binoculares que los hombres alguna vez usaron sobre sus hombros en la pista de carreras y tambi\u00e9n est\u00e1 influenciado por <strong>la inspiraci\u00f3n de Coco Chanel para los cortes masculinos<\/strong> con respecto a sus dise\u00f1os de bolsos. El bolso no solo encarna un bolso est\u00e9tico y elegante, sino que tambi\u00e9n es muy pr\u00e1ctico. La combinaci\u00f3n de la correa ajustable para el hombro y los herrajes trenzados significa que hay tres formas diferentes de llevar el bolso: cruzado, sobre el hombro o una combinaci\u00f3n de ambos. Aquellos a los que les gusta llevar el bolso en la mano tambi\u00e9n tienen esta opci\u00f3n con este bolso. La bolsa est\u00e1 en muy buen estado.<\/p>\n","protected":false},"featured_media":9792,"template":"","meta":[],"product_brand":[2418],"product_cat":[1813,1820],"product_tag":[],"class_list":{"0":"post-9756","1":"product","2":"type-product","3":"status-publish","4":"has-post-thumbnail","6":"product_brand-chanel-es","7":"product_cat-bolso","8":"product_cat-bolso-cruzado","9":"pa_brand-chanel-es","10":"pa_chanel-models-gabrielle-es","11":"pa_color-beige-es","12":"pa_color-nata","13":"pa_grade-grado-4","14":"pa_material-cuero","15":"pa_material-tweed-es","17":"first","18":"outofstock","19":"shipping-taxable","20":"purchasable","21":"product-type-simple"},"_links":{"self":[{"href":"https:\/\/handbag-sense.com\/es\/wp-json\/wp\/v2\/product\/9756","targetHints":{"allow":["GET"]}}],"collection":[{"href":"https:\/\/handbag-sense.com\/es\/wp-json\/wp\/v2\/product"}],"about":[{"href":"https:\/\/handbag-sense.com\/es\/wp-json\/wp\/v2\/types\/product"}],"wp:featuredmedia":[{"embeddable":true,"href":"https:\/\/handbag-sense.com\/es\/wp-json\/wp\/v2\/media\/9792"}],"wp:attachment":[{"href":"https:\/\/handbag-sense.com\/es\/wp-json\/wp\/v2\/media?parent=9756"}],"wp:term":[{"taxonomy":"product_brand","embeddable":true,"href":"https:\/\/handbag-sense.com\/es\/wp-json\/wp\/v2\/product_brand?post=9756"},{"taxonomy":"product_cat","embeddable":true,"href":"https:\/\/handbag-sense.com\/es\/wp-json\/wp\/v2\/product_cat?post=9756"},{"taxonomy":"product_tag","embeddable":true,"href":"https:\/\/handbag-sense.com\/es\/wp-json\/wp\/v2\/product_tag?post=9756"}],"curies":[{"name":"wp","href":"https:\/\/api.w.org\/{rel}","templated":true}]}}