{"id":9718,"date":"2023-10-06T18:31:34","date_gmt":"2023-10-06T16:31:34","guid":{"rendered":"https:\/\/handbag-sense.com\/product\/kelly-25-champinon-togo\/"},"modified":"2025-06-20T16:07:22","modified_gmt":"2025-06-20T14:07:22","slug":"kelly-25-champinon-togo","status":"publish","type":"product","link":"https:\/\/handbag-sense.com\/es\/producto\/kelly-25-champinon-togo\/","title":{"rendered":"Kelly 25 Champi\u00f1\u00f3n Togo"},"content":{"rendered":"<div class=\"c-columns-m-1 c-columns-2 c-columns-gap-s\">\n<div><strong>Material:<\/strong> Cuero Togo<br \/>\n<strong>Color:<\/strong> Seta<br \/>\n<strong>Elementos met\u00e1licos:<\/strong> Herrajes de paladio<br \/>\n<strong>Material interior:<\/strong> Cuero<\/div>\n<div><strong>Grado: <\/strong> 1  <img decoding=\"async\" class=\"info_box alignnone size-medium wp-image-885\" title=\"Informaci\u00f3n\" role=\"img\" src=\"https:\/\/handbag-sense.com\/wp-content\/uploads\/2023\/05\/info_icon.svg\" alt=\"Cuadro de informaci\u00f3n\" width=\"15\" height=\"15\"><br \/>\n<strong>A\u00f1o de producci\u00f3n\/Sello:<\/strong> 2023 \/ B<br \/>\n<strong>Tama\u00f1o:<\/strong> 25 x 19 x 9 cm<br \/>\n<strong>Naviero:<\/strong> Mundial<\/div>\n<\/div>\n<p><strong>Incluye:<\/strong> Recibo original, bolsa guardapolvo, correa, clochette, cerradura, llaves, impermeable, fieltro, folleto, caja<\/p>\n","protected":false},"excerpt":{"rendered":"<p><strong>Herm\u00e8s Kelly 25 Togo Hongo Palladium Herrajes.<\/strong>  Este hermoso bolso Kelly 25 Retourne est\u00e1 hecho a mano con cuero Togo en el nuevo color Champi\u00f1\u00f3n con elegantes herrajes de paladio. Este exquisito bolso se completa con una campana, un candado, dos llaves, la correa de transporte original para un uso vers\u00e1til, la caja original de Herm\u00e8s y la factura original de 2023. Dise\u00f1ado para una adaptabilidad elegante, se puede llevar con estilo como bandolera, a\u00f1adiendo un toque de sofisticaci\u00f3n a cualquier conjunto. El <strong>hongo Kelly 25 Togo es<\/strong> una verdadera pieza de declaraci\u00f3n, que seguramente llamar\u00e1 la atenci\u00f3n con su color \u00fanico y su dise\u00f1o cl\u00e1sico. Esta bolsa no se ha usado y lleva el sello B. No es solo un bolso, sino una obra de arte atemporal que irradia elegancia y gusto refinado, lo que lo convierte en un imprescindible para cualquier coleccionista exigente o aficionado a la moda.<\/p>\n<p>&nbsp;<\/p>\n","protected":false},"featured_media":9734,"template":"","meta":[],"product_brand":[2433],"product_cat":[1813],"product_tag":[1869,1868,1867],"class_list":{"0":"post-9718","1":"product","2":"type-product","3":"status-publish","4":"has-post-thumbnail","6":"product_brand-hermes-es","7":"product_cat-bolso","8":"product_tag-hongo-hermes-kelly","9":"product_tag-kelly-25-champinon","10":"product_tag-kelly-25-togo-es","11":"pa_brand-hermes-es","12":"pa_color-blanco","13":"pa_hermes-models-kelly-es","14":"pa_material-cuero","16":"first","17":"outofstock","18":"shipping-taxable","19":"product-type-simple"},"_links":{"self":[{"href":"https:\/\/handbag-sense.com\/es\/wp-json\/wp\/v2\/product\/9718","targetHints":{"allow":["GET"]}}],"collection":[{"href":"https:\/\/handbag-sense.com\/es\/wp-json\/wp\/v2\/product"}],"about":[{"href":"https:\/\/handbag-sense.com\/es\/wp-json\/wp\/v2\/types\/product"}],"wp:featuredmedia":[{"embeddable":true,"href":"https:\/\/handbag-sense.com\/es\/wp-json\/wp\/v2\/media\/9734"}],"wp:attachment":[{"href":"https:\/\/handbag-sense.com\/es\/wp-json\/wp\/v2\/media?parent=9718"}],"wp:term":[{"taxonomy":"product_brand","embeddable":true,"href":"https:\/\/handbag-sense.com\/es\/wp-json\/wp\/v2\/product_brand?post=9718"},{"taxonomy":"product_cat","embeddable":true,"href":"https:\/\/handbag-sense.com\/es\/wp-json\/wp\/v2\/product_cat?post=9718"},{"taxonomy":"product_tag","embeddable":true,"href":"https:\/\/handbag-sense.com\/es\/wp-json\/wp\/v2\/product_tag?post=9718"}],"curies":[{"name":"wp","href":"https:\/\/api.w.org\/{rel}","templated":true}]}}