{"id":9715,"date":"2023-10-06T21:33:35","date_gmt":"2023-10-06T19:33:35","guid":{"rendered":"https:\/\/handbag-sense.com\/product\/rodeo-pm\/"},"modified":"2025-06-20T16:06:05","modified_gmt":"2025-06-20T14:06:05","slug":"rodeo-pm","status":"publish","type":"product","link":"https:\/\/handbag-sense.com\/es\/producto\/rodeo-pm\/","title":{"rendered":"Rod\u00e9o PM"},"content":{"rendered":"<div class=\"c-columns-m-1 c-columns-2 c-columns-gap-s\">\n<div><strong>Color:<\/strong> Craie \/ Malva P\u00e1lido \/ Cipr\u00e9s Verde<br \/>\n<strong>Material:<\/strong> Piel de cordero<\/div>\n<div><strong>Grado:<\/strong> 1  <img decoding=\"async\" class=\"info_box alignnone size-medium wp-image-885\" title=\"Informaci\u00f3n\" role=\"img\" src=\"https:\/\/handbag-sense.com\/wp-content\/uploads\/2023\/05\/info_icon.svg\" alt=\"Cuadro de informaci\u00f3n\" width=\"15\" height=\"15\"><br \/>\n<strong>Medidas:<\/strong> 9,7 x 7,8 x 1 cm<\/div>\n<\/div>\n<p><strong>Incluye:<\/strong> Caja<\/p>\n","protected":false},"excerpt":{"rendered":"<p><strong>Bolso-Decoraci\u00f3n Herm\u00e8s Rod\u00e9o PM <\/strong>fabricado en piel de cordero Milo en color Craie \/ Malva Pale \/ Vert Cypres. Todo lo que necesitas hacer es atarlo alrededor del asa de un bolso para darle un toque de fantas\u00eda a la vida cotidiana e imaginar un viaje a nuevos horizontes. El rodeo es absolutamente nuevo y viene en la caja original de Hermes.<\/p>\n","protected":false},"featured_media":9723,"template":"","meta":[],"product_brand":[2433],"product_cat":[1822],"product_tag":[],"class_list":{"0":"post-9715","1":"product","2":"type-product","3":"status-publish","4":"has-post-thumbnail","6":"product_brand-hermes-es","7":"product_cat-accesorio","8":"pa_brand-hermes-es","9":"pa_color-beige-es","10":"pa_color-lila-es","11":"pa_color-multicolor","12":"pa_color-desnudo","13":"pa_color-rosa-es","14":"pa_color-blanco","15":"pa_grade-grado-1","16":"pa_material-cuero","18":"first","19":"outofstock","20":"shipping-taxable","21":"purchasable","22":"product-type-simple"},"_links":{"self":[{"href":"https:\/\/handbag-sense.com\/es\/wp-json\/wp\/v2\/product\/9715","targetHints":{"allow":["GET"]}}],"collection":[{"href":"https:\/\/handbag-sense.com\/es\/wp-json\/wp\/v2\/product"}],"about":[{"href":"https:\/\/handbag-sense.com\/es\/wp-json\/wp\/v2\/types\/product"}],"wp:featuredmedia":[{"embeddable":true,"href":"https:\/\/handbag-sense.com\/es\/wp-json\/wp\/v2\/media\/9723"}],"wp:attachment":[{"href":"https:\/\/handbag-sense.com\/es\/wp-json\/wp\/v2\/media?parent=9715"}],"wp:term":[{"taxonomy":"product_brand","embeddable":true,"href":"https:\/\/handbag-sense.com\/es\/wp-json\/wp\/v2\/product_brand?post=9715"},{"taxonomy":"product_cat","embeddable":true,"href":"https:\/\/handbag-sense.com\/es\/wp-json\/wp\/v2\/product_cat?post=9715"},{"taxonomy":"product_tag","embeddable":true,"href":"https:\/\/handbag-sense.com\/es\/wp-json\/wp\/v2\/product_tag?post=9715"}],"curies":[{"name":"wp","href":"https:\/\/api.w.org\/{rel}","templated":true}]}}