{"id":9669,"date":"2023-10-04T17:19:54","date_gmt":"2023-10-04T15:19:54","guid":{"rendered":"https:\/\/handbag-sense.com\/product\/constanza-18-tadelakt-rouge-vif\/"},"modified":"2026-03-24T17:39:41","modified_gmt":"2026-03-24T16:39:41","slug":"hermes-constance-18-tadelakt-rouge-vif","status":"publish","type":"product","link":"https:\/\/handbag-sense.com\/es\/producto\/hermes-constance-18-tadelakt-rouge-vif\/","title":{"rendered":"Constance 18 Tadelakt Rouge Vif"},"content":{"rendered":"<div class=\"c-columns-m-1 c-columns-2 c-columns-gap-s\">\n<div><strong>Material:<\/strong> Cuero Tadelakt<br \/>\n<strong>Color:<\/strong> Rouge Vif<br \/>\n<strong>Elementos met\u00e1licos:<\/strong> Herrajes de paladio<br \/>\n<strong>Material interior:<\/strong> Cuero<\/div>\n<div><strong>Grado: <\/strong>2 <img decoding=\"async\" class=\"info_box alignnone size-medium wp-image-885\" title=\"Informaci\u00f3n\" role=\"img\" src=\"https:\/\/handbag-sense.com\/wp-content\/uploads\/2023\/05\/info_icon.svg\" alt=\"Cuadro de informaci\u00f3n\" width=\"15\" height=\"15\" \/><br \/>\n<strong>A\u00f1o de producci\u00f3n\/Sello:<\/strong> 2017\/A<br \/>\n<strong>Tama\u00f1o:<\/strong> 18 x 15 x 4 cm<br \/>\n<strong>Naviero:<\/strong> Mundial<\/div>\n<\/div>\n<p><strong>Incluye:<\/strong> Recibo original, bolsa guardapolvo, fieltro, folleto, caja<\/p>\n","protected":false},"excerpt":{"rendered":"<p><strong>Herm\u00e8s Constance 18 Tadelakt Rouge Vif Palladium Hardware - Como Nueva<\/strong>.<\/p>\n<p>Este mini Constance est\u00e1 confeccionado en piel tadelakt Rouge Vif y cuenta con herrajes de paladio. El bolso tiene un cierre met\u00e1lico en forma de \"H\" y una correa ajustable para el hombro. El interior est\u00e1 forrado en cuero, dividido en dos compartimentos, con un bolsillo lateral en la pared trasera. La bolsa est\u00e1 en buen estado, viene con la bolsa guardapolvo, el fieltro, la caja de Herm\u00e8s y el recibo original de Herm\u00e8s de 2017.<\/p>\n","protected":false},"featured_media":9700,"template":"","meta":[],"product_brand":[2433],"product_cat":[1813,1838],"product_tag":[],"class_list":{"0":"post-9669","1":"product","2":"type-product","3":"status-publish","4":"has-post-thumbnail","6":"product_brand-hermes-es","7":"product_cat-bolso","8":"product_cat-bolso-de-noche","9":"pa_brand-hermes-es","10":"pa_color-rojo","11":"pa_grade-grado-1","12":"pa_hermes-models-constance-es","13":"pa_material-cuero","15":"first","16":"instock","17":"shipping-taxable","18":"purchasable","19":"product-type-simple"},"_links":{"self":[{"href":"https:\/\/handbag-sense.com\/es\/wp-json\/wp\/v2\/product\/9669","targetHints":{"allow":["GET"]}}],"collection":[{"href":"https:\/\/handbag-sense.com\/es\/wp-json\/wp\/v2\/product"}],"about":[{"href":"https:\/\/handbag-sense.com\/es\/wp-json\/wp\/v2\/types\/product"}],"wp:featuredmedia":[{"embeddable":true,"href":"https:\/\/handbag-sense.com\/es\/wp-json\/wp\/v2\/media\/9700"}],"wp:attachment":[{"href":"https:\/\/handbag-sense.com\/es\/wp-json\/wp\/v2\/media?parent=9669"}],"wp:term":[{"taxonomy":"product_brand","embeddable":true,"href":"https:\/\/handbag-sense.com\/es\/wp-json\/wp\/v2\/product_brand?post=9669"},{"taxonomy":"product_cat","embeddable":true,"href":"https:\/\/handbag-sense.com\/es\/wp-json\/wp\/v2\/product_cat?post=9669"},{"taxonomy":"product_tag","embeddable":true,"href":"https:\/\/handbag-sense.com\/es\/wp-json\/wp\/v2\/product_tag?post=9669"}],"curies":[{"name":"wp","href":"https:\/\/api.w.org\/{rel}","templated":true}]}}