{"id":9668,"date":"2023-10-07T13:58:41","date_gmt":"2023-10-07T11:58:41","guid":{"rendered":"https:\/\/handbag-sense.com\/product\/mediana-clasica-doble-solapa-negra\/"},"modified":"2025-06-20T16:05:24","modified_gmt":"2025-06-20T14:05:24","slug":"mediana-clasica-doble-solapa-negra","status":"publish","type":"product","link":"https:\/\/handbag-sense.com\/es\/producto\/mediana-clasica-doble-solapa-negra\/","title":{"rendered":"Mediana Cl\u00e1sica Doble Solapa Negra"},"content":{"rendered":"<div class=\"c-columns-m-1 c-columns-2 c-columns-gap-s\">\n<div><strong>Material:<\/strong> Cordero<br \/>\n<strong>Color:<\/strong> Negro<br \/>\n<strong>Elementos met\u00e1licos:<\/strong> Herrajes de oro<br \/>\n<strong>Material interior:<\/strong> Cuero<\/div>\n<div><strong>Calificaci\u00f3n: <\/strong> 4  <img decoding=\"async\" class=\"info_box alignnone size-medium wp-image-885\" title=\"Informaci\u00f3n\" role=\"img\" src=\"https:\/\/handbag-sense.com\/wp-content\/uploads\/2023\/05\/info_icon.svg\" alt=\"Cuadro de informaci\u00f3n\" width=\"15\" height=\"15\"><br \/>\n<strong>A\u00f1o de producci\u00f3n\/n\u00famero de serie:<\/strong> 1993-1994, a partir de 260...<br \/>\n<strong>Tama\u00f1o:<\/strong> 25.5 x 15,5 x 6.5 cm<\/div>\n<\/div>\n<p><strong>Incluye:<\/strong> Tarjeta de autenticidad, bolsa para el polvo<\/p>\n","protected":false},"excerpt":{"rendered":"<p><strong>Chanel Medium Classic Doble Solapa negro.<\/strong>  El bolso mediano con doble solapa es un Chanel cl\u00e1sico y atemporal. Este bolso es ideal para cualquier ocasi\u00f3n y tiene espacio suficiente para todo. La solapa doble mediana est\u00e1 hecha de piel de cordero en color negro, tiene una correa de cadena tejida y un cierre CC en acabado dorado. La bolsa se divide en un compartimento principal, un bolsillo y un compartimento con cremallera. Hay otro bolsillo de parche en la parte posterior de la bolsa. El forro es de piel en color rojo vino. El bolso se puede llevar colgado del hombro, as\u00ed como cruzado. Un bolso c\u00f3modo y elegante que es uno de los cl\u00e1sicos populares de Chanel. La bolsa est\u00e1 en muy buenas condiciones, viene con la bolsa para el polvo y la tarjeta de autenticidad.<\/p>\n","protected":false},"featured_media":9699,"template":"","meta":[],"product_brand":[2418],"product_cat":[1813,1860,1820],"product_tag":[],"class_list":{"0":"post-9668","1":"product","2":"type-product","3":"status-publish","4":"has-post-thumbnail","6":"product_brand-chanel-es","7":"product_cat-bolso","8":"product_cat-bandolera","9":"product_cat-bolso-cruzado","10":"pa_brand-chanel-es","11":"pa_chanel-models-timeless-classique-es","12":"pa_color-negro","13":"pa_grade-grado-4","14":"pa_material-cuero","16":"first","17":"outofstock","18":"shipping-taxable","19":"product-type-simple"},"_links":{"self":[{"href":"https:\/\/handbag-sense.com\/es\/wp-json\/wp\/v2\/product\/9668","targetHints":{"allow":["GET"]}}],"collection":[{"href":"https:\/\/handbag-sense.com\/es\/wp-json\/wp\/v2\/product"}],"about":[{"href":"https:\/\/handbag-sense.com\/es\/wp-json\/wp\/v2\/types\/product"}],"wp:featuredmedia":[{"embeddable":true,"href":"https:\/\/handbag-sense.com\/es\/wp-json\/wp\/v2\/media\/9699"}],"wp:attachment":[{"href":"https:\/\/handbag-sense.com\/es\/wp-json\/wp\/v2\/media?parent=9668"}],"wp:term":[{"taxonomy":"product_brand","embeddable":true,"href":"https:\/\/handbag-sense.com\/es\/wp-json\/wp\/v2\/product_brand?post=9668"},{"taxonomy":"product_cat","embeddable":true,"href":"https:\/\/handbag-sense.com\/es\/wp-json\/wp\/v2\/product_cat?post=9668"},{"taxonomy":"product_tag","embeddable":true,"href":"https:\/\/handbag-sense.com\/es\/wp-json\/wp\/v2\/product_tag?post=9668"}],"curies":[{"name":"wp","href":"https:\/\/api.w.org\/{rel}","templated":true}]}}