{"id":9665,"date":"2023-10-07T11:02:24","date_gmt":"2023-10-07T09:02:24","guid":{"rendered":"https:\/\/handbag-sense.com\/product\/evelyne-16-taurillon-clemence-gold\/"},"modified":"2025-06-20T16:05:43","modified_gmt":"2025-06-20T14:05:43","slug":"evelyne-16-taurillon-clemence-gold","status":"publish","type":"product","link":"https:\/\/handbag-sense.com\/es\/producto\/evelyne-16-taurillon-clemence-gold\/","title":{"rendered":"Evelyne 16 Taurillon Clemence Gold"},"content":{"rendered":"<div class=\"c-columns-m-1 c-columns-2 c-columns-gap-s\">\n<div><strong>Material:<\/strong> Clemencia de cuero<br \/>\n<strong>Color:<\/strong> Oro<br \/>\n<strong>Elementos met\u00e1licos:<\/strong> Herrajes de paladio<br \/>\n<strong>Material interior:<\/strong> Piel natural<\/div>\n<div><strong>Grado: <\/strong> 1  <img decoding=\"async\" class=\"info_box alignnone size-medium wp-image-885\" title=\"Informaci\u00f3n\" role=\"img\" src=\"https:\/\/handbag-sense.com\/wp-content\/uploads\/2023\/05\/info_icon.svg\" alt=\"Cuadro de informaci\u00f3n\" width=\"15\" height=\"15\"><br \/>\n<strong>A\u00f1o de producci\u00f3n\/Sello:<\/strong> 2023 \/ B<br \/>\n<strong>Tama\u00f1o:<\/strong> 16 x 18 x 5 cm<br \/>\n<strong>Naviero:<\/strong> Mundial<\/div>\n<\/div>\n","protected":false},"excerpt":{"rendered":"<p><strong>Herm\u00e8s Evelyne 16 Taurillon Clemence Gold Palladium Herrajes.<\/strong>  Este elegante Mini Evelyne en color dorado est\u00e1 hecho de piel de becerro Taurillon Clemence estructurada con herrajes de paladio. El bolso tiene costuras en contraste, un cord\u00f3n y un H-Oval de Herm\u00e8s perforado en la parte delantera. El bolso se abre con una correa cruzada a un interior de cuero natural. Est\u00e1 equipado con una correa extra\u00edble para el hombro\/cruz hecha de lona y cuero en color Oro. \u00a1Este es un hermoso bolso de mensajer\u00eda de Herm\u00e8s, ideal para las necesidades diarias! La bolsa es absolutamente nueva.<\/p>\n","protected":false},"featured_media":9673,"template":"","meta":[],"product_brand":[2433],"product_cat":[1818],"product_tag":[],"class_list":{"0":"post-9665","1":"product","2":"type-product","3":"status-publish","4":"has-post-thumbnail","6":"product_brand-hermes-es","7":"product_cat-bolso-pequeno","8":"pa_brand-hermes-es","9":"pa_color-oro","10":"pa_grade-grado-1","11":"pa_hermes-models-evelyne-es","12":"pa_material-cuero","14":"first","15":"outofstock","16":"shipping-taxable","17":"product-type-simple"},"_links":{"self":[{"href":"https:\/\/handbag-sense.com\/es\/wp-json\/wp\/v2\/product\/9665","targetHints":{"allow":["GET"]}}],"collection":[{"href":"https:\/\/handbag-sense.com\/es\/wp-json\/wp\/v2\/product"}],"about":[{"href":"https:\/\/handbag-sense.com\/es\/wp-json\/wp\/v2\/types\/product"}],"wp:featuredmedia":[{"embeddable":true,"href":"https:\/\/handbag-sense.com\/es\/wp-json\/wp\/v2\/media\/9673"}],"wp:attachment":[{"href":"https:\/\/handbag-sense.com\/es\/wp-json\/wp\/v2\/media?parent=9665"}],"wp:term":[{"taxonomy":"product_brand","embeddable":true,"href":"https:\/\/handbag-sense.com\/es\/wp-json\/wp\/v2\/product_brand?post=9665"},{"taxonomy":"product_cat","embeddable":true,"href":"https:\/\/handbag-sense.com\/es\/wp-json\/wp\/v2\/product_cat?post=9665"},{"taxonomy":"product_tag","embeddable":true,"href":"https:\/\/handbag-sense.com\/es\/wp-json\/wp\/v2\/product_tag?post=9665"}],"curies":[{"name":"wp","href":"https:\/\/api.w.org\/{rel}","templated":true}]}}