{"id":9664,"date":"2023-10-05T00:14:44","date_gmt":"2023-10-04T22:14:44","guid":{"rendered":"https:\/\/handbag-sense.com\/product\/vintage-diana-solapa-simple-negro\/"},"modified":"2025-06-20T16:07:59","modified_gmt":"2025-06-20T14:07:59","slug":"vintage-diana-solapa-simple-negro","status":"publish","type":"product","link":"https:\/\/handbag-sense.com\/es\/producto\/vintage-diana-solapa-simple-negro\/","title":{"rendered":"Vintage Diana Solapa Simple Negro"},"content":{"rendered":"<div class=\"c-columns-m-1 c-columns-2 c-columns-gap-s\">\n<div><strong>Material:<\/strong> Cordero<br \/>\n<strong>Color:<\/strong> Negro<br \/>\n<strong>Elementos met\u00e1licos:<\/strong> Herrajes de oro<br \/>\n<strong>Material interior:<\/strong> Cuero Burdeos<\/div>\n<div><strong>Calificaci\u00f3n: <\/strong> 4  <img decoding=\"async\" class=\"info_box alignnone size-medium wp-image-885\" title=\"Informaci\u00f3n\" role=\"img\" src=\"https:\/\/handbag-sense.com\/wp-content\/uploads\/2023\/05\/info_icon.svg\" alt=\"Cuadro de informaci\u00f3n\" width=\"15\" height=\"15\"><br \/>\n<strong>A\u00f1o de producci\u00f3n\/carta:<\/strong> 1990-91, a partir de 190...<br \/>\n<strong>Tama\u00f1o:<\/strong> 25 x 16 x 7 cm<\/div>\n<\/div>\n<p><strong>Incluye:<\/strong> Tarjeta de autenticidad, bolsa para el polvo<\/p>\n","protected":false},"excerpt":{"rendered":"<p><strong>Chanel Vintage Diana Solapa Simple<\/strong>. El bolso Diana Single Flap es un Chanel cl\u00e1sico y atemporal. Este bolso es ideal para cualquier ocasi\u00f3n y tiene espacio suficiente para todo. La solapa simple Diana est\u00e1 hecha de piel de cordero en color negro, tiene una correa de cadena tejida y un cierre CC en acabado dorado. La bolsa se divide en un compartimento principal, un bolsillo y un compartimento con cremallera. El forro es de piel en color rojo vino. El bolso se puede llevar colgado del hombro, as\u00ed como cruzado. Un bolso c\u00f3modo y elegante que es uno de los cl\u00e1sicos populares de Chanel. Durante sus aproximadamente 30 a\u00f1os, se encuentra en excelentes condiciones y muestra signos m\u00ednimos de desgaste. La <strong>solapa \u00fanica de Diana<\/strong> viene con la tarjeta de autenticidad y en la bolsa guardapolvo de Chanel.<\/p>\n","protected":false},"featured_media":9679,"template":"","meta":[],"product_brand":[2418],"product_cat":[1813],"product_tag":[],"class_list":{"0":"post-9664","1":"product","2":"type-product","3":"status-publish","4":"has-post-thumbnail","6":"product_brand-chanel-es","7":"product_cat-bolso","8":"pa_brand-chanel-es","9":"pa_chanel-models-timeless-classique-es","10":"pa_chanel-models-vintage-es","11":"pa_color-negro","12":"pa_grade-grado-4","13":"pa_material-cuero","15":"first","16":"outofstock","17":"product-type-simple"},"_links":{"self":[{"href":"https:\/\/handbag-sense.com\/es\/wp-json\/wp\/v2\/product\/9664","targetHints":{"allow":["GET"]}}],"collection":[{"href":"https:\/\/handbag-sense.com\/es\/wp-json\/wp\/v2\/product"}],"about":[{"href":"https:\/\/handbag-sense.com\/es\/wp-json\/wp\/v2\/types\/product"}],"wp:featuredmedia":[{"embeddable":true,"href":"https:\/\/handbag-sense.com\/es\/wp-json\/wp\/v2\/media\/9679"}],"wp:attachment":[{"href":"https:\/\/handbag-sense.com\/es\/wp-json\/wp\/v2\/media?parent=9664"}],"wp:term":[{"taxonomy":"product_brand","embeddable":true,"href":"https:\/\/handbag-sense.com\/es\/wp-json\/wp\/v2\/product_brand?post=9664"},{"taxonomy":"product_cat","embeddable":true,"href":"https:\/\/handbag-sense.com\/es\/wp-json\/wp\/v2\/product_cat?post=9664"},{"taxonomy":"product_tag","embeddable":true,"href":"https:\/\/handbag-sense.com\/es\/wp-json\/wp\/v2\/product_tag?post=9664"}],"curies":[{"name":"wp","href":"https:\/\/api.w.org\/{rel}","templated":true}]}}