{"id":9651,"date":"2023-10-03T19:48:43","date_gmt":"2023-10-03T17:48:43","guid":{"rendered":"https:\/\/handbag-sense.com\/product\/roma-intrecciato-tote-mediano\/"},"modified":"2025-06-20T16:08:59","modified_gmt":"2025-06-20T14:08:59","slug":"roma-intrecciato-tote-mediano","status":"publish","type":"product","link":"https:\/\/handbag-sense.com\/es\/producto\/roma-intrecciato-tote-mediano\/","title":{"rendered":"Roma Intrecciato Tote Mediano"},"content":{"rendered":"<div class=\"c-columns-m-1 c-columns-2 c-columns-gap-s\">\n<div><strong>Material:<\/strong> Cuero Intrecciato<br \/>\n<strong>Color:<\/strong> Azul<br \/>\n<strong>Elementos met\u00e1licos:<\/strong> Herrajes plateados<\/div>\n<div><strong>Grado:<\/strong> 5  <img decoding=\"async\" class=\"info_box alignnone size-medium wp-image-885\" title=\"Informaci\u00f3n\" role=\"img\" src=\"https:\/\/handbag-sense.com\/wp-content\/uploads\/2023\/05\/info_icon.svg\" alt=\"Cuadro de informaci\u00f3n\" width=\"15\" height=\"15\"><br \/>\n<strong>Material interior:<\/strong> <strong>Piel<br \/>\nde ante Tama\u00f1o:<\/strong> 22 x 20 \u00d7 39 cm<\/div>\n<\/div>\n<p><strong>Incluye:<\/strong> Bolsa de polvo,<\/p>\n","protected":false},"excerpt":{"rendered":"<p><strong>El bolso Bottega Veneta Roma Tote Medium<\/strong> est\u00e1 confeccionado en piel y cuenta con el intrecciato caracter\u00edstico. La bolsa tiene un cierre a presi\u00f3n con solapa con aspecto de bronce y sigue siendo f\u00e1cil de desbloquear. El interior de gamuza ofrece espacio para todos sus elementos esenciales. \u00a1Esta es una maravillosa bolsa de transporte que es ideal para un d\u00eda fuera! La bolsa viene con la bolsa para el polvo.<\/p>\n","protected":false},"featured_media":9652,"template":"","meta":[],"product_brand":[2411],"product_cat":[1813],"product_tag":[],"class_list":{"0":"post-9651","1":"product","2":"type-product","3":"status-publish","4":"has-post-thumbnail","6":"product_brand-bottega-veneta-es","7":"product_cat-bolso","8":"pa_brand-bottega-veneta-es","9":"pa_color-azul","10":"pa_grade-grado-5","11":"pa_material-cuero","13":"first","14":"outofstock","15":"sold-individually","16":"shipping-taxable","17":"purchasable","18":"product-type-simple"},"_links":{"self":[{"href":"https:\/\/handbag-sense.com\/es\/wp-json\/wp\/v2\/product\/9651","targetHints":{"allow":["GET"]}}],"collection":[{"href":"https:\/\/handbag-sense.com\/es\/wp-json\/wp\/v2\/product"}],"about":[{"href":"https:\/\/handbag-sense.com\/es\/wp-json\/wp\/v2\/types\/product"}],"wp:featuredmedia":[{"embeddable":true,"href":"https:\/\/handbag-sense.com\/es\/wp-json\/wp\/v2\/media\/9652"}],"wp:attachment":[{"href":"https:\/\/handbag-sense.com\/es\/wp-json\/wp\/v2\/media?parent=9651"}],"wp:term":[{"taxonomy":"product_brand","embeddable":true,"href":"https:\/\/handbag-sense.com\/es\/wp-json\/wp\/v2\/product_brand?post=9651"},{"taxonomy":"product_cat","embeddable":true,"href":"https:\/\/handbag-sense.com\/es\/wp-json\/wp\/v2\/product_cat?post=9651"},{"taxonomy":"product_tag","embeddable":true,"href":"https:\/\/handbag-sense.com\/es\/wp-json\/wp\/v2\/product_tag?post=9651"}],"curies":[{"name":"wp","href":"https:\/\/api.w.org\/{rel}","templated":true}]}}