{"id":9633,"date":"2023-05-17T01:05:37","date_gmt":"2023-05-16T23:05:37","guid":{"rendered":"https:\/\/handbag-sense.com\/product\/kelly-28-cocodrilo-poroso-rouge-cerise\/"},"modified":"2025-06-20T16:14:48","modified_gmt":"2025-06-20T14:14:48","slug":"hermes-kelly-28-crocodile-porosus-rouge-cerise","status":"publish","type":"product","link":"https:\/\/handbag-sense.com\/es\/producto\/hermes-kelly-28-crocodile-porosus-rouge-cerise\/","title":{"rendered":"Herm\u00e8s Kelly 28 Crocodile Porosus Rouge Cerise"},"content":{"rendered":"<div class=\"c-columns-m-1 c-columns-2 c-columns-gap-s\">\n<div><strong>Material:<\/strong> Crocodile Porosus<br \/>\n<strong>Color:<\/strong> Rouge Cerise<br \/>\n<strong>Elementos met\u00e1licos:<\/strong> Herrajes de oro<br \/>\n<strong>Material interior:<\/strong> cuero<\/div>\n<div><strong>Calificaci\u00f3n: <\/strong>4 <img decoding=\"async\" class=\"info_box alignnone size-medium wp-image-885\" title=\"Informaci\u00f3n\" role=\"img\" src=\"https:\/\/handbag-sense.com\/wp-content\/uploads\/2023\/05\/info_icon.svg\" alt=\"Cuadro de informaci\u00f3n\" width=\"15\" height=\"15\" \/><br \/>\n<strong>A\u00f1o de producci\u00f3n \/ Sello:<\/strong> 1984 \/ M en c\u00edrculo<br \/>\n<strong>Tama\u00f1o:<\/strong> 28 x 21 x 11 cm<\/div>\n<\/div>\n<p><strong>Incluye:<\/strong> Bolsa para el polvo, clochette, cerradura, llaves, caja<\/p>\n","protected":false},"excerpt":{"rendered":"<p><strong>Herm\u00e8s Kelly 28 Crocodile Porosus Rouge Cerise con herrajes dorados.<\/strong> Sum\u00e9rgete en la elegancia atemporal con el Vintage Herm\u00e8s Kelly Sellier 28, confeccionado a mano con piel de cocodrilo Porosus brillante en el seductor tono Rouge Cerise. Este exclusivo bolso Kelly de cocodrilo combina a la perfecci\u00f3n el encanto vintage con un lujo incomparable. El Herm\u00e8s Kelly Sellier 28 de piel de cocodrilo es m\u00e1s que un simple bolso; es una pieza de historia.<\/p>\n<p>La piel de cocodrilo Porosus brillante, marcada con el s\u00edmbolo circunflejo (^) en el estampado, otorga a este modelo Kelly vintage un brillo \u00fanico, mientras que el color Rouge Cerise irradia una aura de sofisticaci\u00f3n y pasi\u00f3n. El sello en seco es una \"M\" dentro de un c\u00edrculo, lo que indica que 1984 fue el a\u00f1o de fabricaci\u00f3n. Como verdadero art\u00edculo de colecci\u00f3n, este Vintage Herm\u00e8s Kelly Crocodile representa la c\u00faspide del dise\u00f1o atemporal. Se encuentra en muy buenas condiciones y viene con bolsa guardapolvo y clochette con candado y dos llaves. Ya sea como un regalo \u00fanico o como un accesorio ic\u00f3nico, este Vintage Kelly Bag no solo realzar\u00e1 tu vestuario, sino que tambi\u00e9n conquistar\u00e1 tu coraz\u00f3n. Aseg\u00farate el privilegio de poseer esta exclusiva creaci\u00f3n de Herm\u00e8s ahora mismo. Cont\u00e1ctanos para obtener m\u00e1s detalles y disponibilidad.<\/p>\n<p>&nbsp;<\/p>\n","protected":false},"featured_media":9634,"template":"","meta":[],"product_brand":[2433],"product_cat":[1813],"product_tag":[],"class_list":{"0":"post-9633","1":"product","2":"type-product","3":"status-publish","4":"has-post-thumbnail","6":"product_brand-hermes-es","7":"product_cat-bolso","8":"pa_brand-hermes-es","9":"pa_color-rojo","10":"pa_grade-grado-3","11":"pa_hermes-models-kelly-es","12":"pa_material-cuero-exotico","14":"first","15":"outofstock","16":"shipping-taxable","17":"purchasable","18":"product-type-simple"},"_links":{"self":[{"href":"https:\/\/handbag-sense.com\/es\/wp-json\/wp\/v2\/product\/9633","targetHints":{"allow":["GET"]}}],"collection":[{"href":"https:\/\/handbag-sense.com\/es\/wp-json\/wp\/v2\/product"}],"about":[{"href":"https:\/\/handbag-sense.com\/es\/wp-json\/wp\/v2\/types\/product"}],"wp:featuredmedia":[{"embeddable":true,"href":"https:\/\/handbag-sense.com\/es\/wp-json\/wp\/v2\/media\/9634"}],"wp:attachment":[{"href":"https:\/\/handbag-sense.com\/es\/wp-json\/wp\/v2\/media?parent=9633"}],"wp:term":[{"taxonomy":"product_brand","embeddable":true,"href":"https:\/\/handbag-sense.com\/es\/wp-json\/wp\/v2\/product_brand?post=9633"},{"taxonomy":"product_cat","embeddable":true,"href":"https:\/\/handbag-sense.com\/es\/wp-json\/wp\/v2\/product_cat?post=9633"},{"taxonomy":"product_tag","embeddable":true,"href":"https:\/\/handbag-sense.com\/es\/wp-json\/wp\/v2\/product_tag?post=9633"}],"curies":[{"name":"wp","href":"https:\/\/api.w.org\/{rel}","templated":true}]}}