{"id":9587,"date":"2023-09-23T13:26:45","date_gmt":"2023-09-23T11:26:45","guid":{"rendered":"https:\/\/handbag-sense.com\/product\/kelly-acolchada-25-swift-noir\/"},"modified":"2025-06-20T16:11:05","modified_gmt":"2025-06-20T14:11:05","slug":"kelly-acolchada-25-swift-noir","status":"publish","type":"product","link":"https:\/\/handbag-sense.com\/es\/producto\/kelly-acolchada-25-swift-noir\/","title":{"rendered":"Kelly Acolchada 25 Swift Noir"},"content":{"rendered":"<div class=\"c-columns-m-1 c-columns-2 c-columns-gap-s\">\n<div><strong>Material:<\/strong> Cuero Swift<br \/>\n<strong>Color:<\/strong> Noir<br \/>\n<strong>Elementos met\u00e1licos:<\/strong> Herrajes de oro<br \/>\n<strong>Material interior:<\/strong> Cuero<\/div>\n<div><strong>Grado:<\/strong> 1  <img decoding=\"async\" class=\"info_box alignnone size-medium wp-image-885\" title=\"Informaci\u00f3n\" role=\"img\" src=\"https:\/\/handbag-sense.com\/wp-content\/uploads\/2023\/05\/info_icon.svg\" alt=\"Cuadro de informaci\u00f3n\" width=\"15\" height=\"15\"><br \/>\n<strong>A\u00f1o de producci\u00f3n\/Sello:<\/strong> 2022 \/ U<br \/>\n<strong>Tama\u00f1o:<\/strong> 25 x 18 x 10 cm<br \/>\n<strong>Naviero:<\/strong> Mundial<\/div>\n<div><strong>Condici\u00f3n:<\/strong> Usado<\/div>\n<\/div>\n<p><strong>Incluye:<\/strong> Recibo original, bolsa guardapolvo, correa, clochette, cerradura, llaves, impermeable, fieltro, folleto, caja<\/p>\n","protected":false},"excerpt":{"rendered":"<div class=\"flex-shrink-0 flex flex-col relative items-end\">\n<div>\n<div class=\"pt-0.5\">\n<div class=\"gizmo-shadow-stroke flex h-6 w-6 items-center justify-center overflow-hidden rounded-full\">\n<div class=\"relative p-1 rounded-sm h-9 w-9 text-white flex items-center justify-center\"><strong>Herm\u00e8s Kelly acolch\u00f3 25 herrajes Swift Noir Gold.<\/strong> Un <strong>Herm\u00e8s Kelly 25<\/strong> muy especial y exclusivo: una obra maestra hecha a mano en cuero Swift en elegante negro con herrajes dorados, \u00a1una edici\u00f3n limitada accesible solo para una clientela VIP exclusiva! El <strong>bolso acolchado Kelly<\/strong> se inspira en los coches antiguos, y su condici\u00f3n de edici\u00f3n limitada lo convierte en una pieza codiciada que eleva tu colecci\u00f3n a nuevas alturas.<\/div>\n<\/div>\n<\/div>\n<\/div>\n<\/div>\n<div class=\"relative flex w-[calc(100%-50px)] flex-col gizmo:w-full lg:w-[calc(100%-115px)] agent-turn\">\n<div class=\"flex-col gap-1 md:gap-3\">\n<div class=\"flex flex-grow flex-col max-w-full gap-3 gizmo:gap-0\">\n<div class=\"min-h-[20px] text-message flex flex-col items-start gap-3 whitespace-pre-wrap break-words [.text-message+&amp;]:mt-5 overflow-x-auto\" data-message-author-role=\"assistant\" data-message-id=\"134c338f-f219-4d6e-9bdb-658991c379d6\">\n<div class=\"markdown prose w-full break-words dark:prose-invert light\">\n<p>El <strong>Herm\u00e8s Kelly Padded<\/strong> es m\u00e1s que un bolso; Es una declaraci\u00f3n de elegancia y exclusividad. El cuero Swift flexible no solo proporciona una sensaci\u00f3n de lujo, sino tambi\u00e9n una est\u00e9tica atemporal, mientras que los herrajes dorados a\u00f1aden un toque de sofisticaci\u00f3n.<\/p>\n<p>Asegure el Kelly Padded 25 ahora y experimente el lujo en una nueva dimensi\u00f3n. Ya sea como una pieza de colecci\u00f3n o un accesorio elegante, esta edici\u00f3n limitada de Kelly no solo enriquecer\u00e1 su guardarropa, sino que tambi\u00e9n realzar\u00e1 su pasi\u00f3n por la moda exclusiva. \u00a1S\u00e9 parte de una experiencia exclusiva y redefine tu estilo con el <strong>Herm\u00e8s Kelly 25 Padded<\/strong>!<\/p>\n<\/div>\n<\/div>\n<\/div>\n<\/div>\n<\/div>\n","protected":false},"featured_media":9603,"template":"","meta":[],"product_brand":[2433],"product_cat":[1813],"product_tag":[],"class_list":{"0":"post-9587","1":"product","2":"type-product","3":"status-publish","4":"has-post-thumbnail","6":"product_brand-hermes-es","7":"product_cat-bolso","8":"pa_brand-hermes-es","9":"pa_color-negro","10":"pa_grade-grado-1","11":"pa_hermes-models-kelly-es","12":"pa_material-cuero","14":"first","15":"outofstock","16":"shipping-taxable","17":"product-type-simple"},"_links":{"self":[{"href":"https:\/\/handbag-sense.com\/es\/wp-json\/wp\/v2\/product\/9587","targetHints":{"allow":["GET"]}}],"collection":[{"href":"https:\/\/handbag-sense.com\/es\/wp-json\/wp\/v2\/product"}],"about":[{"href":"https:\/\/handbag-sense.com\/es\/wp-json\/wp\/v2\/types\/product"}],"wp:featuredmedia":[{"embeddable":true,"href":"https:\/\/handbag-sense.com\/es\/wp-json\/wp\/v2\/media\/9603"}],"wp:attachment":[{"href":"https:\/\/handbag-sense.com\/es\/wp-json\/wp\/v2\/media?parent=9587"}],"wp:term":[{"taxonomy":"product_brand","embeddable":true,"href":"https:\/\/handbag-sense.com\/es\/wp-json\/wp\/v2\/product_brand?post=9587"},{"taxonomy":"product_cat","embeddable":true,"href":"https:\/\/handbag-sense.com\/es\/wp-json\/wp\/v2\/product_cat?post=9587"},{"taxonomy":"product_tag","embeddable":true,"href":"https:\/\/handbag-sense.com\/es\/wp-json\/wp\/v2\/product_tag?post=9587"}],"curies":[{"name":"wp","href":"https:\/\/api.w.org\/{rel}","templated":true}]}}