{"id":9580,"date":"2023-09-14T00:09:22","date_gmt":"2023-09-13T22:09:22","guid":{"rendered":"https:\/\/handbag-sense.com\/product\/pm-de-distrito\/"},"modified":"2025-06-20T16:11:30","modified_gmt":"2025-06-20T14:11:30","slug":"pm-de-distrito","status":"publish","type":"product","link":"https:\/\/handbag-sense.com\/es\/producto\/pm-de-distrito\/","title":{"rendered":"PM de distrito"},"content":{"rendered":"<div class=\"c-columns-m-1 c-columns-2 c-columns-gap-s\">\n<div><strong>Material:<\/strong> Damier Infini<br \/>\n<strong>Color:<\/strong> Negro<br \/>\n<strong>Elementos met\u00e1licos:<\/strong> Herrajes plateados<\/div>\n<div><strong>Grado:<\/strong> 2  <img decoding=\"async\" class=\"info_box alignnone size-medium wp-image-885\" title=\"Informaci\u00f3n\" role=\"img\" src=\"https:\/\/handbag-sense.com\/wp-content\/uploads\/2023\/05\/info_icon.svg\" alt=\"Cuadro de informaci\u00f3n\" width=\"15\" height=\"15\"><br \/>\n<strong>Tama\u00f1o:<\/strong> 25 x 22 x 7 cm<\/div>\n<div><strong>Condici\u00f3n:<\/strong> Usado<\/div>\n<\/div>\n<p><strong>Incluye:<\/strong> Bolsa para el polvo, caja<\/p>\n","protected":false},"excerpt":{"rendered":"<p>El compacto y c\u00f3modo bolso <strong>Louis Vuitton District PM<\/strong> de estilo bandolera. Con su cierre magn\u00e9tico y su bolsillo con cremallera en la parte trasera, es tan funcional como elegante. La bolsa se us\u00f3 2 veces y est\u00e1 en perfecto estado. Se incluyen la bolsa para el polvo original y la caja Louis Vuitton.<\/p>\n","protected":false},"featured_media":9592,"template":"","meta":[],"product_brand":[2437],"product_cat":[1849],"product_tag":[],"class_list":{"0":"post-9580","1":"product","2":"type-product","3":"status-publish","4":"has-post-thumbnail","6":"product_brand-louis-vuitton-es","7":"product_cat-otras-categorias","8":"pa_brand-louis-vuitton-es","9":"pa_color-negro","10":"pa_grade-grado-2","11":"pa_material-cuero","13":"first","14":"outofstock","15":"shipping-taxable","16":"product-type-simple"},"_links":{"self":[{"href":"https:\/\/handbag-sense.com\/es\/wp-json\/wp\/v2\/product\/9580","targetHints":{"allow":["GET"]}}],"collection":[{"href":"https:\/\/handbag-sense.com\/es\/wp-json\/wp\/v2\/product"}],"about":[{"href":"https:\/\/handbag-sense.com\/es\/wp-json\/wp\/v2\/types\/product"}],"wp:featuredmedia":[{"embeddable":true,"href":"https:\/\/handbag-sense.com\/es\/wp-json\/wp\/v2\/media\/9592"}],"wp:attachment":[{"href":"https:\/\/handbag-sense.com\/es\/wp-json\/wp\/v2\/media?parent=9580"}],"wp:term":[{"taxonomy":"product_brand","embeddable":true,"href":"https:\/\/handbag-sense.com\/es\/wp-json\/wp\/v2\/product_brand?post=9580"},{"taxonomy":"product_cat","embeddable":true,"href":"https:\/\/handbag-sense.com\/es\/wp-json\/wp\/v2\/product_cat?post=9580"},{"taxonomy":"product_tag","embeddable":true,"href":"https:\/\/handbag-sense.com\/es\/wp-json\/wp\/v2\/product_tag?post=9580"}],"curies":[{"name":"wp","href":"https:\/\/api.w.org\/{rel}","templated":true}]}}