{"id":9538,"date":"2023-09-23T13:04:52","date_gmt":"2023-09-23T11:04:52","guid":{"rendered":"https:\/\/handbag-sense.com\/product\/equipaje-mediano-en-piton-naranja\/"},"modified":"2025-06-20T16:11:10","modified_gmt":"2025-06-20T14:11:10","slug":"equipaje-mediano-en-piton-naranja","status":"publish","type":"product","link":"https:\/\/handbag-sense.com\/es\/producto\/equipaje-mediano-en-piton-naranja\/","title":{"rendered":"Equipaje Mediano en Pit\u00f3n Naranja"},"content":{"rendered":"<div class=\"c-columns-m-1 c-columns-2 c-columns-gap-s\">\n<div><strong>Material:<\/strong> Piel de pit\u00f3n<br \/>\n<strong>Color:<\/strong> Naranja<br \/>\n<strong>Elementos met\u00e1licos:<\/strong> Herrajes de oro<\/div>\n<div><strong>Grado:<\/strong> 3  <img decoding=\"async\" class=\"info_box alignnone size-medium wp-image-885\" title=\"Informaci\u00f3n\" role=\"img\" src=\"https:\/\/handbag-sense.com\/wp-content\/uploads\/2023\/05\/info_icon.svg\" alt=\"Cuadro de informaci\u00f3n\" width=\"15\" height=\"15\"><br \/>\n<strong>Material interior:<\/strong> Cuero<br \/>\n<strong>Tama\u00f1o:<\/strong> 31 x 29 x 18 cm<\/div>\n<div><strong>Condici\u00f3n:<\/strong> Usado<\/div>\n<\/div>\n<p><strong>Incluye:<\/strong> Bolsa para el polvo, caja<\/p>\n","protected":false},"excerpt":{"rendered":"<p>Este elegante bolso de mano <strong>Celine Luggage<\/strong> de tama\u00f1o mediano est\u00e1 hecho de <strong>pit\u00f3n naranja<\/strong> con herrajes en metal dorado, asa de pit\u00f3n doble para que el bolso sea c\u00f3modo de llevar en la mano. El interior del bolso est\u00e1 hecho de cuero naranja y se divide en un gran compartimento principal, as\u00ed como un bolsillo con cremallera, un bolsillo de parche y un bolsillo para el tel\u00e9fono m\u00f3vil. La bolsa se cierra con una cremallera, en la parte delantera de la bolsa hay un bolsillo con cremallera. El equipaje Celine ha sido usado 4 veces y est\u00e1 en excelentes condiciones, viene con bolsa para el polvo y en la caja original.<\/p>\n","protected":false},"featured_media":9565,"template":"","meta":[],"product_brand":[2406],"product_cat":[1813],"product_tag":[],"class_list":{"0":"post-9538","1":"product","2":"type-product","3":"status-publish","4":"has-post-thumbnail","6":"product_brand-celine-es","7":"product_cat-bolso","8":"pa_brand-celine-es","9":"pa_color-naranja","10":"pa_grade-grado-3","11":"pa_material-cuero","12":"pa_material-cuero-exotico","14":"first","15":"outofstock","16":"shipping-taxable","17":"product-type-simple"},"_links":{"self":[{"href":"https:\/\/handbag-sense.com\/es\/wp-json\/wp\/v2\/product\/9538","targetHints":{"allow":["GET"]}}],"collection":[{"href":"https:\/\/handbag-sense.com\/es\/wp-json\/wp\/v2\/product"}],"about":[{"href":"https:\/\/handbag-sense.com\/es\/wp-json\/wp\/v2\/types\/product"}],"wp:featuredmedia":[{"embeddable":true,"href":"https:\/\/handbag-sense.com\/es\/wp-json\/wp\/v2\/media\/9565"}],"wp:attachment":[{"href":"https:\/\/handbag-sense.com\/es\/wp-json\/wp\/v2\/media?parent=9538"}],"wp:term":[{"taxonomy":"product_brand","embeddable":true,"href":"https:\/\/handbag-sense.com\/es\/wp-json\/wp\/v2\/product_brand?post=9538"},{"taxonomy":"product_cat","embeddable":true,"href":"https:\/\/handbag-sense.com\/es\/wp-json\/wp\/v2\/product_cat?post=9538"},{"taxonomy":"product_tag","embeddable":true,"href":"https:\/\/handbag-sense.com\/es\/wp-json\/wp\/v2\/product_tag?post=9538"}],"curies":[{"name":"wp","href":"https:\/\/api.w.org\/{rel}","templated":true}]}}