{"id":9535,"date":"2023-09-12T23:52:19","date_gmt":"2023-09-12T21:52:19","guid":{"rendered":"https:\/\/handbag-sense.com\/product\/bolso-dotcom\/"},"modified":"2025-06-20T16:11:39","modified_gmt":"2025-06-20T14:11:39","slug":"bolso-dotcom","status":"publish","type":"product","link":"https:\/\/handbag-sense.com\/es\/producto\/bolso-dotcom\/","title":{"rendered":"Bolso Dotcom"},"content":{"rendered":"<div class=\"c-columns-m-1 c-columns-2 c-columns-gap-s\">\n<div><strong>Material:<\/strong> Becerro<br \/>\n<strong>Color:<\/strong> Azul<br \/>\n<strong>Elementos met\u00e1licos:<\/strong> Herrajes plateados<\/div>\n<div><strong>Grado:<\/strong> 3 <img decoding=\"async\" class=\"info_box alignnone size-medium wp-image-885\" title=\"Informaci\u00f3n\" role=\"img\" src=\"https:\/\/handbag-sense.com\/wp-content\/uploads\/2023\/05\/info_icon.svg\" alt=\"Cuadro de informaci\u00f3n\" width=\"15\" height=\"15\" \/><br \/>\n<strong>Tama\u00f1o:<\/strong> 30 x 24 x 14 cm<\/div>\n<\/div>\n","protected":false},"excerpt":{"rendered":"<p>El cl\u00e1sico bolso <strong>de mano Fendi Dotcom<\/strong> en piel de becerro. El interior de la bolsa est\u00e1 dividido en dos compartimentos con un divisor en el medio. Die Hardware ist silber. Adem\u00e1s, el bolso incluye una correa de hombro larga, ajustable y extra\u00edble, pero tambi\u00e9n se puede llevar en la mano debido al tobillo. En definitiva, un bolso c\u00f3modo y compacto, que representa el dise\u00f1o elegante y cl\u00e1sico de Fendi. La bolsa est\u00e1 en muy buenas condiciones. El bolso viene con una bolsa para el polvo original de Fendi, como protecci\u00f3n contra la lluvia.<\/p>\n","protected":false},"featured_media":9557,"template":"","meta":[],"product_brand":[2426],"product_cat":[1813],"product_tag":[],"class_list":{"0":"post-9535","1":"product","2":"type-product","3":"status-publish","4":"has-post-thumbnail","6":"product_brand-fendi-es","7":"product_cat-bolso","8":"pa_brand-fendi-es","9":"pa_color-azul","10":"pa_grade-grado-3","11":"pa_material-cuero","12":"pa_material-piel-de-ante","14":"first","15":"instock","16":"shipping-taxable","17":"purchasable","18":"product-type-simple"},"_links":{"self":[{"href":"https:\/\/handbag-sense.com\/es\/wp-json\/wp\/v2\/product\/9535","targetHints":{"allow":["GET"]}}],"collection":[{"href":"https:\/\/handbag-sense.com\/es\/wp-json\/wp\/v2\/product"}],"about":[{"href":"https:\/\/handbag-sense.com\/es\/wp-json\/wp\/v2\/types\/product"}],"wp:featuredmedia":[{"embeddable":true,"href":"https:\/\/handbag-sense.com\/es\/wp-json\/wp\/v2\/media\/9557"}],"wp:attachment":[{"href":"https:\/\/handbag-sense.com\/es\/wp-json\/wp\/v2\/media?parent=9535"}],"wp:term":[{"taxonomy":"product_brand","embeddable":true,"href":"https:\/\/handbag-sense.com\/es\/wp-json\/wp\/v2\/product_brand?post=9535"},{"taxonomy":"product_cat","embeddable":true,"href":"https:\/\/handbag-sense.com\/es\/wp-json\/wp\/v2\/product_cat?post=9535"},{"taxonomy":"product_tag","embeddable":true,"href":"https:\/\/handbag-sense.com\/es\/wp-json\/wp\/v2\/product_tag?post=9535"}],"curies":[{"name":"wp","href":"https:\/\/api.w.org\/{rel}","templated":true}]}}