{"id":9527,"date":"2023-05-21T15:40:19","date_gmt":"2023-05-21T13:40:19","guid":{"rendered":"https:\/\/handbag-sense.com\/product\/evelyne-ii-tpm-16-taurillon-clemence-chai\/"},"modified":"2025-06-20T16:14:28","modified_gmt":"2025-06-20T14:14:28","slug":"evelyne-ii-tpm-16-taurillon-clemence-chai","status":"publish","type":"product","link":"https:\/\/handbag-sense.com\/es\/producto\/evelyne-ii-tpm-16-taurillon-clemence-chai\/","title":{"rendered":"Evelyne II TPM 16 Taurillon Clemence Chai"},"content":{"rendered":"<div class=\"c-columns-m-1 c-columns-2 c-columns-gap-s\">\n<div><strong>Material:<\/strong> cuero clemence<br \/>\n<strong>Color:<\/strong> chai<br \/>\n<strong>Elementos met\u00e1licos:<\/strong> Herrajes de oro<br \/>\n<strong>Material interior:<\/strong> cuero<\/div>\n<div><strong>Grado: <\/strong> 1  <img decoding=\"async\" class=\"info_box alignnone size-medium wp-image-885\" title=\"Informaci\u00f3n\" role=\"img\" src=\"https:\/\/handbag-sense.com\/wp-content\/uploads\/2023\/05\/info_icon.svg\" alt=\"Cuadro de informaci\u00f3n\" width=\"15\" height=\"15\"><br \/>\n<strong>A\u00f1o de producci\u00f3n\/Sello:<\/strong> 2022 \/ U<br \/>\n<strong>Tama\u00f1o:<\/strong> 20 x 17 x 5 cm<br \/>\n<strong>Naviero:<\/strong> Mundial<\/div>\n<\/div>\n","protected":false},"excerpt":{"rendered":"<p>Este elegante <strong>Mini Evelyne<\/strong> en el <strong>color Chai<\/strong>hecho de <strong>piel de becerro Taurillon Clemence<\/strong> estructurada con herrajes dorados es absolutamente nuevo. El bolso tiene costuras tonales, cord\u00f3n y un H-Oval de Herm\u00e8s perforado en la parte delantera. El bolso se abre con una correa cruzada a un interior de cuero natural. Est\u00e1 equipado con un cintur\u00f3n extra\u00edble para el hombro\/cruzado de lona y cuero en el color Chai. \u00a1Este es un hermoso bolso de mensajer\u00eda de Herm\u00e8s, ideal para las necesidades diarias!<\/p>\n","protected":false},"featured_media":9549,"template":"","meta":[],"product_brand":[2433],"product_cat":[1818],"product_tag":[],"class_list":{"0":"post-9527","1":"product","2":"type-product","3":"status-publish","4":"has-post-thumbnail","6":"product_brand-hermes-es","7":"product_cat-bolso-pequeno","8":"pa_brand-hermes-es","9":"pa_color-beige-es","10":"pa_grade-grado-1","11":"pa_hermes-models-evelyne-es","12":"pa_material-cuero","14":"first","15":"outofstock","16":"shipping-taxable","17":"product-type-simple"},"_links":{"self":[{"href":"https:\/\/handbag-sense.com\/es\/wp-json\/wp\/v2\/product\/9527","targetHints":{"allow":["GET"]}}],"collection":[{"href":"https:\/\/handbag-sense.com\/es\/wp-json\/wp\/v2\/product"}],"about":[{"href":"https:\/\/handbag-sense.com\/es\/wp-json\/wp\/v2\/types\/product"}],"wp:featuredmedia":[{"embeddable":true,"href":"https:\/\/handbag-sense.com\/es\/wp-json\/wp\/v2\/media\/9549"}],"wp:attachment":[{"href":"https:\/\/handbag-sense.com\/es\/wp-json\/wp\/v2\/media?parent=9527"}],"wp:term":[{"taxonomy":"product_brand","embeddable":true,"href":"https:\/\/handbag-sense.com\/es\/wp-json\/wp\/v2\/product_brand?post=9527"},{"taxonomy":"product_cat","embeddable":true,"href":"https:\/\/handbag-sense.com\/es\/wp-json\/wp\/v2\/product_cat?post=9527"},{"taxonomy":"product_tag","embeddable":true,"href":"https:\/\/handbag-sense.com\/es\/wp-json\/wp\/v2\/product_tag?post=9527"}],"curies":[{"name":"wp","href":"https:\/\/api.w.org\/{rel}","templated":true}]}}