{"id":9522,"date":"2023-06-08T07:54:36","date_gmt":"2023-06-08T05:54:36","guid":{"rendered":"https:\/\/handbag-sense.com\/product\/mochila-atemporal-beige\/"},"modified":"2025-06-20T16:13:53","modified_gmt":"2025-06-20T14:13:53","slug":"mochila-atemporal-beige","status":"publish","type":"product","link":"https:\/\/handbag-sense.com\/es\/producto\/mochila-atemporal-beige\/","title":{"rendered":"Mochila Atemporal Beige"},"content":{"rendered":"<div class=\"c-columns-m-1 c-columns-2 c-columns-gap-s\">\n<div><strong>Material:<\/strong> Becerro<br \/>\n<strong>Color:<\/strong> Beige<br \/>\n<strong>Elementos met\u00e1licos:<\/strong> herrajes plateados<br \/>\n<strong>Material interior:<\/strong> forro textil<\/div>\n<div><strong>Calificaci\u00f3n: <\/strong> 3\/4  <img decoding=\"async\" class=\"info_box alignnone size-medium wp-image-885\" title=\"Informaci\u00f3n\" role=\"img\" src=\"https:\/\/handbag-sense.com\/wp-content\/uploads\/2023\/05\/info_icon.svg\" alt=\"Cuadro de informaci\u00f3n\" width=\"15\" height=\"15\"><br \/>\n<strong>A\u00f1o de producci\u00f3n\/carta:<\/strong> 2018, comienza con 257...<br \/>\n<strong>Tama\u00f1o:<\/strong> 26 x 20 x 15 cm<\/div>\n<\/div>\n<p><strong>Incluye:<\/strong> Tarjeta de autenticidad, bolsa para el polvo<\/p>\n","protected":false},"excerpt":{"rendered":"<p>La <strong>mochila CHANEL <\/strong>pertenece a los cl\u00e1sicos de CHANEL y siempre es una buena compa\u00f1era para el d\u00eda a d\u00eda. La mochila Chanel est\u00e1 confeccionada en piel de becerro de aspecto vintage en color beige, tiene 2 correas de cuero para los hombros y un asa corta con cadena plateada, por lo que el bolso se puede llevar sobre los hombros o en la mano, y un cierre CC en aspecto plateado. \u00a1Esta es una maravillosa bolsa de transporte que es ideal para un d\u00eda fuera! La mochila Chanel viene con la tarjeta de autenticidad y en la bolsa guardapolvo Chanel.<\/p>\n","protected":false},"featured_media":9539,"template":"","meta":[],"product_brand":[2418],"product_cat":[1845],"product_tag":[],"class_list":{"0":"post-9522","1":"product","2":"type-product","3":"status-publish","4":"has-post-thumbnail","6":"product_brand-chanel-es","7":"product_cat-mochila","8":"pa_brand-chanel-es","9":"pa_chanel-models-timeless-classique-es","10":"pa_color-beige-es","11":"pa_grade-grado-4","12":"pa_material-cuero","14":"first","15":"instock","16":"taxable","17":"shipping-taxable","18":"purchasable","19":"product-type-simple"},"_links":{"self":[{"href":"https:\/\/handbag-sense.com\/es\/wp-json\/wp\/v2\/product\/9522","targetHints":{"allow":["GET"]}}],"collection":[{"href":"https:\/\/handbag-sense.com\/es\/wp-json\/wp\/v2\/product"}],"about":[{"href":"https:\/\/handbag-sense.com\/es\/wp-json\/wp\/v2\/types\/product"}],"wp:featuredmedia":[{"embeddable":true,"href":"https:\/\/handbag-sense.com\/es\/wp-json\/wp\/v2\/media\/9539"}],"wp:attachment":[{"href":"https:\/\/handbag-sense.com\/es\/wp-json\/wp\/v2\/media?parent=9522"}],"wp:term":[{"taxonomy":"product_brand","embeddable":true,"href":"https:\/\/handbag-sense.com\/es\/wp-json\/wp\/v2\/product_brand?post=9522"},{"taxonomy":"product_cat","embeddable":true,"href":"https:\/\/handbag-sense.com\/es\/wp-json\/wp\/v2\/product_cat?post=9522"},{"taxonomy":"product_tag","embeddable":true,"href":"https:\/\/handbag-sense.com\/es\/wp-json\/wp\/v2\/product_tag?post=9522"}],"curies":[{"name":"wp","href":"https:\/\/api.w.org\/{rel}","templated":true}]}}