{"id":9506,"date":"2023-09-23T18:45:37","date_gmt":"2023-09-23T16:45:37","guid":{"rendered":"https:\/\/handbag-sense.com\/product\/mochila-damier-grafito\/"},"modified":"2025-06-20T16:10:41","modified_gmt":"2025-06-20T14:10:41","slug":"mochila-damier-grafito","status":"publish","type":"product","link":"https:\/\/handbag-sense.com\/es\/producto\/mochila-damier-grafito\/","title":{"rendered":"Mochila Damier Grafito"},"content":{"rendered":"<div class=\"c-columns-m-1 c-columns-2 c-columns-gap-s\">\n<div><strong>Material:<\/strong> Lona<br \/>\n<strong>Color:<\/strong> Grafito<br \/>\n<strong>Elementos met\u00e1licos:<\/strong> Metal plateado<\/div>\n<div><strong>Calificaci\u00f3n:<\/strong> 4  <img decoding=\"async\" class=\"info_box alignnone size-medium wp-image-885\" title=\"Informaci\u00f3n\" role=\"img\" src=\"https:\/\/handbag-sense.com\/wp-content\/uploads\/2023\/05\/info_icon.svg\" alt=\"Cuadro de informaci\u00f3n\" width=\"15\" height=\"15\"><br \/>\n<strong>Material interior:<\/strong> Forro textil<br \/>\n<strong>Tama\u00f1o:<\/strong> 26 x 45 x 18 cm<\/div>\n<div><strong>Condici\u00f3n:<\/strong> Usado<\/div>\n<\/div>\n","protected":false},"excerpt":{"rendered":"<p><strong>Mochila Louis Vuitton Damier Graphite.<\/strong>  Esta mochila espaciosa y ligera est\u00e1 confeccionada en la emblem\u00e1tica lona Damier con un sofisticado ribete de piel de vacuno. La mochila de Louis Vuitton rara vez se usaba y est\u00e1 en muy buenas condiciones.<\/p>\n","protected":false},"featured_media":9532,"template":"","meta":[],"product_brand":[2437],"product_cat":[1845],"product_tag":[],"class_list":{"0":"post-9506","1":"product","2":"type-product","3":"status-publish","4":"has-post-thumbnail","6":"product_brand-louis-vuitton-es","7":"product_cat-mochila","8":"pa_brand-louis-vuitton-es","9":"pa_color-negro","10":"pa_color-gris","11":"pa_grade-grado-4","12":"pa_material-cuero","13":"pa_material-lona","14":"pa_material-otros-materiales","16":"first","17":"instock","18":"taxable","19":"shipping-taxable","20":"purchasable","21":"product-type-simple"},"_links":{"self":[{"href":"https:\/\/handbag-sense.com\/es\/wp-json\/wp\/v2\/product\/9506","targetHints":{"allow":["GET"]}}],"collection":[{"href":"https:\/\/handbag-sense.com\/es\/wp-json\/wp\/v2\/product"}],"about":[{"href":"https:\/\/handbag-sense.com\/es\/wp-json\/wp\/v2\/types\/product"}],"wp:featuredmedia":[{"embeddable":true,"href":"https:\/\/handbag-sense.com\/es\/wp-json\/wp\/v2\/media\/9532"}],"wp:attachment":[{"href":"https:\/\/handbag-sense.com\/es\/wp-json\/wp\/v2\/media?parent=9506"}],"wp:term":[{"taxonomy":"product_brand","embeddable":true,"href":"https:\/\/handbag-sense.com\/es\/wp-json\/wp\/v2\/product_brand?post=9506"},{"taxonomy":"product_cat","embeddable":true,"href":"https:\/\/handbag-sense.com\/es\/wp-json\/wp\/v2\/product_cat?post=9506"},{"taxonomy":"product_tag","embeddable":true,"href":"https:\/\/handbag-sense.com\/es\/wp-json\/wp\/v2\/product_tag?post=9506"}],"curies":[{"name":"wp","href":"https:\/\/api.w.org\/{rel}","templated":true}]}}