{"id":9504,"date":"2023-09-21T20:21:39","date_gmt":"2023-09-21T18:21:39","guid":{"rendered":"https:\/\/handbag-sense.com\/product\/bolso-de-hombro-garavani-candystud-rojo\/"},"modified":"2025-06-20T16:11:15","modified_gmt":"2025-06-20T14:11:15","slug":"bolso-de-hombro-garavani-candystud-rojo","status":"publish","type":"product","link":"https:\/\/handbag-sense.com\/es\/producto\/bolso-de-hombro-garavani-candystud-rojo\/","title":{"rendered":"Bolso de hombro Garavani Candystud rojo"},"content":{"rendered":"<div class=\"c-columns-m-1 c-columns-2 c-columns-gap-s\">\n<div><strong>Material:<\/strong> piel de cordero<br \/>\n<strong>Color:<\/strong> Rojo<br \/>\n<strong>Elementos met\u00e1licos:<\/strong> Herrajes de oro<\/div>\n<div><strong>Grado:<\/strong> 1  <img decoding=\"async\" class=\"info_box alignnone size-medium wp-image-885\" title=\"Informaci\u00f3n\" role=\"img\" src=\"https:\/\/handbag-sense.com\/wp-content\/uploads\/2023\/05\/info_icon.svg\" alt=\"Cuadro de informaci\u00f3n\" width=\"15\" height=\"15\"><br \/>\n<strong>Material interior:<\/strong> Cuero<br \/>\n<strong>Tama\u00f1o:<\/strong> 23 x 14 x 10 cm<\/div>\n<\/div>\n","protected":false},"excerpt":{"rendered":"<p>Valentino Garavani CandyBolso bandolera de tachuelas en suave piel de cordero en color rojo. Bolso peque\u00f1o acolchado en suave napa con adornos de tachuelas caracter\u00edsticos, solapa frontal y cierre giratorio, cadena desmontable y bandolera de piel. Nombre del color del dise\u00f1ador: Rosso Valentino. El bolso viene con una bolsa para el polvo de Valentino.<\/p>\n","protected":false},"featured_media":9516,"template":"","meta":[],"product_brand":[2441],"product_cat":[1818,1840],"product_tag":[],"class_list":{"0":"post-9504","1":"product","2":"type-product","3":"status-publish","4":"has-post-thumbnail","6":"product_brand-valentino-es","7":"product_cat-bolso-pequeno","8":"product_cat-clutch-pochette","9":"pa_brand-valentino-es","10":"pa_color-rojo","11":"pa_grade-grado-1","12":"pa_material-cuero","14":"first","15":"outofstock","16":"shipping-taxable","17":"purchasable","18":"product-type-simple"},"_links":{"self":[{"href":"https:\/\/handbag-sense.com\/es\/wp-json\/wp\/v2\/product\/9504","targetHints":{"allow":["GET"]}}],"collection":[{"href":"https:\/\/handbag-sense.com\/es\/wp-json\/wp\/v2\/product"}],"about":[{"href":"https:\/\/handbag-sense.com\/es\/wp-json\/wp\/v2\/types\/product"}],"wp:featuredmedia":[{"embeddable":true,"href":"https:\/\/handbag-sense.com\/es\/wp-json\/wp\/v2\/media\/9516"}],"wp:attachment":[{"href":"https:\/\/handbag-sense.com\/es\/wp-json\/wp\/v2\/media?parent=9504"}],"wp:term":[{"taxonomy":"product_brand","embeddable":true,"href":"https:\/\/handbag-sense.com\/es\/wp-json\/wp\/v2\/product_brand?post=9504"},{"taxonomy":"product_cat","embeddable":true,"href":"https:\/\/handbag-sense.com\/es\/wp-json\/wp\/v2\/product_cat?post=9504"},{"taxonomy":"product_tag","embeddable":true,"href":"https:\/\/handbag-sense.com\/es\/wp-json\/wp\/v2\/product_tag?post=9504"}],"curies":[{"name":"wp","href":"https:\/\/api.w.org\/{rel}","templated":true}]}}