{"id":9484,"date":"2023-05-21T13:43:38","date_gmt":"2023-05-21T11:43:38","guid":{"rendered":"https:\/\/handbag-sense.com\/product\/constance-24-cocodrilo-matte-vert-titien-con-marmol-turquesa-on-hold\/"},"modified":"2025-06-20T16:14:34","modified_gmt":"2025-06-20T14:14:34","slug":"constance-24-cocodrilo-matte-vert-titien-con-marmol-turquesa-on-hold","status":"publish","type":"product","link":"https:\/\/handbag-sense.com\/es\/producto\/constance-24-cocodrilo-matte-vert-titien-con-marmol-turquesa-on-hold\/","title":{"rendered":"Constance 24 Cocodrilo Matte Vert Titien con M\u00e1rmol Turquesa. On hold"},"content":{"rendered":"<div class=\"c-columns-m-1 c-columns-2 c-columns-gap-s\">\n<div><strong>Material:<\/strong> Piel de cocodrilo, mate<br \/>\n<strong>Color:<\/strong> Vert Titien<br \/>\n<strong>Elementos met\u00e1licos:<\/strong> Herrajes Turquesa \/ Paladio<br \/>\n<strong>Material interior:<\/strong> cuero<\/div>\n<div><strong>Grado: <\/strong> 3  <img decoding=\"async\" class=\"info_box alignnone size-medium wp-image-885\" title=\"Informaci\u00f3n\" role=\"img\" src=\"https:\/\/handbag-sense.com\/wp-content\/uploads\/2023\/05\/info_icon.svg\" alt=\"Cuadro de informaci\u00f3n\" width=\"15\" height=\"15\"><br \/>\n<strong>A\u00f1o de producci\u00f3n\/Sello:<\/strong> 2018 \/A<br \/>\n<strong>Tama\u00f1o:<\/strong> 24 x 18 x 5 cm<br \/>\n<strong>Naviero:<\/strong> Mundial<\/div>\n<div><strong>Condici\u00f3n:<\/strong> Usado<\/div>\n<\/div>\n<p><strong>Incluye:<\/strong> Recibo original, certificado Cites, bolsa para el polvo, fieltro, folleto, caja<\/p>\n","protected":false},"excerpt":{"rendered":"<p>Este <strong>Herm\u00e8s Constance 24 <\/strong>limitado y muy raro en el color <strong>Vert Titien<\/strong> est\u00e1 hecho de <strong>piel de cocodrilo de cocodrilo<\/strong> mate con m\u00e1rmol turquesa y herrajes de paladio. El precioso bolso Constance tiene costuras tonales, un cierre en \"H\" de m\u00e1rmol turquesa y una correa ajustable para el hombro. El precioso bolso Constance tiene costuras tonales, un cierre en forma de \"H\" de m\u00e1rmol turquesa y una bandolera. El interior est\u00e1 forrado en piel y tiene un bolsillo con cremallera con una cola <strong>de Herm\u00e8s<\/strong> grabada. La bolsa se us\u00f3 3 veces y est\u00e1 en excelentes condiciones. La bolsa viene con la factura original, los datos personales est\u00e1n tachados, con el certificado Cites, en la bolsa guardapolvo y en la caja Herm\u00e8s.<\/p>\n","protected":false},"featured_media":9505,"template":"","meta":[],"product_brand":[2433],"product_cat":[1813,1838],"product_tag":[],"class_list":{"0":"post-9484","1":"product","2":"type-product","3":"status-publish","4":"has-post-thumbnail","6":"product_brand-hermes-es","7":"product_cat-bolso","8":"product_cat-bolso-de-noche","9":"pa_brand-hermes-es","10":"pa_color-verde","11":"pa_grade-grado-3","12":"pa_hermes-models-constance-es","13":"pa_material-cuero-exotico","15":"first","16":"outofstock","17":"shipping-taxable","18":"purchasable","19":"product-type-simple"},"_links":{"self":[{"href":"https:\/\/handbag-sense.com\/es\/wp-json\/wp\/v2\/product\/9484","targetHints":{"allow":["GET"]}}],"collection":[{"href":"https:\/\/handbag-sense.com\/es\/wp-json\/wp\/v2\/product"}],"about":[{"href":"https:\/\/handbag-sense.com\/es\/wp-json\/wp\/v2\/types\/product"}],"wp:featuredmedia":[{"embeddable":true,"href":"https:\/\/handbag-sense.com\/es\/wp-json\/wp\/v2\/media\/9505"}],"wp:attachment":[{"href":"https:\/\/handbag-sense.com\/es\/wp-json\/wp\/v2\/media?parent=9484"}],"wp:term":[{"taxonomy":"product_brand","embeddable":true,"href":"https:\/\/handbag-sense.com\/es\/wp-json\/wp\/v2\/product_brand?post=9484"},{"taxonomy":"product_cat","embeddable":true,"href":"https:\/\/handbag-sense.com\/es\/wp-json\/wp\/v2\/product_cat?post=9484"},{"taxonomy":"product_tag","embeddable":true,"href":"https:\/\/handbag-sense.com\/es\/wp-json\/wp\/v2\/product_tag?post=9484"}],"curies":[{"name":"wp","href":"https:\/\/api.w.org\/{rel}","templated":true}]}}