{"id":9460,"date":"2023-06-08T01:22:35","date_gmt":"2023-06-07T23:22:35","guid":{"rendered":"https:\/\/handbag-sense.com\/product\/bolsa-de-compras-pequena\/"},"modified":"2025-06-20T16:14:17","modified_gmt":"2025-06-20T14:14:17","slug":"bolsa-de-compras-pequena","status":"publish","type":"product","link":"https:\/\/handbag-sense.com\/es\/producto\/bolsa-de-compras-pequena\/","title":{"rendered":"Bolsa de compras peque\u00f1a"},"content":{"rendered":"<div class=\"c-columns-m-1 c-columns-2 c-columns-gap-s\">\n<div><strong>Material:<\/strong> cuero caviar<br \/>\n<strong>Color:<\/strong> plata metalizada<br \/>\n<strong>Elementos met\u00e1licos:<\/strong> herrajes soldados<br \/>\n<strong>Material interior:<\/strong> forro textil<\/div>\n<div><strong>Grado:<\/strong> 5  <img decoding=\"async\" class=\"info_box alignnone size-medium wp-image-885\" title=\"Informaci\u00f3n\" role=\"img\" src=\"https:\/\/handbag-sense.com\/wp-content\/uploads\/2023\/05\/info_icon.svg\" alt=\"Cuadro de informaci\u00f3n\" width=\"15\" height=\"15\"><br \/>\n<strong>Tama\u00f1o:<\/strong> 24 x 24 x 8 cm<br \/>\n<strong>A\u00f1o de producci\u00f3n \/ N\u00famero de serie:<\/strong> 2005 \u2013 2006, comienza con 102...<\/div>\n<div><strong>Condici\u00f3n:<\/strong> Usado<\/div>\n<\/div>\n","protected":false},"excerpt":{"rendered":"<p>Este <strong>bolso Tote Shopping Shopping de Chanel<\/strong> est\u00e1 confeccionado en <strong>piel caviar<\/strong> en color plateado metalizado, tiene bandoleras con eslabones plateados para que el bolso se pueda llevar largo o corto sobre el hombro, y tiene un logotipo de Chanel CC bordado en la parte delantera. El bolso tiene una parte superior abierta con un cierre magn\u00e9tico, el interior est\u00e1 hecho de tela y est\u00e1 dividido en un compartimento principal con un bolsillo y un compartimento con cremallera. Hay otro bolsillo de parche en la parte posterior de la bolsa. Colecci\u00f3n <strong>Pret \u00e0 Porter<\/strong>, ca. 2005-2006, dise\u00f1ador <strong>Karl Lagerfeld<\/strong>.<\/p>\n","protected":false},"featured_media":9494,"template":"","meta":[],"product_brand":[2418],"product_cat":[1813,1815],"product_tag":[],"class_list":{"0":"post-9460","1":"product","2":"type-product","3":"status-publish","4":"has-post-thumbnail","6":"product_brand-chanel-es","7":"product_cat-bolso","8":"product_cat-comprador","9":"pa_brand-chanel-es","10":"pa_chanel-models-classic-cc-shopping-es","11":"pa_color-metalico","12":"pa_color-plata","13":"pa_grade-grado-5","14":"pa_material-cuero","16":"first","17":"instock","18":"shipping-taxable","19":"purchasable","20":"product-type-simple"},"_links":{"self":[{"href":"https:\/\/handbag-sense.com\/es\/wp-json\/wp\/v2\/product\/9460","targetHints":{"allow":["GET"]}}],"collection":[{"href":"https:\/\/handbag-sense.com\/es\/wp-json\/wp\/v2\/product"}],"about":[{"href":"https:\/\/handbag-sense.com\/es\/wp-json\/wp\/v2\/types\/product"}],"wp:featuredmedia":[{"embeddable":true,"href":"https:\/\/handbag-sense.com\/es\/wp-json\/wp\/v2\/media\/9494"}],"wp:attachment":[{"href":"https:\/\/handbag-sense.com\/es\/wp-json\/wp\/v2\/media?parent=9460"}],"wp:term":[{"taxonomy":"product_brand","embeddable":true,"href":"https:\/\/handbag-sense.com\/es\/wp-json\/wp\/v2\/product_brand?post=9460"},{"taxonomy":"product_cat","embeddable":true,"href":"https:\/\/handbag-sense.com\/es\/wp-json\/wp\/v2\/product_cat?post=9460"},{"taxonomy":"product_tag","embeddable":true,"href":"https:\/\/handbag-sense.com\/es\/wp-json\/wp\/v2\/product_tag?post=9460"}],"curies":[{"name":"wp","href":"https:\/\/api.w.org\/{rel}","templated":true}]}}