{"id":9459,"date":"2023-09-23T18:08:50","date_gmt":"2023-09-23T16:08:50","guid":{"rendered":"https:\/\/handbag-sense.com\/product\/kelly-28-epsom-etoupe\/"},"modified":"2025-06-20T16:10:47","modified_gmt":"2025-06-20T14:10:47","slug":"kelly-28-epsom-etoupe","status":"publish","type":"product","link":"https:\/\/handbag-sense.com\/es\/producto\/kelly-28-epsom-etoupe\/","title":{"rendered":"Kelly 28 Epsom Etoupe"},"content":{"rendered":"<div class=\"c-columns-m-1 c-columns-2 c-columns-gap-s\">\n<div><strong>Material:<\/strong> Cuero Epsom<br \/>\n<strong>Color:<\/strong> Etoupe<br \/>\n<strong>Elementos met\u00e1licos:<\/strong> Herrajes de oro<br \/>\n<strong>Material interior:<\/strong> Cuero<\/div>\n<div><strong>Grado:<\/strong> 1  <img decoding=\"async\" class=\"info_box alignnone size-medium wp-image-885\" title=\"Informaci\u00f3n\" role=\"img\" src=\"https:\/\/handbag-sense.com\/wp-content\/uploads\/2023\/05\/info_icon.svg\" alt=\"Cuadro de informaci\u00f3n\" width=\"15\" height=\"15\"><br \/>\n<strong>A\u00f1o de producci\u00f3n\/Sello:<\/strong> 2023 \/ B<br \/>\n<strong>Tama\u00f1o:<\/strong> 28 x 22 x 10 cm<br \/>\n<strong>Naviero:<\/strong> Mundial<\/div>\n<\/div>\n<p><strong>Incluye:<\/strong> Recibo original, bolsa guardapolvo, correa, clochette, cerradura, llaves, impermeable, fieltro, folleto, caja<\/p>\n","protected":false},"excerpt":{"rendered":"<p><strong>Herm\u00e8s Kelly 28 Sellier Epsom Etoupe Gold Hardeware<\/strong>. Este elegante bolso Kelly 28 en color etoupe est\u00e1 hecho de cuero Epsom duradero con herrajes dorados. Se incluyen una cerradura, dos llaves, la correa original, la bolsa guardapolvo original, la caja Herm\u00e8s y la factura original de 2023. Tambi\u00e9n se puede llevar maravillosamente como bandolera. El bolso Kelly de la casa Herm\u00e8s es considerado un icono absoluto entre los bolsos y ha sido sin\u00f3nimo de elegancia y clase durante d\u00e9cadas. El bolso <strong>Kelly 28 Sellier Epsom <\/strong>es nuevo, nunca se ha usado y tiene el sello B.<\/p>\n","protected":false},"featured_media":9490,"template":"","meta":[],"product_brand":[2433],"product_cat":[1813],"product_tag":[],"class_list":{"0":"post-9459","1":"product","2":"type-product","3":"status-publish","4":"has-post-thumbnail","6":"product_brand-hermes-es","7":"product_cat-bolso","8":"pa_brand-hermes-es","9":"pa_color-taupe-es","10":"pa_grade-grado-1","11":"pa_hermes-models-kelly-es","12":"pa_material-cuero","14":"first","15":"outofstock","16":"shipping-taxable","17":"product-type-simple"},"_links":{"self":[{"href":"https:\/\/handbag-sense.com\/es\/wp-json\/wp\/v2\/product\/9459","targetHints":{"allow":["GET"]}}],"collection":[{"href":"https:\/\/handbag-sense.com\/es\/wp-json\/wp\/v2\/product"}],"about":[{"href":"https:\/\/handbag-sense.com\/es\/wp-json\/wp\/v2\/types\/product"}],"wp:featuredmedia":[{"embeddable":true,"href":"https:\/\/handbag-sense.com\/es\/wp-json\/wp\/v2\/media\/9490"}],"wp:attachment":[{"href":"https:\/\/handbag-sense.com\/es\/wp-json\/wp\/v2\/media?parent=9459"}],"wp:term":[{"taxonomy":"product_brand","embeddable":true,"href":"https:\/\/handbag-sense.com\/es\/wp-json\/wp\/v2\/product_brand?post=9459"},{"taxonomy":"product_cat","embeddable":true,"href":"https:\/\/handbag-sense.com\/es\/wp-json\/wp\/v2\/product_cat?post=9459"},{"taxonomy":"product_tag","embeddable":true,"href":"https:\/\/handbag-sense.com\/es\/wp-json\/wp\/v2\/product_tag?post=9459"}],"curies":[{"name":"wp","href":"https:\/\/api.w.org\/{rel}","templated":true}]}}