{"id":9455,"date":"2023-09-12T23:13:41","date_gmt":"2023-09-12T21:13:41","guid":{"rendered":"https:\/\/handbag-sense.com\/product\/bolso-de-compras-grande-gabrielle-bicolor\/"},"modified":"2025-06-20T16:11:44","modified_gmt":"2025-06-20T14:11:44","slug":"bolso-de-compras-grande-gabrielle-bicolor","status":"publish","type":"product","link":"https:\/\/handbag-sense.com\/es\/producto\/bolso-de-compras-grande-gabrielle-bicolor\/","title":{"rendered":"Bolso de compras grande Gabrielle bicolor"},"content":{"rendered":"<div class=\"c-columns-m-1 c-columns-2 c-columns-gap-s\">\n<div><strong>Material:<\/strong> piel de becerro envejecida<br \/>\n<strong>Color:<\/strong> azul \/ negro<br \/>\n<strong>Elementos met\u00e1licos:<\/strong> herrajes de 3 tonos<br \/>\n<strong>Material interior:<\/strong> forro textil<\/div>\n<div><strong>Calificaci\u00f3n: <\/strong> 4  <img decoding=\"async\" class=\"info_box alignnone size-medium wp-image-885\" title=\"Informaci\u00f3n\" role=\"img\" src=\"https:\/\/handbag-sense.com\/wp-content\/uploads\/2023\/05\/info_icon.svg\" alt=\"Cuadro de informaci\u00f3n\" width=\"15\" height=\"15\"><br \/>\n<strong>A\u00f1o de producci\u00f3n\/carta:<\/strong> 2017 \u2013 2018, a partir de 242...<br \/>\n<strong>Tama\u00f1o:<\/strong> 35 x 32 x 10 cm<\/div>\n<div><strong>Condici\u00f3n:<\/strong> Usado<\/div>\n<\/div>\n<p><strong>Incluye:<\/strong> Tarjeta de autenticidad, bolsa para el polvo<\/p>\n","protected":false},"excerpt":{"rendered":"<p>Este bolso de ensue\u00f1o es uno de <strong>los cl\u00e1sicos de CHANEL<\/strong> , lo que lo convierte en un compa\u00f1ero atemporal y siempre buscado para el d\u00eda a d\u00eda.  <strong>El bolso Chanel Gabrielle grande Shopping Tote<\/strong> est\u00e1 confeccionado en piel de becerro envejecida en 2 colores azul y negro, tiene dos asas y bandolera con cadena en 3 tonos de color, para que el bolso se pueda llevar largo o corto sobre el hombro. El forro interior es de tela roja La combinaci\u00f3n de la correa ajustable para el hombro y los herrajes trenzados significa que hay tres formas diferentes de llevar el bolso: cruzado, sobre el hombro o una combinaci\u00f3n de ambos. Aquellos a los que les gusta llevar el bolso en la mano tambi\u00e9n tienen esta opci\u00f3n con este bolso. \u00a1Esta es una maravillosa bolsa de transporte que es ideal para un d\u00eda fuera! El bolso viene con la tarjeta de autenticidad en la bolsa antipolvo de Chanel.<\/p>\n","protected":false},"featured_media":9481,"template":"","meta":[],"product_brand":[2418],"product_cat":[1813],"product_tag":[],"class_list":{"0":"post-9455","1":"product","2":"type-product","3":"status-publish","4":"has-post-thumbnail","6":"product_brand-chanel-es","7":"product_cat-bolso","8":"pa_brand-chanel-es","9":"pa_chanel-models-gabrielle-es","10":"pa_color-negro","11":"pa_color-azul","12":"pa_grade-grado-4","13":"pa_material-cuero","15":"first","16":"instock","17":"taxable","18":"shipping-taxable","19":"purchasable","20":"product-type-simple"},"_links":{"self":[{"href":"https:\/\/handbag-sense.com\/es\/wp-json\/wp\/v2\/product\/9455","targetHints":{"allow":["GET"]}}],"collection":[{"href":"https:\/\/handbag-sense.com\/es\/wp-json\/wp\/v2\/product"}],"about":[{"href":"https:\/\/handbag-sense.com\/es\/wp-json\/wp\/v2\/types\/product"}],"wp:featuredmedia":[{"embeddable":true,"href":"https:\/\/handbag-sense.com\/es\/wp-json\/wp\/v2\/media\/9481"}],"wp:attachment":[{"href":"https:\/\/handbag-sense.com\/es\/wp-json\/wp\/v2\/media?parent=9455"}],"wp:term":[{"taxonomy":"product_brand","embeddable":true,"href":"https:\/\/handbag-sense.com\/es\/wp-json\/wp\/v2\/product_brand?post=9455"},{"taxonomy":"product_cat","embeddable":true,"href":"https:\/\/handbag-sense.com\/es\/wp-json\/wp\/v2\/product_cat?post=9455"},{"taxonomy":"product_tag","embeddable":true,"href":"https:\/\/handbag-sense.com\/es\/wp-json\/wp\/v2\/product_tag?post=9455"}],"curies":[{"name":"wp","href":"https:\/\/api.w.org\/{rel}","templated":true}]}}