{"id":9447,"date":"2023-06-08T02:18:04","date_gmt":"2023-06-08T00:18:04","guid":{"rendered":"https:\/\/handbag-sense.com\/product\/avestruz-flequillo-hobo\/"},"modified":"2025-06-20T16:14:02","modified_gmt":"2025-06-20T14:14:02","slug":"avestruz-flequillo-hobo","status":"publish","type":"product","link":"https:\/\/handbag-sense.com\/es\/producto\/avestruz-flequillo-hobo\/","title":{"rendered":"Avestruz Flequillo Hobo"},"content":{"rendered":"<div class=\"c-columns-m-1 c-columns-2 c-columns-gap-s\">\n<div><strong>Material:<\/strong> piel de avestruz<br \/>\n<strong>Color:<\/strong> rojo <strong>\/ <\/strong>marr\u00f3n<br \/>\n<strong>Elementos met\u00e1licos:<\/strong> herrajes plateados<br \/>\n<strong>Material interior:<\/strong> satinado<\/div>\n<div><strong>Calificaci\u00f3n:<\/strong> 4  <img decoding=\"async\" class=\"info_box alignnone size-medium wp-image-885\" title=\"Informaci\u00f3n\" role=\"img\" src=\"https:\/\/handbag-sense.com\/wp-content\/uploads\/2023\/05\/info_icon.svg\" alt=\"Cuadro de informaci\u00f3n\" width=\"15\" height=\"15\"><br \/>\n<strong>Tama\u00f1o:<\/strong> 30 x 16.5 x 31.5 cm<\/div>\n<\/div>\n","protected":false},"excerpt":{"rendered":"<p>Este <strong>bolso Hobo <\/strong>es lujoso, con su ex\u00f3tica piel de avestruz y su acento con tachuelas en la solapa met\u00e1lica para cerrar. Las dos asas superiores tienen la longitud perfecta para llevarlo c\u00f3modamente sobre el hombro y hay una selecci\u00f3n de bolsillos internos en el espacioso interior forrado de sat\u00e9n. Decorado con densos detalles de flecos en la parte delantera, este hermoso bolso refleja la dedicaci\u00f3n de <strong>Celine<\/strong> a la artesan\u00eda.<\/p>\n","protected":false},"featured_media":9466,"template":"","meta":[],"product_brand":[2406],"product_cat":[1813],"product_tag":[],"class_list":{"0":"post-9447","1":"product","2":"type-product","3":"status-publish","4":"has-post-thumbnail","6":"product_brand-celine-es","7":"product_cat-bolso","8":"pa_brand-celine-es","9":"pa_color-marron","10":"pa_color-rojo","11":"pa_grade-grado-4","12":"pa_material-cuero-exotico","14":"first","15":"instock","16":"shipping-taxable","17":"purchasable","18":"product-type-simple"},"_links":{"self":[{"href":"https:\/\/handbag-sense.com\/es\/wp-json\/wp\/v2\/product\/9447","targetHints":{"allow":["GET"]}}],"collection":[{"href":"https:\/\/handbag-sense.com\/es\/wp-json\/wp\/v2\/product"}],"about":[{"href":"https:\/\/handbag-sense.com\/es\/wp-json\/wp\/v2\/types\/product"}],"wp:featuredmedia":[{"embeddable":true,"href":"https:\/\/handbag-sense.com\/es\/wp-json\/wp\/v2\/media\/9466"}],"wp:attachment":[{"href":"https:\/\/handbag-sense.com\/es\/wp-json\/wp\/v2\/media?parent=9447"}],"wp:term":[{"taxonomy":"product_brand","embeddable":true,"href":"https:\/\/handbag-sense.com\/es\/wp-json\/wp\/v2\/product_brand?post=9447"},{"taxonomy":"product_cat","embeddable":true,"href":"https:\/\/handbag-sense.com\/es\/wp-json\/wp\/v2\/product_cat?post=9447"},{"taxonomy":"product_tag","embeddable":true,"href":"https:\/\/handbag-sense.com\/es\/wp-json\/wp\/v2\/product_tag?post=9447"}],"curies":[{"name":"wp","href":"https:\/\/api.w.org\/{rel}","templated":true}]}}