{"id":9400,"date":"2023-09-20T23:47:34","date_gmt":"2023-09-20T21:47:34","guid":{"rendered":"https:\/\/handbag-sense.com\/product\/lindy-mini-en-piel-swift-color-azul-brume\/"},"modified":"2025-06-20T16:11:21","modified_gmt":"2025-06-20T14:11:21","slug":"lindy-mini-en-piel-swift-color-azul-brume","status":"publish","type":"product","link":"https:\/\/handbag-sense.com\/es\/producto\/lindy-mini-en-piel-swift-color-azul-brume\/","title":{"rendered":"Lindy Mini en Piel Swift, color azul Brume"},"content":{"rendered":"<div class=\"c-columns-m-1 c-columns-2 c-columns-gap-s\">\n<div><strong>Material:<\/strong> Cuero Swift<br \/>\n<strong>Color:<\/strong> Bruma azul<br \/>\n<strong>Elementos met\u00e1licos:<\/strong> Herrajes de oro<br \/>\n<strong>Material interior:<\/strong> Cuero<\/div>\n<div><strong>Medidas:<\/strong> 19,5 x 12,5 x 9,5 cm<br \/>\n<strong>A\u00f1o de producci\u00f3n\/carta:<\/strong> 2022, Stamp Z<br \/>\n<strong>Condici\u00f3n:<\/strong> Usado<\/div>\n<\/div>\n","protected":false},"excerpt":{"rendered":"<p>Este elegante bolso <strong>de mano Mini Lindy <\/strong>en color <strong>Blue Brume<\/strong> est\u00e1 confeccionado en lujosa <strong>piel Swift.<\/strong> El bolso es absolutamente nuevo, cuenta con asas de cuero enrolladas en la parte delantera, correa cruzada de cuero, solapa superior y cierre giratorio plateado. El interior del bolso est\u00e1 hecho de cuero liso con bolsillos de parche y espacio para los elementos esenciales del d\u00eda a d\u00eda.<\/p>\n","protected":false},"featured_media":9421,"template":"","meta":[],"product_brand":[2433],"product_cat":[1815,1818,1820],"product_tag":[],"class_list":{"0":"post-9400","1":"product","2":"type-product","3":"status-publish","4":"has-post-thumbnail","6":"product_brand-hermes-es","7":"product_cat-comprador","8":"product_cat-bolso-pequeno","9":"product_cat-bolso-cruzado","10":"pa_brand-hermes-es","11":"pa_color-azul","12":"pa_color-violeta","13":"pa_hermes-models-lindy-es","14":"pa_material-cuero","16":"first","17":"outofstock","18":"shipping-taxable","19":"product-type-simple"},"_links":{"self":[{"href":"https:\/\/handbag-sense.com\/es\/wp-json\/wp\/v2\/product\/9400","targetHints":{"allow":["GET"]}}],"collection":[{"href":"https:\/\/handbag-sense.com\/es\/wp-json\/wp\/v2\/product"}],"about":[{"href":"https:\/\/handbag-sense.com\/es\/wp-json\/wp\/v2\/types\/product"}],"wp:featuredmedia":[{"embeddable":true,"href":"https:\/\/handbag-sense.com\/es\/wp-json\/wp\/v2\/media\/9421"}],"wp:attachment":[{"href":"https:\/\/handbag-sense.com\/es\/wp-json\/wp\/v2\/media?parent=9400"}],"wp:term":[{"taxonomy":"product_brand","embeddable":true,"href":"https:\/\/handbag-sense.com\/es\/wp-json\/wp\/v2\/product_brand?post=9400"},{"taxonomy":"product_cat","embeddable":true,"href":"https:\/\/handbag-sense.com\/es\/wp-json\/wp\/v2\/product_cat?post=9400"},{"taxonomy":"product_tag","embeddable":true,"href":"https:\/\/handbag-sense.com\/es\/wp-json\/wp\/v2\/product_tag?post=9400"}],"curies":[{"name":"wp","href":"https:\/\/api.w.org\/{rel}","templated":true}]}}