{"id":9395,"date":"2023-06-08T01:14:50","date_gmt":"2023-06-07T23:14:50","guid":{"rendered":"https:\/\/handbag-sense.com\/product\/bolso-cabat\/"},"modified":"2025-06-20T16:14:23","modified_gmt":"2025-06-20T14:14:23","slug":"bolso-cabat","status":"publish","type":"product","link":"https:\/\/handbag-sense.com\/es\/producto\/bolso-cabat\/","title":{"rendered":"Bolso Cabat"},"content":{"rendered":"<div class=\"c-columns-m-1 c-columns-2 c-columns-gap-s\">\n<div><strong>Material:<\/strong> piel de cabra<br \/>\n<strong>Color:<\/strong> naranja<br \/>\n<strong>Elementos met\u00e1licos:<\/strong> herrajes dorados<br \/>\n<strong>Material interior:<\/strong> cuero<\/div>\n<div><strong>Calificaci\u00f3n:<\/strong> 4  <img decoding=\"async\" class=\"info_box alignnone size-medium wp-image-885\" title=\"Informaci\u00f3n\" role=\"img\" src=\"https:\/\/handbag-sense.com\/wp-content\/uploads\/2023\/05\/info_icon.svg\" alt=\"Cuadro de informaci\u00f3n\" width=\"15\" height=\"15\"><br \/>\n<strong>Tama\u00f1o:<\/strong> 43 x 20 x 30 cm<\/div>\n<\/div>\n","protected":false},"excerpt":{"rendered":"<p>El bolso <strong>Cabat 43<\/strong> es un bolso elegante y discreto de <strong>Bottega Veneta<\/strong>. Este shopper es el modelo m\u00e1s legendario de Bottega Veneta y lo combina todo: mano de obra perfecta, dise\u00f1o sencillo, funcionalidad moderna y la m\u00e1s alta calidad. Este <strong>Cabat<\/strong> naranja est\u00e1 tejido a mano con piel de cabra, tiene asas enrolladas y un bolsillo interior con cremallera con una etiqueta con el logotipo de Edici\u00f3n Limitada grabada.<\/p>\n","protected":false},"featured_media":9416,"template":"","meta":[],"product_brand":[2411],"product_cat":[1813],"product_tag":[],"class_list":{"0":"post-9395","1":"product","2":"type-product","3":"status-publish","4":"has-post-thumbnail","6":"product_brand-bottega-veneta-es","7":"product_cat-bolso","8":"pa_brand-bottega-veneta-es","9":"pa_color-naranja","10":"pa_grade-grado-4","11":"pa_material-cuero","13":"first","14":"instock","15":"shipping-taxable","16":"purchasable","17":"product-type-simple"},"_links":{"self":[{"href":"https:\/\/handbag-sense.com\/es\/wp-json\/wp\/v2\/product\/9395","targetHints":{"allow":["GET"]}}],"collection":[{"href":"https:\/\/handbag-sense.com\/es\/wp-json\/wp\/v2\/product"}],"about":[{"href":"https:\/\/handbag-sense.com\/es\/wp-json\/wp\/v2\/types\/product"}],"wp:featuredmedia":[{"embeddable":true,"href":"https:\/\/handbag-sense.com\/es\/wp-json\/wp\/v2\/media\/9416"}],"wp:attachment":[{"href":"https:\/\/handbag-sense.com\/es\/wp-json\/wp\/v2\/media?parent=9395"}],"wp:term":[{"taxonomy":"product_brand","embeddable":true,"href":"https:\/\/handbag-sense.com\/es\/wp-json\/wp\/v2\/product_brand?post=9395"},{"taxonomy":"product_cat","embeddable":true,"href":"https:\/\/handbag-sense.com\/es\/wp-json\/wp\/v2\/product_cat?post=9395"},{"taxonomy":"product_tag","embeddable":true,"href":"https:\/\/handbag-sense.com\/es\/wp-json\/wp\/v2\/product_tag?post=9395"}],"curies":[{"name":"wp","href":"https:\/\/api.w.org\/{rel}","templated":true}]}}