{"id":25361,"date":"2026-05-15T12:45:42","date_gmt":"2026-05-15T10:45:42","guid":{"rendered":"https:\/\/handbag-sense.com\/?post_type=product&#038;p=25361"},"modified":"2026-05-15T14:41:18","modified_gmt":"2026-05-15T12:41:18","slug":"chanel-boy-bag-azul-oscuro-cuero","status":"publish","type":"product","link":"https:\/\/handbag-sense.com\/es\/producto\/chanel-boy-bag-azul-oscuro-cuero\/","title":{"rendered":"Boy Bag Azul Oscuro Cuero"},"content":{"rendered":"<div class=\"c-columns-m-1 c-columns-2 c-columns-gap-s\">\n<div><strong>Material:<\/strong> L<label class=\"selectit\">eather<\/label><br \/>\n<strong>Color:<\/strong> Azul Oscuro<br \/>\n<strong>Elementos met\u00e1licos:<\/strong> Herrajes de rutenio<br \/>\n<strong>Material interior:<\/strong> Forro textil<\/div>\n<div><strong>Calificaci\u00f3n: <\/strong> 4 <img decoding=\"async\" class=\"info_box alignnone size-medium wp-image-885\" title=\"Informaci\u00f3n\" role=\"img\" src=\"https:\/\/handbag-sense.com\/wp-content\/uploads\/2023\/05\/info_icon.svg\" alt=\"Cuadro de informaci\u00f3n\" width=\"15\" height=\"15\" \/><br \/>\n<strong>A\u00f1o de producci\u00f3n\/c\u00f3digo de serie:<\/strong> 2013-2014, a partir de 18...<br \/>\n<strong>Tama\u00f1o:<\/strong> 25 x 15 x 9 cm<\/div>\n<\/div>\n<p><strong>Incluye:<\/strong> Caja, bolsa para el polvo, recibo original,Tarjeta de Autenticidad<\/p>\n","protected":false},"excerpt":{"rendered":"<p class=\"font-claude-response-body break-words whitespace-normal leading-[1.7]\"><strong>Chanel Boy Bag Azul Oscuro Cuero de Becerro \u2013 Talla Mediana \u2013 Hardware Rutenio<\/strong><\/p>\n<p class=\"font-claude-response-body break-words whitespace-normal leading-[1.7]\">Este Boy Bag en talla mediana est\u00e1 confeccionado en suave y lujoso cuero de becerro en el profundo y sofisticado color Azul Oscuro. Esta pieza ic\u00f3nica encarna la esencia de la mujer Chanel moderna \u2013 audaz, segura y eternamente elegante. En su formato mediano perfectamente proporcionado, el Boy Bag es la expresi\u00f3n ideal de una feminidad contempor\u00e1nea con car\u00e1cter inconfundible.<\/p>\n<p class=\"font-claude-response-body break-words whitespace-normal leading-[1.7]\">El cuero de becerro, reconocido por su textura suave y su durabilidad excepcional, aporta una presencia rica y refinada que realza el intenso tono Azul Oscuro. Este color profundo y vers\u00e1til se combina con elegancia tanto con looks casuales como con atuendos m\u00e1s formales, convirti\u00e9ndolo en el compa\u00f1ero perfecto para cualquier ocasi\u00f3n, del d\u00eda a la noche.<\/p>\n<p class=\"font-claude-response-body break-words whitespace-normal leading-[1.7]\">El bolso presenta el ic\u00f3nico cierre Boy con su caracter\u00edstica hebilla rectangular, as\u00ed como la emblem\u00e1tica cadena trenzada con cuero que permite llevarlo sobre el hombro o en bandolera con una actitud inconfundiblemente Chanel. Los llamativos herrajes en Rutenio a\u00f1aden un toque oscuro y contempor\u00e1neo que contrasta magistralmente con el Azul Oscuro, otorgando a esta pieza una personalidad \u00fanica y sofisticada.<\/p>\n","protected":false},"featured_media":25286,"template":"","meta":[],"product_brand":[2418],"product_cat":[1813,1860,1820],"product_tag":[1933,1937,1936],"class_list":{"0":"post-25361","1":"product","2":"type-product","3":"status-publish","4":"has-post-thumbnail","6":"product_brand-chanel-es","7":"product_cat-bolso","8":"product_cat-bandolera","9":"product_cat-bolso-cruzado","10":"product_tag-bolso-chanel-boy","11":"product_tag-bolso-nino-rosa","12":"product_tag-chanel-boy-rosa","13":"pa_brand-chanel-es","14":"pa_chanel-models-boy-bag-es","15":"pa_color-negro","16":"pa_color-multicolor","17":"pa_grade-grado-4","18":"pa_material-cuero","19":"pa_material-tweed-es","21":"first","22":"instock","23":"shipping-taxable","24":"purchasable","25":"product-type-simple"},"_links":{"self":[{"href":"https:\/\/handbag-sense.com\/es\/wp-json\/wp\/v2\/product\/25361","targetHints":{"allow":["GET"]}}],"collection":[{"href":"https:\/\/handbag-sense.com\/es\/wp-json\/wp\/v2\/product"}],"about":[{"href":"https:\/\/handbag-sense.com\/es\/wp-json\/wp\/v2\/types\/product"}],"wp:featuredmedia":[{"embeddable":true,"href":"https:\/\/handbag-sense.com\/es\/wp-json\/wp\/v2\/media\/25286"}],"wp:attachment":[{"href":"https:\/\/handbag-sense.com\/es\/wp-json\/wp\/v2\/media?parent=25361"}],"wp:term":[{"taxonomy":"product_brand","embeddable":true,"href":"https:\/\/handbag-sense.com\/es\/wp-json\/wp\/v2\/product_brand?post=25361"},{"taxonomy":"product_cat","embeddable":true,"href":"https:\/\/handbag-sense.com\/es\/wp-json\/wp\/v2\/product_cat?post=25361"},{"taxonomy":"product_tag","embeddable":true,"href":"https:\/\/handbag-sense.com\/es\/wp-json\/wp\/v2\/product_tag?post=25361"}],"curies":[{"name":"wp","href":"https:\/\/api.w.org\/{rel}","templated":true}]}}