{"id":25179,"date":"2026-04-28T14:24:46","date_gmt":"2026-04-28T12:24:46","guid":{"rendered":"https:\/\/handbag-sense.com\/?post_type=product&#038;p=25179"},"modified":"2026-04-28T17:06:03","modified_gmt":"2026-04-28T15:06:03","slug":"hermes-birkin-25-epsom-ecorce","status":"publish","type":"product","link":"https:\/\/handbag-sense.com\/es\/producto\/hermes-birkin-25-epsom-ecorce\/","title":{"rendered":"Birkin 25 Epsom Ecorce \/ Etoupe \/ Noir Retourne"},"content":{"rendered":"<div class=\"c-columns-m-1 c-columns-2 c-columns-gap-s\">\n<div><strong>Material:<\/strong> Cuero Epsom<br \/>\n<strong>Color:<\/strong> corce \/ Etoupe \/ Noir<br \/>\n<strong>Elementos met\u00e1licos:<\/strong> Herrajes de paladio<br \/>\n<strong>Material interior:<\/strong> Cuero<\/div>\n<div><strong>Grado: <\/strong> 1 <img decoding=\"async\" class=\"info_box alignnone size-medium wp-image-885\" title=\"Informaci\u00f3n\" role=\"img\" src=\"https:\/\/handbag-sense.com\/wp-content\/uploads\/2023\/05\/info_icon.svg\" alt=\"Cuadro de informaci\u00f3n\" width=\"15\" height=\"15\" \/><br \/>\n<strong>A\u00f1o de producci\u00f3n \/ Sello:<\/strong> 2024 \/ W<br \/>\n<strong>Tama\u00f1o:<\/strong> 25 x 20 x 13 cm<br \/>\n<strong>Env\u00edo: A<\/strong> todo el mundo<\/div>\n<\/div>\n<p><strong>Incluye:<\/strong> Recibo original, bolsa guardapolvo, clochette, cerradura, llaves, fieltro, folleto, caja<\/p>\n","protected":false},"excerpt":{"rendered":"<p data-start=\"3617\" data-end=\"3725\"><strong data-start=\"3617\" data-end=\"3723\">Herm\u00e8s Birkin 25 Epsom Ecorce \/ Etoupe \/ Noir Retourne con Herrajes de Paladio \u2013 Nueva\u00a0<\/strong><\/p>\n<p data-start=\"3727\" data-end=\"4189\">Este <strong data-start=\"3732\" data-end=\"3755\">Birkin 25 Retourne<\/strong> est\u00e1 elaborado en cuero Epsom estructurado en los elegantes tonos Ecorce, Etoupe y Noir, y realzado con herrajes de paladio. Producido en <strong data-start=\"3894\" data-end=\"3927\">2024 y marcado con el sello W<\/strong>, el bolso est\u00e1 completamente <strong data-start=\"3957\" data-end=\"3976\">nuevo y sin uso<\/strong>. Se entrega como set completo con factura original de Herm\u00e8s, clochette, candado con dos llaves, dust bag y la ic\u00f3nica caja naranja. Una pieza excepcional y muy rara dentro de la l\u00ednea <strong data-start=\"4162\" data-end=\"4188\">Herm\u00e8s Birkin 25 Epsom<\/strong>.<\/p>\n<p data-start=\"4191\" data-end=\"4619\">El <strong data-start=\"4194\" data-end=\"4217\">Birkin 25 Tricolore<\/strong> representa una expresi\u00f3n \u00fanica de la artesan\u00eda de Herm\u00e8s, combinando tres colores ic\u00f3nicos en un dise\u00f1o sofisticado y equilibrado. El cuero Epsom proporciona durabilidad y mantiene la forma estructurada del bolso, mientras que la construcci\u00f3n Retourne aporta una silueta ligeramente m\u00e1s suave y vers\u00e1til. Los herrajes de paladio a\u00f1aden un toque moderno que complementa perfectamente los tonos neutros.<\/p>\n<p data-start=\"4621\" data-end=\"4950\">Muy apreciado por coleccionistas, el <strong data-start=\"4658\" data-end=\"4677\">Birkin 25 Ecorce \/ Etoupe \/ Noir<\/strong>\u00a0destaca por su exclusividad y dise\u00f1o innovador. Su tama\u00f1o compacto de 25 cm lo hace ideal tanto para el d\u00eda como para la noche, combinando funcionalidad con elegancia. La rara combinaci\u00f3n de colores convierte esta pieza en un verdadero objeto de deseo.<\/p>\n<p data-start=\"4952\" data-end=\"5216\">Con accesorios completos y procedencia documentada, este bolso es tanto una pieza elegante como una s\u00f3lida <strong data-start=\"5059\" data-end=\"5084\">luxury investment bag<\/strong>. El <strong data-start=\"5089\" data-end=\"5115\">Herm\u00e8s Birkin 25 Epsom<\/strong> es un aut\u00e9ntico <strong data-start=\"5132\" data-end=\"5159\">rare collectible Herm\u00e8s<\/strong>, valorado por su rareza, artesan\u00eda y atractivo duradero.<\/p>\n","protected":false},"featured_media":25185,"template":"","meta":[],"product_brand":[2433],"product_cat":[1813,1818,1838],"product_tag":[2076,1914],"class_list":{"0":"post-25179","1":"product","2":"type-product","3":"status-publish","4":"has-post-thumbnail","6":"product_brand-hermes-es","7":"product_cat-bolso","8":"product_cat-bolso-pequeno","9":"product_cat-bolso-de-noche","10":"product_tag-birkin-25-etoupe-es","11":"product_tag-hermes-birkin-25-es","12":"pa_brand-hermes-es","13":"pa_color-beige-es","14":"pa_color-marron","15":"pa_grade-grado-1","16":"pa_hermes-models-birkin-es","17":"pa_material-cuero","19":"first","20":"instock","21":"shipping-taxable","22":"purchasable","23":"product-type-simple"},"_links":{"self":[{"href":"https:\/\/handbag-sense.com\/es\/wp-json\/wp\/v2\/product\/25179","targetHints":{"allow":["GET"]}}],"collection":[{"href":"https:\/\/handbag-sense.com\/es\/wp-json\/wp\/v2\/product"}],"about":[{"href":"https:\/\/handbag-sense.com\/es\/wp-json\/wp\/v2\/types\/product"}],"wp:featuredmedia":[{"embeddable":true,"href":"https:\/\/handbag-sense.com\/es\/wp-json\/wp\/v2\/media\/25185"}],"wp:attachment":[{"href":"https:\/\/handbag-sense.com\/es\/wp-json\/wp\/v2\/media?parent=25179"}],"wp:term":[{"taxonomy":"product_brand","embeddable":true,"href":"https:\/\/handbag-sense.com\/es\/wp-json\/wp\/v2\/product_brand?post=25179"},{"taxonomy":"product_cat","embeddable":true,"href":"https:\/\/handbag-sense.com\/es\/wp-json\/wp\/v2\/product_cat?post=25179"},{"taxonomy":"product_tag","embeddable":true,"href":"https:\/\/handbag-sense.com\/es\/wp-json\/wp\/v2\/product_tag?post=25179"}],"curies":[{"name":"wp","href":"https:\/\/api.w.org\/{rel}","templated":true}]}}