{"id":25116,"date":"2026-04-27T13:57:40","date_gmt":"2026-04-27T11:57:40","guid":{"rendered":"https:\/\/handbag-sense.com\/?post_type=product&#038;p=25116"},"modified":"2026-04-27T15:27:14","modified_gmt":"2026-04-27T13:27:14","slug":"hermes-birkin-35-etoupe-togo","status":"publish","type":"product","link":"https:\/\/handbag-sense.com\/es\/producto\/hermes-birkin-35-etoupe-togo\/","title":{"rendered":"Birkin 35 Etoupe Togo"},"content":{"rendered":"<div class=\"c-columns-m-1 c-columns-2 c-columns-gap-s\">\n<div><strong>Material:<\/strong> Cuero Togo<br \/>\n<strong>Color:<\/strong> Etoupe<br \/>\n<strong>Elementos met\u00e1licos:<\/strong> Herrajes de paladio<br \/>\n<strong>Material interior:<\/strong> Cuero<\/div>\n<div><strong>Grado: <\/strong>2 <img decoding=\"async\" class=\"info_box alignnone size-medium wp-image-885\" title=\"Informaci\u00f3n\" role=\"img\" src=\"https:\/\/handbag-sense.com\/wp-content\/uploads\/2023\/05\/info_icon.svg\" alt=\"Cuadro de informaci\u00f3n\" width=\"15\" height=\"15\" \/><br \/>\n<strong>A\u00f1o de producci\u00f3n \/ Sello:<\/strong> 2013 \/ Q<br \/>\n<strong>Tama\u00f1o: <\/strong>35 x 25 x 18 cm<br \/>\n<strong>Env\u00edo:<\/strong> A todo el mundo<\/div>\n<\/div>\n<p><strong>Incluye:<\/strong> Recibo original, dust bag, clochette, llaves, cerradura, folleto, impermeable, caja<\/p>\n","protected":false},"excerpt":{"rendered":"<p data-start=\"3504\" data-end=\"3598\"><strong data-start=\"3504\" data-end=\"3596\">Herm\u00e8s Birkin 35 Etoupe Togo con Herrajes de Paladio \u2013\u00a0 Estado como nuevo<\/strong><\/p>\n<p data-start=\"3600\" data-end=\"4079\">Este <strong data-start=\"3605\" data-end=\"3625\">Birkin 35 Etoupe<\/strong> est\u00e1 confeccionado en cuero Togo texturizado en el ic\u00f3nico color Etoupe y acabado con elegantes herrajes de paladio. Producido en <strong data-start=\"3756\" data-end=\"3789\">2013 y marcado con el sello Q<\/strong>, el bolso ha sido usado \u00fanicamente una vez y se encuentra en estado como nuevo. El set completo incluye dust bag de Herm\u00e8s, clochette, candado con dos llaves, protecci\u00f3n de fieltro, caja original y recibo original de Herm\u00e8s.<\/p>\n<p data-start=\"3600\" data-end=\"4079\">El color Etoupe es uno de los tonos m\u00e1s codiciados de Herm\u00e8s, combinando matices de gris c\u00e1lido y taupe que lo convierten en una opci\u00f3n extremadamente vers\u00e1til. El <strong data-start=\"4245\" data-end=\"4265\">Birkin 35 Etoupe<\/strong> en cuero Togo ofrece resistencia y elegancia, manteniendo su forma estructurada mientras proporciona comodidad en el uso diario. Los herrajes de paladio aportan un toque moderno y sofisticado.<\/p>\n<p data-start=\"4460\" data-end=\"4703\">El tama\u00f1o de 35 cm es ideal para quienes buscan un bolso espacioso sin renunciar a la elegancia. Muy valorado por coleccionistas, este modelo refleja la excelencia artesanal de Herm\u00e8s, con costuras precisas y materiales de la m\u00e1s alta calidad.<\/p>\n<p data-start=\"4705\" data-end=\"5008\">Gracias a su estado excepcional y su set completo, este Birkin representa una excelente <strong data-start=\"4793\" data-end=\"4818\">luxury investment bag<\/strong> con gran valor a largo plazo. El <strong data-start=\"4852\" data-end=\"4879\">Herm\u00e8s Birkin 35 Togo Etoupe<\/strong> sigue siendo una <strong data-start=\"4897\" data-end=\"4924\">rare collectible Herm\u00e8s<\/strong>, apreciada por su elegancia atemporal y su constante demanda en el mercado de lujo.<\/p>\n","protected":false},"featured_media":25058,"template":"","meta":[],"product_brand":[2433],"product_cat":[1813,1815],"product_tag":[1892,1895,1893],"class_list":{"0":"post-25116","1":"product","2":"type-product","3":"status-publish","4":"has-post-thumbnail","6":"product_brand-hermes-es","7":"product_cat-bolso","8":"product_cat-comprador","9":"product_tag-birkin-35-togo-es","10":"product_tag-bolso-birkin-hermes","11":"product_tag-hermes-birkin-35-es","12":"pa_brand-hermes-es","13":"pa_color-gris","14":"pa_color-taupe-es","15":"pa_grade-grado-2","16":"pa_hermes-models-birkin-es","17":"pa_material-cuero","19":"first","20":"instock","21":"sold-individually","22":"purchasable","23":"product-type-simple"},"_links":{"self":[{"href":"https:\/\/handbag-sense.com\/es\/wp-json\/wp\/v2\/product\/25116","targetHints":{"allow":["GET"]}}],"collection":[{"href":"https:\/\/handbag-sense.com\/es\/wp-json\/wp\/v2\/product"}],"about":[{"href":"https:\/\/handbag-sense.com\/es\/wp-json\/wp\/v2\/types\/product"}],"wp:featuredmedia":[{"embeddable":true,"href":"https:\/\/handbag-sense.com\/es\/wp-json\/wp\/v2\/media\/25058"}],"wp:attachment":[{"href":"https:\/\/handbag-sense.com\/es\/wp-json\/wp\/v2\/media?parent=25116"}],"wp:term":[{"taxonomy":"product_brand","embeddable":true,"href":"https:\/\/handbag-sense.com\/es\/wp-json\/wp\/v2\/product_brand?post=25116"},{"taxonomy":"product_cat","embeddable":true,"href":"https:\/\/handbag-sense.com\/es\/wp-json\/wp\/v2\/product_cat?post=25116"},{"taxonomy":"product_tag","embeddable":true,"href":"https:\/\/handbag-sense.com\/es\/wp-json\/wp\/v2\/product_tag?post=25116"}],"curies":[{"name":"wp","href":"https:\/\/api.w.org\/{rel}","templated":true}]}}