{"id":25105,"date":"2026-04-24T17:34:48","date_gmt":"2026-04-24T15:34:48","guid":{"rendered":"https:\/\/handbag-sense.com\/?post_type=product&#038;p=25105"},"modified":"2026-04-25T22:00:27","modified_gmt":"2026-04-25T20:00:27","slug":"hermes-birkin-30-etoupe-togo-2","status":"publish","type":"product","link":"https:\/\/handbag-sense.com\/es\/producto\/hermes-birkin-30-etoupe-togo-2\/","title":{"rendered":"Birkin 30 Etoupe Togo"},"content":{"rendered":"<div class=\"c-columns-m-1 c-columns-2 c-columns-gap-s\">\n<div><strong>Material:<\/strong> Togo Cuero<br \/>\n<strong>Color:<\/strong> Etoupe<br \/>\n<strong>Elementos met\u00e1licos:<\/strong> Herrajes de Paladio<br \/>\n<strong>Material interior:<\/strong> Cuero<\/div>\n<div><strong>Grado: <\/strong>2\/3 <img decoding=\"async\" class=\"info_box alignnone size-medium wp-image-885\" title=\"Informaci\u00f3n\" role=\"img\" src=\"https:\/\/handbag-sense.com\/wp-content\/uploads\/2023\/05\/info_icon.svg\" alt=\"Cuadro de informaci\u00f3n\" width=\"15\" height=\"15\" \/><br \/>\n<strong>A\u00f1o de producci\u00f3n \/ Sello:<\/strong> 2016 \/ X<br \/>\n<strong>Tama\u00f1o:<\/strong> 30 x 22 x 16 cm<br \/>\n<strong>Env\u00edo:<\/strong> A todo el mundo<\/div>\n<\/div>\n<p><strong>Incluye:<\/strong> Bolsa guardapolvo, clochette, llaves, cerradura<\/p>\n","protected":false},"excerpt":{"rendered":"<p data-start=\"3630\" data-end=\"3723\"><strong data-start=\"3630\" data-end=\"3721\">Herm\u00e8s Birkin 30 Etoupe Togo con Herrajes de Paladio \u2013 2016, Excelente Estado\u00a0<\/strong><\/p>\n<p data-start=\"3725\" data-end=\"4141\">Este <strong data-start=\"3730\" data-end=\"3750\">Birkin 30 Etoupe<\/strong> est\u00e1 elaborado en cuero Togo granulado en el cl\u00e1sico tono Etoupe y acabado con elegantes herrajes de paladio. Producido en <strong data-start=\"3874\" data-end=\"3907\">2016 y marcado con el sello X<\/strong>, el bolso se encuentra en excelente estado, sin signos visibles de uso. Incluye la bolsa guardapolvo de Herm\u00e8s y la clochette de cuero con juego de llaves.<\/p>\n<p data-start=\"4143\" data-end=\"4587\">El Birkin 30 es reconocido mundialmente como uno de los bolsos de lujo m\u00e1s deseados, combinando funcionalidad con sofisticaci\u00f3n atemporal. El cuero Togo, apreciado por su resistencia y textura granulada, mantiene la forma del bolso al tiempo que ofrece flexibilidad para el uso diario. El color Etoupe \u2014una mezcla equilibrada de tonos grises y marrones\u2014 es uno de los neutros m\u00e1s emblem\u00e1ticos de Herm\u00e8s, ideal para cualquier estilo y temporada.<\/p>\n<p data-start=\"4589\" data-end=\"4894\">Entre los coleccionistas, el <strong data-start=\"4618\" data-end=\"4638\">Birkin 30 Etoupe<\/strong> destaca por su demanda constante y su elegancia duradera. Los herrajes de paladio aportan un contraste moderno y refinado frente al tono c\u00e1lido del cuero. Su formato de 30 cm proporciona espacio suficiente sin perder su silueta estructurada y sofisticada. El <strong data-start=\"5135\" data-end=\"5162\">Herm\u00e8s Birkin 30 Togo Etoupe<\/strong> simboliza lujo discreto, tradici\u00f3n y valor perdurable.<\/p>\n<p data-start=\"4896\" data-end=\"5217\">\n","protected":false},"featured_media":25073,"template":"","meta":[],"product_brand":[2433],"product_cat":[1813],"product_tag":[1899,1895,1897],"class_list":{"0":"post-25105","1":"product","2":"type-product","3":"status-publish","4":"has-post-thumbnail","6":"product_brand-hermes-es","7":"product_cat-bolso","8":"product_tag-birkin-30-negro","9":"product_tag-bolso-birkin-hermes","10":"product_tag-hermes-birkin-30-es","11":"pa_brand-hermes-es","12":"pa_color-negro","13":"pa_grade-grado-2","14":"pa_hermes-models-birkin-es","15":"pa_material-cuero","17":"first","18":"instock","19":"sold-individually","20":"shipping-taxable","21":"purchasable","22":"product-type-simple"},"_links":{"self":[{"href":"https:\/\/handbag-sense.com\/es\/wp-json\/wp\/v2\/product\/25105","targetHints":{"allow":["GET"]}}],"collection":[{"href":"https:\/\/handbag-sense.com\/es\/wp-json\/wp\/v2\/product"}],"about":[{"href":"https:\/\/handbag-sense.com\/es\/wp-json\/wp\/v2\/types\/product"}],"wp:featuredmedia":[{"embeddable":true,"href":"https:\/\/handbag-sense.com\/es\/wp-json\/wp\/v2\/media\/25073"}],"wp:attachment":[{"href":"https:\/\/handbag-sense.com\/es\/wp-json\/wp\/v2\/media?parent=25105"}],"wp:term":[{"taxonomy":"product_brand","embeddable":true,"href":"https:\/\/handbag-sense.com\/es\/wp-json\/wp\/v2\/product_brand?post=25105"},{"taxonomy":"product_cat","embeddable":true,"href":"https:\/\/handbag-sense.com\/es\/wp-json\/wp\/v2\/product_cat?post=25105"},{"taxonomy":"product_tag","embeddable":true,"href":"https:\/\/handbag-sense.com\/es\/wp-json\/wp\/v2\/product_tag?post=25105"}],"curies":[{"name":"wp","href":"https:\/\/api.w.org\/{rel}","templated":true}]}}