{"id":25029,"date":"2026-04-23T17:53:22","date_gmt":"2026-04-23T15:53:22","guid":{"rendered":"https:\/\/handbag-sense.com\/?post_type=product&#038;p=25029"},"modified":"2026-04-23T18:22:36","modified_gmt":"2026-04-23T16:22:36","slug":"hermes-evelyne-16-taurillon-clemence","status":"publish","type":"product","link":"https:\/\/handbag-sense.com\/es\/producto\/hermes-evelyne-16-taurillon-clemence\/","title":{"rendered":"Evelyne 16 Taurillon Clemence Etoupe"},"content":{"rendered":"<div class=\"c-columns-m-1 c-columns-2 c-columns-gap-s\">\n<div><strong>Material:<\/strong> Piel Clemence<br \/>\n<strong>Color:<\/strong> Etoupe<br \/>\n<strong>Elementos met\u00e1licos:<\/strong> Herrajes dorados<br \/>\n<strong>Material interior:<\/strong> Piel natural<\/div>\n<div><strong>Grado: <\/strong> 1 <img decoding=\"async\" class=\"info_box alignnone size-medium wp-image-885\" title=\"Informaci\u00f3n\" role=\"img\" src=\"https:\/\/handbag-sense.com\/wp-content\/uploads\/2023\/05\/info_icon.svg\" alt=\"Cuadro de informaci\u00f3n\" width=\"15\" height=\"15\" \/><br \/>\n<strong>A\u00f1o de producci\u00f3n \/ Sello:<\/strong> 2025 \/ K<br \/>\n<strong>Tama\u00f1o:<\/strong> 16 x 18 x 5 cm<br \/>\n<strong>Env\u00edo:<\/strong> A todo el mundo<\/div>\n<\/div>\n<p><strong>Incluye:<\/strong> Recibo original, bolsa para el polvo, correa, caja<\/p>\n","protected":false},"excerpt":{"rendered":"<p data-start=\"3602\" data-end=\"3686\"><strong data-start=\"3602\" data-end=\"3684\">Herm\u00e8s Evelyne 16 Taurillon Clemence Etoupe con Herrajes Dorados \u2013 Nueva<\/strong><\/p>\n<p data-start=\"3688\" data-end=\"4134\">Este <strong data-start=\"3693\" data-end=\"3721\">Herm\u00e8s Evelyne Mini<\/strong> est\u00e1 confeccionado en cuero Taurillon Clemence, suave pero estructurado, en el ic\u00f3nico tono Etoupe, combinado con elegantes herrajes dorados. Totalmente <strong data-start=\"3875\" data-end=\"3894\">nuevo y sin uso<\/strong>, se entrega como set completo con el recibo original de Herm\u00e8s de 2025. Con costuras en contraste, cierre con cord\u00f3n y el emblem\u00e1tico logotipo H perforado en la parte frontal, representa perfectamente el estilo del <strong data-start=\"4110\" data-end=\"4133\">Herm\u00e8s Evelyne Mini<\/strong>.<\/p>\n<p data-start=\"4136\" data-end=\"4580\">El <strong data-start=\"4139\" data-end=\"4167\">Herm\u00e8s Evelyne 16 Etoupe<\/strong> es reconocido por su equilibrio entre funcionalidad y elegancia atemporal. Dise\u00f1ado como bolso tipo mensajero moderno, ofrece una silueta relajada sin renunciar a la artesan\u00eda excepcional de la maison. El cuero Clemence aporta una textura suave y resistente, ideal para el uso diario. Su correa de lona ajustable en tonos Etoupe y Gris Pale con detalles de cuero permite llevarlo c\u00f3modamente al hombro o cruzado.<\/p>\n<p data-start=\"4582\" data-end=\"4835\">El modelo <strong data-start=\"4592\" data-end=\"4611\">Evelyne 16 Mini<\/strong> es altamente codiciado, especialmente en el color neutro Etoupe, uno de los m\u00e1s deseados de Herm\u00e8s. Su interior de cuero natural proporciona espacio suficiente para los esenciales diarios, manteniendo una est\u00e9tica refinada.<\/p>\n<p data-start=\"4837\" data-end=\"5094\">\n","protected":false},"featured_media":25023,"template":"","meta":[],"product_brand":[2433],"product_cat":[1860,1818],"product_tag":[2342,2343],"class_list":{"0":"post-25029","1":"product","2":"type-product","3":"status-publish","4":"has-post-thumbnail","6":"product_brand-hermes-es","7":"product_cat-bandolera","8":"product_cat-bolso-pequeno","9":"product_tag-hermes-evelyne-16-es","10":"product_tag-hermes-evelyne-mini-es","11":"pa_brand-hermes-es","12":"pa_color-rosado","13":"pa_grade-grado-1","14":"pa_hermes-models-evelyne-es","15":"pa_material-cuero","17":"first","18":"instock","19":"shipping-taxable","20":"purchasable","21":"product-type-simple"},"_links":{"self":[{"href":"https:\/\/handbag-sense.com\/es\/wp-json\/wp\/v2\/product\/25029","targetHints":{"allow":["GET"]}}],"collection":[{"href":"https:\/\/handbag-sense.com\/es\/wp-json\/wp\/v2\/product"}],"about":[{"href":"https:\/\/handbag-sense.com\/es\/wp-json\/wp\/v2\/types\/product"}],"wp:featuredmedia":[{"embeddable":true,"href":"https:\/\/handbag-sense.com\/es\/wp-json\/wp\/v2\/media\/25023"}],"wp:attachment":[{"href":"https:\/\/handbag-sense.com\/es\/wp-json\/wp\/v2\/media?parent=25029"}],"wp:term":[{"taxonomy":"product_brand","embeddable":true,"href":"https:\/\/handbag-sense.com\/es\/wp-json\/wp\/v2\/product_brand?post=25029"},{"taxonomy":"product_cat","embeddable":true,"href":"https:\/\/handbag-sense.com\/es\/wp-json\/wp\/v2\/product_cat?post=25029"},{"taxonomy":"product_tag","embeddable":true,"href":"https:\/\/handbag-sense.com\/es\/wp-json\/wp\/v2\/product_tag?post=25029"}],"curies":[{"name":"wp","href":"https:\/\/api.w.org\/{rel}","templated":true}]}}