{"id":25004,"date":"2026-04-21T16:15:36","date_gmt":"2026-04-21T14:15:36","guid":{"rendered":"https:\/\/handbag-sense.com\/?post_type=product&#038;p=25004"},"modified":"2026-04-21T16:47:26","modified_gmt":"2026-04-21T14:47:26","slug":"hermes-birkin-35-negra-togo","status":"publish","type":"product","link":"https:\/\/handbag-sense.com\/es\/producto\/hermes-birkin-35-negra-togo\/","title":{"rendered":"Birkin 35 Negra Togo"},"content":{"rendered":"<div class=\"c-columns-m-1 c-columns-2 c-columns-gap-s\">\n<div><strong>Material:<\/strong> Cuero Togo<br \/>\n<strong>Color:<\/strong> Negro<br \/>\n<strong>Elementos met\u00e1licos:<\/strong> Herrajes dorados<br \/>\n<strong>Material interior:<\/strong> Cuero<\/div>\n<div><strong>Grado: <\/strong>2\/3 <img decoding=\"async\" class=\"info_box alignnone size-medium wp-image-885\" title=\"Informaci\u00f3n\" role=\"img\" src=\"https:\/\/handbag-sense.com\/wp-content\/uploads\/2023\/05\/info_icon.svg\" alt=\"Cuadro de informaci\u00f3n\" width=\"15\" height=\"15\" \/><br \/>\n<strong>A\u00f1o de producci\u00f3n \/ Sello:<\/strong> 2015 \/ T<br \/>\n<strong>Tama\u00f1o: <\/strong>35 x 25 x 18 cm<br \/>\n<strong>Env\u00edo:<\/strong> A todo el mundo<\/div>\n<\/div>\n<p><strong>Incluye:<\/strong> Recibo original, dust bag, clochette, llaves, cerradura, fieltro, caja<\/p>\n","protected":false},"excerpt":{"rendered":"<p data-start=\"3605\" data-end=\"3695\"><strong data-start=\"3605\" data-end=\"3693\">Herm\u00e8s Birkin 35 Negra Togo con Herrajes Dorados \u2013 2015, Excelente Estado como nueva<\/strong><\/p>\n<p data-start=\"3697\" data-end=\"4149\">Este <strong data-start=\"3702\" data-end=\"3721\">Birkin 35 Black<\/strong> est\u00e1 confeccionado en cuero Togo negro con herrajes dorados. Producido en <strong data-start=\"3796\" data-end=\"3804\">2015<\/strong>, el bolso ha sido utilizado \u00fanicamente dos veces y se encuentra en estado excelente, como nuevo, sin signos visibles de uso. Incluye el set completo: dust bag de Herm\u00e8s, clochette, candado con 2 llaves, protecci\u00f3n de fieltro, la caja original de Herm\u00e8s y el recibo original de 2015.<\/p>\n<p data-start=\"4151\" data-end=\"4541\">El Birkin 35 es uno de los modelos m\u00e1s emblem\u00e1ticos de Herm\u00e8s, reconocido por su elegancia atemporal y su excepcional artesan\u00eda. El cuero Togo destaca por su durabilidad, textura granulada y capacidad para mantener la forma mientras ofrece una silueta ligeramente relajada. La combinaci\u00f3n de cuero negro con herrajes dorados aporta una est\u00e9tica cl\u00e1sica y sofisticada al <strong data-start=\"4521\" data-end=\"4540\">Birkin 35 Negra<\/strong>.<\/p>\n<p data-start=\"4543\" data-end=\"4837\">Con su tama\u00f1o de 35 cm, ofrece amplio espacio para el uso diario sin perder su elegancia estructurada. Este formato es especialmente apreciado por coleccionistas que buscan funcionalidad y presencia. Las costuras artesanales y los materiales de alta calidad reflejan la excelencia de la maison.<\/p>\n<p data-start=\"4839\" data-end=\"5131\">En este estado casi sin uso, este bolso representa una destacada <strong data-start=\"4904\" data-end=\"4929\">luxury investment bag<\/strong>. Con su set completo y procedencia documentada, es tambi\u00e9n una <strong data-start=\"4993\" data-end=\"5020\">rare collectible Herm\u00e8s<\/strong> altamente deseada. El <strong data-start=\"5043\" data-end=\"5076\">Birkin 35 Togo Black Gold Hardware<\/strong> simboliza el lujo duradero y la sofisticaci\u00f3n cl\u00e1sica.<\/p>\n","protected":false},"featured_media":24985,"template":"","meta":[],"product_brand":[2433],"product_cat":[1813,1815],"product_tag":[1993,1892,1893],"class_list":{"0":"post-25004","1":"product","2":"type-product","3":"status-publish","4":"has-post-thumbnail","6":"product_brand-hermes-es","7":"product_cat-bolso","8":"product_cat-comprador","9":"product_tag-birkin-35-negro","10":"product_tag-birkin-35-togo-es","11":"product_tag-hermes-birkin-35-es","12":"pa_brand-hermes-es","13":"pa_color-negro","14":"pa_grade-grado-3","15":"pa_hermes-models-birkin-es","16":"pa_material-cuero","18":"first","19":"instock","20":"sold-individually","21":"purchasable","22":"product-type-simple"},"_links":{"self":[{"href":"https:\/\/handbag-sense.com\/es\/wp-json\/wp\/v2\/product\/25004","targetHints":{"allow":["GET"]}}],"collection":[{"href":"https:\/\/handbag-sense.com\/es\/wp-json\/wp\/v2\/product"}],"about":[{"href":"https:\/\/handbag-sense.com\/es\/wp-json\/wp\/v2\/types\/product"}],"wp:featuredmedia":[{"embeddable":true,"href":"https:\/\/handbag-sense.com\/es\/wp-json\/wp\/v2\/media\/24985"}],"wp:attachment":[{"href":"https:\/\/handbag-sense.com\/es\/wp-json\/wp\/v2\/media?parent=25004"}],"wp:term":[{"taxonomy":"product_brand","embeddable":true,"href":"https:\/\/handbag-sense.com\/es\/wp-json\/wp\/v2\/product_brand?post=25004"},{"taxonomy":"product_cat","embeddable":true,"href":"https:\/\/handbag-sense.com\/es\/wp-json\/wp\/v2\/product_cat?post=25004"},{"taxonomy":"product_tag","embeddable":true,"href":"https:\/\/handbag-sense.com\/es\/wp-json\/wp\/v2\/product_tag?post=25004"}],"curies":[{"name":"wp","href":"https:\/\/api.w.org\/{rel}","templated":true}]}}