{"id":24965,"date":"2026-04-16T17:25:30","date_gmt":"2026-04-16T15:25:30","guid":{"rendered":"https:\/\/handbag-sense.com\/?post_type=product&#038;p=24965"},"modified":"2026-04-16T18:06:02","modified_gmt":"2026-04-16T16:06:02","slug":"hermes-birkin-30-togo-negra-2","status":"publish","type":"product","link":"https:\/\/handbag-sense.com\/es\/producto\/hermes-birkin-30-togo-negra-2\/","title":{"rendered":"Birkin 30 Togo Negra"},"content":{"rendered":"<div class=\"c-columns-m-1 c-columns-2 c-columns-gap-s\">\n<div><strong>Material:<\/strong> Togo Cuero<br \/>\n<strong>Color:<\/strong> negro<br \/>\n<strong>Elementos met\u00e1licos:<\/strong> Herrajes Dorados<br \/>\n<strong>Material interior:<\/strong> Cuero<\/div>\n<div><strong>Grado: <\/strong>3 <img decoding=\"async\" class=\"info_box alignnone size-medium wp-image-885\" title=\"Informaci\u00f3n\" role=\"img\" src=\"https:\/\/handbag-sense.com\/wp-content\/uploads\/2023\/05\/info_icon.svg\" alt=\"Cuadro de informaci\u00f3n\" width=\"15\" height=\"15\" \/><br \/>\n<strong>A\u00f1o de producci\u00f3n \/ Sello:<\/strong> 2018 \/ C<br \/>\n<strong>Tama\u00f1o:<\/strong> 30 x 22 x 16 cm<br \/>\n<strong>Env\u00edo:<\/strong> A todo el mundo<\/div>\n<\/div>\n<p><strong>Incluye:<\/strong> Bolsa guardapolvo, clochette, llaves, cerradura, caja<\/p>\n","protected":false},"excerpt":{"rendered":"<p data-start=\"3634\" data-end=\"3736\"><strong data-start=\"3634\" data-end=\"3734\">Herm\u00e8s Birkin 30 Togo Negra con Herrajes Dorados \u2013 Estado Excelente\u00a0<\/strong><\/p>\n<p data-start=\"3738\" data-end=\"4164\">Esta <strong data-start=\"3743\" data-end=\"3769\">Herm\u00e8s Birkin 30 Noir<\/strong> est\u00e1 confeccionada artesanalmente en cuero Togo negro de grano fino y acabada con herrajes dorados. Producida en <strong data-start=\"3883\" data-end=\"3891\">2018<\/strong>\u00a0y marcada con el <strong data-start=\"3909\" data-end=\"3920\">sello C<\/strong>, se encuentra en estado excelente. Se entrega con la bolsa guardapolvo original de Herm\u00e8s, clochette de cuero con juego de llaves y la ic\u00f3nica caja naranja.<\/p>\n<p data-start=\"4166\" data-end=\"4550\">La Herm\u00e8s Birkin 30 Negra es reconocida mundialmente como un s\u00edmbolo absoluto de lujo, artesan\u00eda y exclusividad. El cuero Togo es especialmente valorado por su resistencia, textura elegante y capacidad para conservar la forma con el paso del tiempo. El tama\u00f1o de 30 cm es considerado el m\u00e1s vers\u00e1til de la l\u00ednea Birkin, ofreciendo amplio espacio para el uso diario sin perder sofisticaci\u00f3n.<\/p>\n<p data-start=\"4552\" data-end=\"4909\">En negro cl\u00e1sico con herrajes dorados, esta Birkin presenta una de las combinaciones m\u00e1s ic\u00f3nicas y deseadas de Herm\u00e8s. El contraste entre el cuero negro profundo y el brillo c\u00e1lido del oro crea una est\u00e9tica atemporal. Muy apreciada por coleccionistas, la Birkin 30 Black se considera una inversi\u00f3n de lujo s\u00f3lida, con una demanda constante a nivel internacional.<\/p>\n<p data-start=\"4911\" data-end=\"5154\">\n","protected":false},"featured_media":24947,"template":"","meta":[],"product_brand":[2433],"product_cat":[1813],"product_tag":[1899,1895,1897],"class_list":{"0":"post-24965","1":"product","2":"type-product","3":"status-publish","4":"has-post-thumbnail","6":"product_brand-hermes-es","7":"product_cat-bolso","8":"product_tag-birkin-30-negro","9":"product_tag-bolso-birkin-hermes","10":"product_tag-hermes-birkin-30-es","11":"pa_brand-hermes-es","12":"pa_color-negro","13":"pa_grade-grado-2","14":"pa_hermes-models-birkin-es","15":"pa_material-cuero","17":"first","18":"instock","19":"sold-individually","20":"shipping-taxable","21":"purchasable","22":"product-type-simple"},"_links":{"self":[{"href":"https:\/\/handbag-sense.com\/es\/wp-json\/wp\/v2\/product\/24965","targetHints":{"allow":["GET"]}}],"collection":[{"href":"https:\/\/handbag-sense.com\/es\/wp-json\/wp\/v2\/product"}],"about":[{"href":"https:\/\/handbag-sense.com\/es\/wp-json\/wp\/v2\/types\/product"}],"wp:featuredmedia":[{"embeddable":true,"href":"https:\/\/handbag-sense.com\/es\/wp-json\/wp\/v2\/media\/24947"}],"wp:attachment":[{"href":"https:\/\/handbag-sense.com\/es\/wp-json\/wp\/v2\/media?parent=24965"}],"wp:term":[{"taxonomy":"product_brand","embeddable":true,"href":"https:\/\/handbag-sense.com\/es\/wp-json\/wp\/v2\/product_brand?post=24965"},{"taxonomy":"product_cat","embeddable":true,"href":"https:\/\/handbag-sense.com\/es\/wp-json\/wp\/v2\/product_cat?post=24965"},{"taxonomy":"product_tag","embeddable":true,"href":"https:\/\/handbag-sense.com\/es\/wp-json\/wp\/v2\/product_tag?post=24965"}],"curies":[{"name":"wp","href":"https:\/\/api.w.org\/{rel}","templated":true}]}}