{"id":24962,"date":"2026-04-16T13:55:35","date_gmt":"2026-04-16T11:55:35","guid":{"rendered":"https:\/\/handbag-sense.com\/?post_type=product&#038;p=24962"},"modified":"2026-04-16T14:23:58","modified_gmt":"2026-04-16T12:23:58","slug":"cartera-negra-copy","status":"publish","type":"product","link":"https:\/\/handbag-sense.com\/es\/producto\/cartera-negra-copy\/","title":{"rendered":"Cartera Negra"},"content":{"rendered":"<div class=\"c-columns-m-1 c-columns-2 c-columns-gap-s\">\n<div><strong>Material:<\/strong> Caviar<br \/>\n<strong>Color:<\/strong> Negro<br \/>\n<strong>Elementos met\u00e1licos:<\/strong> Herrajes de oro<br \/>\n<strong>Material interior:<\/strong> Cuero<\/div>\n<div><strong>Grado: 1<\/strong> <img decoding=\"async\" class=\"info_box alignnone size-medium wp-image-885\" title=\"Informaci\u00f3n\" role=\"img\" src=\"https:\/\/handbag-sense.com\/wp-content\/uploads\/2023\/05\/info_icon.svg\" alt=\"Cuadro de informaci\u00f3n\" width=\"15\" height=\"15\" \/><br \/>\n<strong>A\u00f1o de producci\u00f3n\/carta:<\/strong> 2016-2017, comienza con 239...<br \/>\n<strong>Medidas:<\/strong> 18 x 10 x 3cm<\/div>\n<\/div>\n<p><strong>Incluye:<\/strong> Tarjeta de autenticidad, bolsa para el polvo, caja, recibo original<\/p>\n","protected":false},"excerpt":{"rendered":"<div class=\"flex-1 flex flex-col px-4 max-w-3xl mx-auto w-full pt-1\">\n<div data-test-render-count=\"1\">\n<div class=\"group\">\n<div class=\"contents\">\n<div class=\"group relative relative pb-3\" data-is-streaming=\"false\">\n<div class=\"font-claude-response relative leading-[1.65rem] [&amp;_pre&gt;div]:bg-bg-000\/50 [&amp;_pre&gt;div]:border-0.5 [&amp;_pre&gt;div]:border-border-400 [&amp;_.ignore-pre-bg&gt;div]:bg-transparent [&amp;_.standard-markdown_:is(p,blockquote,h1,h2,h3,h4,h5,h6)]:pl-2 [&amp;_.standard-markdown_:is(p,blockquote,ul,ol,h1,h2,h3,h4,h5,h6)]:pr-8 [&amp;_.progressive-markdown_:is(p,blockquote,h1,h2,h3,h4,h5,h6)]:pl-2 [&amp;_.progressive-markdown_:is(p,blockquote,ul,ol,h1,h2,h3,h4,h5,h6)]:pr-8\">\n<div>\n<div class=\"standard-markdown grid-cols-1 grid [&amp;_&gt;_*]:min-w-0 gap-3 standard-markdown\">\n<p class=\"font-claude-response-body break-words whitespace-normal leading-[1.7]\"><strong>Chanel Timeless Wallet Negro Cuero Caviar con Herrajes Dorados \u2013 Muy Buen Estado<\/strong><\/p>\n<p class=\"font-claude-response-body break-words whitespace-normal leading-[1.7]\">Esta Chanel Timeless Wallet en negro cl\u00e1sico est\u00e1 confeccionada en cuero caviar de alta calidad y rematada con elegantes herrajes en metal dorado. Utilizada \u00fanicamente en contadas ocasiones, se encuentra en muy buen estado con tan solo m\u00ednimas se\u00f1ales de uso cuidadoso. Se entrega con su funda antipolvo original de Chanel, tarjeta de autenticidad, recibo original y la ic\u00f3nica caja de Chanel \u2014 un set completo que refleja el mimo y la atenci\u00f3n con los que esta pieza ha sido conservada.<\/p>\n<p class=\"font-claude-response-body break-words whitespace-normal leading-[1.7]\">El cuero caviar es uno de los materiales m\u00e1s preciados del repertorio de Chanel, reconocido por su caracter\u00edstica textura granulada, su excepcional durabilidad y su notable resistencia al desgaste cotidiano. Es ampliamente considerado el cuero m\u00e1s longevo y f\u00e1cil de mantener que ofrece Chanel \u2014 la elecci\u00f3n preferida de las coleccionistas m\u00e1s exigentes que valoran por igual la belleza y la durabilidad.<\/p>\n<p class=\"font-claude-response-body break-words whitespace-normal leading-[1.7]\">En negro con herrajes dorados, esta wallet representa una de las combinaciones m\u00e1s atemporales y vers\u00e1tiles de Chanel \u2014 sofisticada sin esfuerzo, adecuada para cualquier ocasi\u00f3n e inmune al paso de las tendencias. El dise\u00f1o Timeless refleja el inquebrantable compromiso de Chanel con la elegancia y el lujo contenido. Como pieza cl\u00e1sica de Chanel en un set completo con todos los accesorios originales, esta wallet posee un gran atractivo tanto como compa\u00f1era del d\u00eda a d\u00eda como inversi\u00f3n de lujo con s\u00f3lido valor de reventa.<\/p>\n<\/div>\n<\/div>\n<\/div>\n<\/div>\n<\/div>\n<div class=\"flex justify-start\" role=\"group\" aria-label=\"Message actions\">\n<div class=\"text-text-300\">\n<div class=\"text-text-300 flex items-stretch justify-between\">\n<div class=\"w-fit\" data-state=\"closed\">\n<div class=\"relative text-text-500 group-hover\/btn:text-text-100\">\n<div class=\"transition-all opacity-100 scale-100\"><\/div>\n<div class=\"absolute top-0 left-0 transition-all opacity-0 scale-50\"><\/div>\n<\/div>\n<\/div>\n<div class=\"w-fit\" data-state=\"closed\">\n<div class=\"text-text-500 group-hover\/btn:text-text-100\"><\/div>\n<\/div>\n<\/div>\n<\/div>\n<\/div>\n<\/div>\n<\/div>\n<\/div>\n<div class=\"sticky bottom-0 mx-auto w-full pt-6 z-[5]\" data-chat-input-container=\"true\">\n<div>\n<fieldset class=\"flex w-full min-w-0 flex-col\">\n<div class=\"relative\">\n<div class=\"!box-content flex flex-col bg-bg-000 mx-2 md:mx-0 items-stretch transition-all duration-200 relative z-10 rounded-[20px] cursor-text relative z-[1] border border-transparent md:w-full shadow-[0_0.25rem_1.25rem_hsl(var(--always-black)\/3.5%),0_0_0_0.5px_hsla(var(--border-300)\/0.15)] hover:shadow-[0_0.25rem_1.25rem_hsl(var(--always-black)\/3.5%),0_0_0_0.5px_hsla(var(--border-200)\/0.3)] focus-within:shadow-[0_0.25rem_1.25rem_hsl(var(--always-black)\/7.5%),0_0_0_0.5px_hsla(var(--border-200)\/0.3)] hover:focus-within:shadow-[0_0.25rem_1.25rem_hsl(var(--always-black)\/7.5%),0_0_0_0.5px_hsla(var(--border-200)\/0.3)]\">\n<div class=\"flex flex-col m-3.5 gap-3\">\n<div class=\"relative\">\n<div class=\"w-full overflow-y-auto font-large break-words transition-opacity duration-200 max-h-96 min-h-[1.5rem] pl-[6px] pt-[6px]\">\n<div class=\"tiptap ProseMirror\" tabindex=\"0\" role=\"textbox\" contenteditable=\"true\" translate=\"no\" data-testid=\"chat-input\" aria-label=\"Schreiben Sie Ihre Anfrage an Claude\" aria-multiline=\"true\" aria-required=\"false\" aria-invalid=\"false\" aria-describedby=\"legacy-model-warning-text claude-code-nudge-body\"><\/div>\n<\/div>\n<\/div>\n<\/div>\n<\/div>\n<\/div>\n<\/fieldset>\n<\/div>\n<\/div>\n","protected":false},"featured_media":24829,"template":"","meta":[],"product_brand":[2418],"product_cat":[1822,1888],"product_tag":[2071],"class_list":{"0":"post-24962","1":"product","2":"type-product","3":"status-publish","4":"has-post-thumbnail","6":"product_brand-chanel-es","7":"product_cat-accesorio","8":"product_cat-maletin","9":"product_tag-cartera-chanel-negra","10":"pa_brand-chanel-es","11":"pa_chanel-models-otros-modelos","12":"pa_color-negro","13":"pa_grade-grado-1","14":"pa_material-cuero","16":"first","17":"instock","18":"shipping-taxable","19":"purchasable","20":"product-type-simple"},"_links":{"self":[{"href":"https:\/\/handbag-sense.com\/es\/wp-json\/wp\/v2\/product\/24962","targetHints":{"allow":["GET"]}}],"collection":[{"href":"https:\/\/handbag-sense.com\/es\/wp-json\/wp\/v2\/product"}],"about":[{"href":"https:\/\/handbag-sense.com\/es\/wp-json\/wp\/v2\/types\/product"}],"wp:featuredmedia":[{"embeddable":true,"href":"https:\/\/handbag-sense.com\/es\/wp-json\/wp\/v2\/media\/24829"}],"wp:attachment":[{"href":"https:\/\/handbag-sense.com\/es\/wp-json\/wp\/v2\/media?parent=24962"}],"wp:term":[{"taxonomy":"product_brand","embeddable":true,"href":"https:\/\/handbag-sense.com\/es\/wp-json\/wp\/v2\/product_brand?post=24962"},{"taxonomy":"product_cat","embeddable":true,"href":"https:\/\/handbag-sense.com\/es\/wp-json\/wp\/v2\/product_cat?post=24962"},{"taxonomy":"product_tag","embeddable":true,"href":"https:\/\/handbag-sense.com\/es\/wp-json\/wp\/v2\/product_tag?post=24962"}],"curies":[{"name":"wp","href":"https:\/\/api.w.org\/{rel}","templated":true}]}}