{"id":24835,"date":"2026-04-15T14:47:26","date_gmt":"2026-04-15T12:47:26","guid":{"rendered":"https:\/\/handbag-sense.com\/?post_type=product&#038;p=24835"},"modified":"2026-04-15T15:29:15","modified_gmt":"2026-04-15T13:29:15","slug":"hermes-birkin-25-gold-togo-2","status":"publish","type":"product","link":"https:\/\/handbag-sense.com\/es\/producto\/hermes-birkin-25-gold-togo-2\/","title":{"rendered":"Birkin 25 Gold Togo"},"content":{"rendered":"<div class=\"c-columns-m-1 c-columns-2 c-columns-gap-s\">\n<div><strong>Material:<\/strong> Cuero Togo<br \/>\n<strong>Color:<\/strong> Gold<br \/>\n<strong>Elementos met\u00e1licos:<\/strong> Herrajes Dorados<br \/>\n<strong>Material interior:<\/strong> Cuero<\/div>\n<div><strong>Grado: <\/strong> 1 <img decoding=\"async\" class=\"info_box alignnone size-medium wp-image-885\" title=\"Informaci\u00f3n\" role=\"img\" src=\"https:\/\/handbag-sense.com\/wp-content\/uploads\/2023\/05\/info_icon.svg\" alt=\"Cuadro de informaci\u00f3n\" width=\"15\" height=\"15\" \/><br \/>\n<strong>A\u00f1o de producci\u00f3n \/ Sello:<\/strong> 2026 \/ G<br \/>\n<strong>Tama\u00f1o:<\/strong> 25 x 20 x 13 cm<br \/>\n<strong>Env\u00edo: <\/strong>A todo el mundo<\/div>\n<\/div>\n<p><strong>Incluye:<\/strong> Recibo original, bolsa guardapolvo, clochette, cerradura, llaves, fieltro, caja<\/p>\n","protected":false},"excerpt":{"rendered":"<p data-start=\"3585\" data-end=\"3671\"><strong data-start=\"3585\" data-end=\"3669\">Herm\u00e8s Birkin 25 Gold en Cuero Togo con Herrajes Dorados \u2013 2026, Nueva<\/strong><\/p>\n<p data-start=\"3673\" data-end=\"4123\">Este <strong data-start=\"3678\" data-end=\"3696\">Birkin 25 Gold<\/strong> est\u00e1 elaborado en cuero Togo granulado en el ic\u00f3nico color Gold de Herm\u00e8s y acabado con herrajes dorados cl\u00e1sicos. Totalmente <strong data-start=\"3823\" data-end=\"3842\">nuevo y sin uso<\/strong>, lleva el <strong data-start=\"3853\" data-end=\"3871\">sello 2026 (G)<\/strong> y se entrega como un set completo que incluye el recibo original de Herm\u00e8s de 2026, clochette, candado con dos llaves, dust bag y la emblem\u00e1tica caja naranja de Herm\u00e8s.<\/p>\n<p data-start=\"4125\" data-end=\"4546\">Reconocido como uno de los bolsos m\u00e1s exclusivos del mundo, el Birkin 25 representa la perfecta combinaci\u00f3n de elegancia, artesan\u00eda y versatilidad moderna. El cuero Togo es valorado por su textura granulada, resistencia y capacidad de mantener su forma sin perder flexibilidad. El tono Gold, uno de los colores m\u00e1s emblem\u00e1ticos de Herm\u00e8s, junto con los herrajes dorados, crea una est\u00e9tica c\u00e1lida, sofisticada y atemporal.<\/p>\n<p data-start=\"4548\" data-end=\"4884\">Entre coleccionistas, el <strong data-start=\"4573\" data-end=\"4591\">Birkin 25 Togo Gold<\/strong> es un s\u00edmbolo de lujo discreto y exclusividad. Su formato compacto de 25 cm ofrece proporciones refinadas sin sacrificar funcionalidad, siendo ideal tanto para el d\u00eda como para ocasiones especiales. La meticulosa artesan\u00eda y los materiales de alta calidad reflejan la excelencia de la maison.<\/p>\n<p data-start=\"4886\" data-end=\"5179\">Gracias a su estado impecable y set completo, esta pieza destaca como una s\u00f3lida <strong data-start=\"4967\" data-end=\"4992\">luxury investment bag<\/strong> con gran valor a largo plazo. El <strong data-start=\"5026\" data-end=\"5051\">Herm\u00e8s Birkin 25 Gold<\/strong> sigue siendo una <strong data-start=\"5069\" data-end=\"5096\">rare collectible Herm\u00e8s<\/strong>, apreciada por su prestigio, elegancia y demanda constante en el mercado del lujo.<\/p>\n","protected":false},"featured_media":24856,"template":"","meta":[],"product_brand":[2433],"product_cat":[1813,1818,1838],"product_tag":[2645,1914],"class_list":{"0":"post-24835","1":"product","2":"type-product","3":"status-publish","4":"has-post-thumbnail","6":"product_brand-hermes-es","7":"product_cat-bolso","8":"product_cat-bolso-pequeno","9":"product_cat-bolso-de-noche","10":"product_tag-birkin-25-gold","11":"product_tag-hermes-birkin-25-es","12":"pa_brand-hermes-es","13":"pa_color-oro","14":"pa_grade-grado-1","15":"pa_hermes-models-birkin-es","16":"pa_material-cuero","18":"first","19":"instock","20":"shipping-taxable","21":"purchasable","22":"product-type-simple"},"_links":{"self":[{"href":"https:\/\/handbag-sense.com\/es\/wp-json\/wp\/v2\/product\/24835","targetHints":{"allow":["GET"]}}],"collection":[{"href":"https:\/\/handbag-sense.com\/es\/wp-json\/wp\/v2\/product"}],"about":[{"href":"https:\/\/handbag-sense.com\/es\/wp-json\/wp\/v2\/types\/product"}],"wp:featuredmedia":[{"embeddable":true,"href":"https:\/\/handbag-sense.com\/es\/wp-json\/wp\/v2\/media\/24856"}],"wp:attachment":[{"href":"https:\/\/handbag-sense.com\/es\/wp-json\/wp\/v2\/media?parent=24835"}],"wp:term":[{"taxonomy":"product_brand","embeddable":true,"href":"https:\/\/handbag-sense.com\/es\/wp-json\/wp\/v2\/product_brand?post=24835"},{"taxonomy":"product_cat","embeddable":true,"href":"https:\/\/handbag-sense.com\/es\/wp-json\/wp\/v2\/product_cat?post=24835"},{"taxonomy":"product_tag","embeddable":true,"href":"https:\/\/handbag-sense.com\/es\/wp-json\/wp\/v2\/product_tag?post=24835"}],"curies":[{"name":"wp","href":"https:\/\/api.w.org\/{rel}","templated":true}]}}