{"id":24779,"date":"2026-04-09T15:29:01","date_gmt":"2026-04-09T13:29:01","guid":{"rendered":"https:\/\/handbag-sense.com\/?post_type=product&#038;p=24779"},"modified":"2026-04-09T18:02:01","modified_gmt":"2026-04-09T16:02:01","slug":"hermes-picotin-lock-22-tressage-eps","status":"publish","type":"product","link":"https:\/\/handbag-sense.com\/es\/producto\/hermes-picotin-lock-22-tressage-eps\/","title":{"rendered":"Picotin Lock 22 Tressage Epsom Blue Brighton"},"content":{"rendered":"<div class=\"c-columns-m-1 c-columns-2 c-columns-gap-s\">\n<div><strong>Material:<\/strong> Cuero Epsom<br \/>\n<strong>Color:<\/strong> Brighton\/Capucine \/Saphir<br \/>\n<strong>Elementos met\u00e1licos:<\/strong> Herrajes de Paladio<br \/>\n<strong>Material interior:<\/strong> Cuero<\/div>\n<div><strong>Grado:<\/strong> 2<img decoding=\"async\" class=\"info_box alignnone size-medium wp-image-885\" title=\"Informaci\u00f3n\" role=\"img\" src=\"https:\/\/handbag-sense.com\/wp-content\/uploads\/2023\/05\/info_icon.svg\" alt=\"Cuadro de informaci\u00f3n\" width=\"15\" height=\"15\" \/><br \/>\n<strong>A\u00f1o de producci\u00f3n \/ Sello:<\/strong> 2018 \/ C<br \/>\n<strong>Tama\u00f1o:<\/strong> 22 x 21 x 17 cm<br \/>\n<strong>Env\u00edo:<\/strong> A todo el mundo<\/div>\n<\/div>\n<p><strong>Incluye:<\/strong> Recibo original, bolsa para el polvo, juego de llaves, caja<\/p>\n","protected":false},"excerpt":{"rendered":"<p data-start=\"3595\" data-end=\"3719\"><strong data-start=\"3595\" data-end=\"3717\">Herm\u00e8s Picotin Lock 22 Tressage Epsom Blue Brighton \/ Capucine \/ Blue Saphir con Herrajes de Paladio<\/strong><\/p>\n<p data-start=\"3721\" data-end=\"4122\">Este <strong data-start=\"3726\" data-end=\"3752\">Herm\u00e8s Picotin 22 Tressage<\/strong> est\u00e1 elaborado en cuero Epsom estructurado en el elegante tono Blue Brighton, con asas trenzadas (tressage) en Blue Brighton, Capucine y Blue Saphir. Completado con herrajes paladios, el bolso se encuentra sin uso y en estado nuevo. Incluye el recibo original de Herm\u00e8s de 2018, la dust bag y la ic\u00f3nica caja naranja.<\/p>\n<p data-start=\"4124\" data-end=\"4512\">El <strong data-start=\"4127\" data-end=\"4141\">Picotin 22 Tressage Epsom<\/strong>\u00a0representa una interpretaci\u00f3n refinada del lujo discreto, combinando tradici\u00f3n artesanal con dise\u00f1o minimalista. Inspirado en la forma de un cubo para alimento de caballos, este modelo refleja la herencia ecuestre de Herm\u00e8s mientras ofrece versatilidad moderna. El cuero Epsom proporciona estructura, ligereza y resistencia, manteniendo la forma del bolso con el tiempo.<\/p>\n<p data-start=\"4514\" data-end=\"4832\">Las asas trenzadas aportan un detalle distintivo y poco com\u00fan, elevando esta pieza por encima de los modelos cl\u00e1sicos. Su interior sin forro refuerza su car\u00e1cter relajado, mientras que las asas flexibles permiten llevarlo c\u00f3modamente en la mano o en el brazo. El cierre con candado a\u00f1ade un toque elegante y funcional.<\/p>\n","protected":false},"featured_media":24789,"template":"","meta":[],"product_brand":[2433],"product_cat":[1813,1815],"product_tag":[],"class_list":{"0":"post-24779","1":"product","2":"type-product","3":"status-publish","4":"has-post-thumbnail","6":"product_brand-hermes-es","7":"product_cat-bolso","8":"product_cat-comprador","9":"pa_brand-hermes-es","10":"pa_color-azul","11":"pa_grade-grado-2","12":"pa_hermes-models-picotin-es","13":"pa_material-cuero","15":"first","16":"instock","17":"sold-individually","18":"purchasable","19":"product-type-simple"},"_links":{"self":[{"href":"https:\/\/handbag-sense.com\/es\/wp-json\/wp\/v2\/product\/24779","targetHints":{"allow":["GET"]}}],"collection":[{"href":"https:\/\/handbag-sense.com\/es\/wp-json\/wp\/v2\/product"}],"about":[{"href":"https:\/\/handbag-sense.com\/es\/wp-json\/wp\/v2\/types\/product"}],"wp:featuredmedia":[{"embeddable":true,"href":"https:\/\/handbag-sense.com\/es\/wp-json\/wp\/v2\/media\/24789"}],"wp:attachment":[{"href":"https:\/\/handbag-sense.com\/es\/wp-json\/wp\/v2\/media?parent=24779"}],"wp:term":[{"taxonomy":"product_brand","embeddable":true,"href":"https:\/\/handbag-sense.com\/es\/wp-json\/wp\/v2\/product_brand?post=24779"},{"taxonomy":"product_cat","embeddable":true,"href":"https:\/\/handbag-sense.com\/es\/wp-json\/wp\/v2\/product_cat?post=24779"},{"taxonomy":"product_tag","embeddable":true,"href":"https:\/\/handbag-sense.com\/es\/wp-json\/wp\/v2\/product_tag?post=24779"}],"curies":[{"name":"wp","href":"https:\/\/api.w.org\/{rel}","templated":true}]}}